{"id":3159,"date":"2022-01-31T15:30:08","date_gmt":"2022-01-31T13:30:08","guid":{"rendered":"https:\/\/start.luma.fi\/en\/?page_id=3159"},"modified":"2022-02-09T12:45:55","modified_gmt":"2022-02-09T10:45:55","slug":"the-best-of-nord-start-2021","status":"publish","type":"page","link":"https:\/\/start.luma.fi\/en\/events\/nord-start-climate-change-competition\/the-best-of-nord-start-2021\/","title":{"rendered":"The best of Nord StarT 2021"},"content":{"rendered":"\n<h1 class=\"wp-block-heading\" id=\"the-best-of-nord-start-2021\">The best of Nord StarT 2021<\/h1>\n\n\n\n<p>Nord StarT climate change competition has two categories: <\/p>\n\n\n\n<ol class=\"wp-block-list\"><li>Projects made by teams of children and youth<\/li><li>Educational practices shared by teachers and educators<\/li><\/ol>\n\n\n\n<p>Here are listed the nominees of the Nord StarT 2021 competition in both categories. First, we share more information on the <a href=\"#best-projects\">inspiring project works<\/a> through videos and project diaries. Second, you can learn about the <a href=\"#best-practices\">educational practices<\/a> by watching a short video.  The winners of the competition were chosen from these nominees.<\/p>\n\n\n\n<h2 class=\"wp-block-heading\" id=\"best-projects\">Best projects<\/h2>\n\n\n\n<p>Check out the Nord StarT 2021 nominees listed below. You can get to know more about each project through project videos and learning diaries linked next to each project.<\/p>\n\n\n\n<h3 class=\"wp-block-heading\" id=\"bokashi-ja-biohiili-puutarhakasvatuksessa-bokashi-and-biocarbon-in-horticultural-farming\">Bokashi ja biohiili puutarhakasvatuksessa (Bokashi and biocarbon in horticultural&nbsp;farming)<\/h3>\n\n\n\n<p><em><strong>Name of the learning community:<\/strong><\/em>&nbsp;P\u00e4iv\u00e4koti piilomets\u00e4<em><br><strong>Category:<\/strong><\/em><strong>&nbsp;<\/strong>0 to 5-year-olds<em><br><strong>What subjects have been used in the project:&nbsp;<\/strong><\/em>gardening education, biology, chemistry<\/p>\n<p><a href=\"https:\/\/helsinkifi-my.sharepoint.com\/personal\/ohaatain_ad_helsinki_fi\/_layouts\/15\/onedrive.aspx?id=%2Fpersonal%2Fohaatain%5Fad%5Fhelsinki%5Ffi%2FDocuments%2FNORD%20START%2Fosallistujatiedot%2FDiary%2DPiilomets%C3%A4%2Epdf&amp;parent=%2Fpersonal%2Fohaatain%5Fad%5Fhelsinki%5Ffi%2FDocuments%2FNORD%20START%2Fosallistujatiedot\">Link to the project diary (in Finnish)<\/a><\/p>\n<p><a href=\"https:\/\/helsinkifi-my.sharepoint.com\/:w:\/g\/personal\/ohaatain_ad_helsinki_fi\/EUpGuDcPTIFJjcIUa1USzZcBf_qucgchatEa2GfUMDVCCw?e=6HxbxY&amp;CID=809c5d44-634b-cc99-dddc-5c25713685ca\">Link to the translated summary of the diary<\/a><\/p>\n<p><strong>Shortly: <\/strong>In this project the garden of the kindergarten was utilised to teach children about climate change and eco-deeds that children can participate with. The children were familiarized with the concept of bokashi by making their own bokashi container and using their own bokashi fluid to fertilize the garden in a climate friendly way. They also made their own biochar for the garden by burning fallen branches in a homemade biocharer.<\/p>\n\n\n\n<figure class=\"wp-block-embed is-type-video is-provider-youtube wp-block-embed-youtube wp-embed-aspect-16-9 wp-has-aspect-ratio\"><div class=\"wp-block-embed__wrapper\">\n<iframe loading=\"lazy\" title=\"P\u00e4iv\u00e4koti Piilomets\u00e4\" width=\"770\" height=\"433\" src=\"https:\/\/www.youtube.com\/embed\/1xlooCKebNs?feature=oembed\" frameborder=\"0\" allow=\"accelerometer; autoplay; clipboard-write; encrypted-media; gyroscope; picture-in-picture\" allowfullscreen><\/iframe>\n<\/div><\/figure>\n\n\n\n<p><\/p>\n\n\n\n<h3 class=\"wp-block-heading\" id=\"pienet-ja-ilmastonmuutos-small-and-climate-change\">Pienet ja ilmastonmuutos (Small and climate change)<\/h3>\n\n\n\n<p><em><strong>Name of the learning community:<\/strong><\/em> Vuoksenniskan koulukeskus<em><br><strong>Category:<\/strong><\/em><strong>&nbsp;<\/strong>13 to 15-year-olds<em><br><strong>What subjects have been used in the project:&nbsp;<\/strong><\/em>biology, chemistry, statistics, mathematics<\/p>\n<p><a href=\"https:\/\/docs.google.com\/presentation\/d\/1u3e8Y9D6TA9Wc77IGbSipwQP6cWbL3AmoRxfq1eSxgs\/edit#slide=id.p\">Link to the project diary<\/a><\/p>\n<p><strong>Shortly:&nbsp;<\/strong>In this project older students made a survey for younger students to see what kind of preconceptions they had about climate change. Based on the survey they planned a lesson and completed another survey to see what they had learned.<\/p>\n\n\n\n<figure class=\"wp-block-embed is-type-video is-provider-youtube wp-block-embed-youtube wp-embed-aspect-16-9 wp-has-aspect-ratio\"><div class=\"wp-block-embed__wrapper\">\n<iframe loading=\"lazy\" title=\"NordStarT project FULL   texts in english!\" width=\"770\" height=\"433\" src=\"https:\/\/www.youtube.com\/embed\/kmzOh-MtF08?feature=oembed\" frameborder=\"0\" allow=\"accelerometer; autoplay; clipboard-write; encrypted-media; gyroscope; picture-in-picture\" allowfullscreen><\/iframe>\n<\/div><\/figure>\n\n\n\n\n\n<h3 class=\"wp-block-heading\" id=\"myrkyt-luonnossa-toxins-in-nature\">Myrkyt luonnossa (Toxins in nature)<\/h3>\n\n\n\n<p><em><strong>Name of the learning community:<\/strong><\/em> Rajam\u00e4en lukio<em><br><strong>Category:<\/strong><\/em><strong>&nbsp;<\/strong>16 to 18-year-olds<em><br><strong>What subjects have been used in the project:&nbsp;<\/strong><\/em>chemistry, biology<\/p>\n<p>Link to the project diary<\/p>\n<p><a href=\"https:\/\/helsinkifi-my.sharepoint.com\/:w:\/g\/personal\/ohaatain_ad_helsinki_fi\/Efa1Jat2LrVJjkFdc74huzoBic98RxdH2vv2EzTiRV1T5w?e=zVHeVP&amp;CID=c94bd7b8-d07a-13f2-dbcb-ca397dddc19c\">Translated summary of the diary<\/a><\/p>\n<p><strong>Shortly: <\/strong>The purpose of the project was to grow shoots from corn grains and look at how the toxins r in bodies of water affect the growth of plants. As a part of the project, students synthesized and extracted different toxins to mix into the soil which they used to grow plants.&nbsp; For comparison, they grew a control plant in toxin-free soil.<\/p>\n\n\n\n<figure class=\"wp-block-embed is-type-video is-provider-youtube wp-block-embed-youtube wp-embed-aspect-16-9 wp-has-aspect-ratio\"><div class=\"wp-block-embed__wrapper\">\n<iframe loading=\"lazy\" title=\"Myrkyt luonnossa (Toxins in nature)\" width=\"770\" height=\"433\" src=\"https:\/\/www.youtube.com\/embed\/5Y2EdPBlBBQ?feature=oembed\" frameborder=\"0\" allow=\"accelerometer; autoplay; clipboard-write; encrypted-media; gyroscope; picture-in-picture\" allowfullscreen><\/iframe>\n<\/div><\/figure>\n\n\n\n\n\n<h3 class=\"wp-block-heading\" id=\"youth-race-to-zero-climate-action\">Youth Race-To-Zero Climate Action<\/h3>\n\n\n\n<p><em><strong>Name of the learning community:<\/strong><\/em> FIN-CHI Innovation and Education Association&nbsp;<em><br><strong>Category:<\/strong><\/em><strong>&nbsp;<\/strong>16 to 18-year-olds<em><br><strong>What subjects have been used in the project:<\/strong><\/em><\/p>\n<p><a href=\"https:\/\/drive.google.com\/file\/d\/1e2hP3PBcUZanGpawPFsLrqmBCfSzGoP9\/view?usp=sharing\">Link to the project diary<\/a><\/p>\n<p><strong>Shortly: <\/strong>The team project is about climate change actions for zero carbon emissions. Race To Zero is a global campaign to rally leadership and support from businesses, cities, regions, investors for a healthy, resilient, zero-carbon recovery that prevents future threats, creates decent jobs, and unlocks inclusive, sustainable growth.<\/p>\n\n\n\n<figure class=\"wp-block-embed is-type-video is-provider-youtube wp-block-embed-youtube wp-embed-aspect-16-9 wp-has-aspect-ratio\"><div class=\"wp-block-embed__wrapper\">\n<iframe loading=\"lazy\" title=\"Youth Race-To-Zero Climate Action Project\" width=\"770\" height=\"433\" src=\"https:\/\/www.youtube.com\/embed\/0G34UvK9pwE?feature=oembed\" frameborder=\"0\" allow=\"accelerometer; autoplay; clipboard-write; encrypted-media; gyroscope; picture-in-picture\" allowfullscreen><\/iframe>\n<\/div><\/figure>\n\n\n\n\n\n<h2 class=\"wp-block-heading\" id=\"best-practices\">Best educational practices<\/h2>\n\n\n\n<h3 class=\"wp-block-heading\" id=\"sdg-global-connection-point-finland\">SDG-Global connection point (Finland)<\/h3>\n\n\n\n<p><em><strong>Name of the learning community<\/strong>: <\/em>FCIEA\uff08FIN-CHI Innovation and Education Association&nbsp;<em><br><\/em><\/p>\n\n\n\n<figure class=\"wp-block-embed is-type-video is-provider-youtube wp-block-embed-youtube wp-embed-aspect-16-9 wp-has-aspect-ratio\"><div class=\"wp-block-embed__wrapper\">\n<iframe loading=\"lazy\" title=\"SDG-Global connection point\" width=\"770\" height=\"433\" src=\"https:\/\/www.youtube.com\/embed\/nF8SOVJE6Ng?feature=oembed\" frameborder=\"0\" allow=\"accelerometer; autoplay; clipboard-write; encrypted-media; gyroscope; picture-in-picture\" allowfullscreen><\/iframe>\n<\/div><\/figure>\n\n\n\n<h3 class=\"wp-block-heading\" id=\"sustainable-poetry-sweden\">Sustainable Poetry (Sweden)<\/h3>\n\n\n\n<p><em><strong>Name of the learning community<\/strong>: <strong>Sustainable Poetry&nbsp;<\/strong><br><\/em><\/p>\n\n\n\n<p><a href=\"https:\/\/sustainablepoetry.se\/anmal-medskapande-2\/\">Link to webpage<\/a><\/p>\n\n\n\n<figure class=\"wp-block-embed is-type-video is-provider-youtube wp-block-embed-youtube wp-embed-aspect-16-9 wp-has-aspect-ratio\"><div class=\"wp-block-embed__wrapper\">\n<iframe loading=\"lazy\" title=\"Demokratisoppa i J\u00f6nk\u00f6ping - Ordkonst och Sustainable Poetry\" width=\"770\" height=\"433\" src=\"https:\/\/www.youtube.com\/embed\/LT3d9mXFpdM?feature=oembed\" frameborder=\"0\" allow=\"accelerometer; autoplay; clipboard-write; encrypted-media; gyroscope; picture-in-picture\" allowfullscreen><\/iframe>\n<\/div><\/figure>\n","protected":false},"excerpt":{"rendered":"<p>The best of Nord StarT 2021 Nord StarT climate change competition has two [&hellip;]<\/p>\n","protected":false},"author":1,"featured_media":2989,"parent":2846,"menu_order":0,"comment_status":"closed","ping_status":"closed","template":"","meta":{"footnotes":""},"class_list":["post-3159","page","type-page","status-publish","has-post-thumbnail","hentry"],"_links":{"self":[{"href":"https:\/\/start.luma.fi\/en\/wp-json\/wp\/v2\/pages\/3159","targetHints":{"allow":["GET"]}}],"collection":[{"href":"https:\/\/start.luma.fi\/en\/wp-json\/wp\/v2\/pages"}],"about":[{"href":"https:\/\/start.luma.fi\/en\/wp-json\/wp\/v2\/types\/page"}],"author":[{"embeddable":true,"href":"https:\/\/start.luma.fi\/en\/wp-json\/wp\/v2\/users\/1"}],"replies":[{"embeddable":true,"href":"https:\/\/start.luma.fi\/en\/wp-json\/wp\/v2\/comments?post=3159"}],"version-history":[{"count":14,"href":"https:\/\/start.luma.fi\/en\/wp-json\/wp\/v2\/pages\/3159\/revisions"}],"predecessor-version":[{"id":3197,"href":"https:\/\/start.luma.fi\/en\/wp-json\/wp\/v2\/pages\/3159\/revisions\/3197"}],"up":[{"embeddable":true,"href":"https:\/\/start.luma.fi\/en\/wp-json\/wp\/v2\/pages\/2846"}],"wp:featuredmedia":[{"embeddable":true,"href":"https:\/\/start.luma.fi\/en\/wp-json\/wp\/v2\/media\/2989"}],"wp:attachment":[{"href":"https:\/\/start.luma.fi\/en\/wp-json\/wp\/v2\/media?parent=3159"}],"curies":[{"name":"wp","href":"https:\/\/api.w.org\/{rel}","templated":true}]}}