{"id":14,"date":"2020-06-09T14:43:55","date_gmt":"2020-06-09T11:43:55","guid":{"rendered":"https:\/\/start.luma.fi\/materiaalipankki\/?page_id=14"},"modified":"2022-06-30T17:13:48","modified_gmt":"2022-06-30T14:13:48","slug":"lapset","status":"publish","type":"page","link":"https:\/\/start.luma.fi\/materiaalipankki\/lapset\/","title":{"rendered":"Lapset"},"content":{"rendered":"\n<h2 class=\"wp-block-heading\"><strong>StarT varhaiskasvatuksessa<\/strong><\/h2>\n\n\n<div class=\"wp-block-image\">\n<figure class=\"alignright\"><a href=\"https:\/\/start.luma.fi\/wp-content\/uploads\/2017\/11\/varhaiskasvatus.jpg\"><img decoding=\"async\" src=\"https:\/\/start.luma.fi\/wp-content\/uploads\/2017\/11\/varhaiskasvatus.jpg\" alt=\"\" class=\"wp-image-1647\"\/><\/a><\/figure><\/div>\n\n\n<p>StarTissa halutaan kannustaa p\u00e4iv\u00e4koteja, perhep\u00e4iv\u00e4hoitoyksik\u00f6it\u00e4 ja muita varhaiskasvatuksen piiriss\u00e4 toimivia yhteis\u00f6j\u00e4 toteuttamaan lasten ik\u00e4tasolle sopivaa projektioppimista. Projektioppimisen kautta lapset p\u00e4\u00e4sev\u00e4t tutustumaan heit\u00e4 kiinnostaviin ilmi\u00f6ihin itse tehden ja tutkien. Projektioppimisessa lasten kysymykset ja ihmetyksen kohteet toimivat l\u00e4ht\u00f6kohtana toiminnalle. Lapset my\u00f6s saavat itse olla aktiivisesti viem\u00e4ss\u00e4 toimintaa heit\u00e4 kiinnostavaan suuntaan.<\/p>\n\n\n\n<p>Pienten lasten projektioppimisessa leikill\u00e4 on t\u00e4rke\u00e4 rooli: tarinat, sadut ja roolileikit ovat lapselle hyvin soveltuva keino oppia. StarTissa teht\u00e4v\u00e4 projekti on oppimisseikkailu my\u00f6s p\u00e4iv\u00e4hoitoyksik\u00f6iden henkil\u00f6kunnalle. Kaikki oppivat yhdess\u00e4, kun toiminnasta nousee uusia kysymyksi\u00e4 ja n\u00e4k\u00f6kulmia.<\/p>\n\n\n\n<p>Vanhemmat ovat hyv\u00e4 voimavara valjastaa lasten projektien tueksi. Onko jollakulla vanhemmalla ehk\u00e4 tietoja tai taitoja, jotka auttaisivat eteenp\u00e4in? Tai ehk\u00e4 vanhemman ty\u00f6paikalle p\u00e4\u00e4see vierailulle?<\/p>\n\n\n\n<p>Projekti voi olla esimerkiksi viikon mittainen lumiprojekti, jossa lumen ominaisuuksia tutkitaan, mietit\u00e4\u00e4n, miten lumi vaikuttaa Suomessa el\u00e4miseen tai tehd\u00e4\u00e4n lumiaiheisia taideteoksia. Se voisi olla my\u00f6s pidempi projekti, jossa lasten havaitsemaan haasteeseen kehitet\u00e4\u00e4n yhdess\u00e4 ratkaisu tai luodaan n\u00e4ytelm\u00e4 mets\u00e4retkest\u00e4, jossa lapset saavat olla mukana k\u00e4sikirjoittamisessa ja lavastuksen teossa.<\/p>\n\n\n\n<h4 class=\"wp-block-heading\" id=\"matematiikka\">Matematiikka<\/h4>\n\n\n\n<p>Miten herneenversojen kasvunopeutta voisi tutkia tai mit\u00e4 tarkoitetaan tukkimiehen kirjanpidolla? Muun muassa n\u00e4ihin kysymyksiin p\u00e4\u00e4st\u00e4\u00e4n selvitt\u00e4m\u00e4\u00e4n vastauksia t\u00e4m\u00e4n osion materiaalien avulla.<\/p>\n\n\n\n<p>Pienten lasten kanssa arjen matematiikkaan tutustutaan hauskojen ja liikunnallisten projektien ja teht\u00e4vien avulla. Karttaprojektin yhteydess\u00e4 voidaan j\u00e4rjest\u00e4\u00e4 vaikka j\u00e4nnitt\u00e4v\u00e4 aarrejahti!<\/p>\n\n\n\n<ul class=\"wp-block-list\"><li><a href=\"https:\/\/start.luma.fi\/wp-content\/uploads\/2017\/06\/Herneiden-kasvunopeus.pdf\">Kev\u00e4\u00e4n ihmeet: herneiden huima kasvuvauhti<\/a> (YouTube)<br>Jippo-tiedekerhon jaksossa tutkitaan herneiden kasvunopeutta ja esitet\u00e4\u00e4n tutkimustulokset pilleist\u00e4 muodostuvan kuvaajan avulla.<\/li><\/ul>\n\n\n\n<ul class=\"wp-block-list\"><li><a href=\"https:\/\/start.luma.fi\/wp-content\/uploads\/2017\/06\/Karttaprojekti.pdf\">Karttaprojekti<\/a> (PDF)<br>Karttaprojektissa harjoitellaan mm. mittasuhteita, v\u00e4rej\u00e4 ja muotoja sek\u00e4 tutustutaan yksinkertaisiin karttoihin.<\/li><li><a href=\"https:\/\/start.luma.fi\/wp-content\/uploads\/2017\/06\/Lukuja-liikkuen_-mit%C3%A4-miss%C3%A4-milloin_.pdf\">Lukuja liikkuen: mit\u00e4, miss\u00e4, milloin<\/a> (ohjautuu toiselle verkkosivulle)<br>Ty\u00f6ss\u00e4 tutustutaan vuorokaudenaikoihin ja niihin liittyviin toimiin.<\/li><li><a href=\"https:\/\/www.hyvinkaa.fi\/kasvatus-ja-koulutus\/muut-koulutukset\/matematiikkaaluonnossa\/materiaalit\/\">Matematiikkaa ulkona luonnossa<\/a> (ohjautuu toiselle verkkosivulle)<br>Matematiikkaa ulkona luonnossa hankkeen materiaaleja opetusk\u00e4ytt\u00f6\u00f6n.<\/li><li><a href=\"https:\/\/start.luma.fi\/wp-content\/uploads\/2017\/06\/Tukkimiehen-kirjanpito.pdf\">Tukkimiehen kirjanpito<\/a> (PDF)<br>Helposti liikuntaan integroitava matemaattinen teht\u00e4v\u00e4, jossa harjoitellaan lukum\u00e4\u00e4r\u00e4n k\u00e4sitett\u00e4, kymppipareja, kertotaulua ja tukkimiehen kirjanpitoa<\/li><\/ul>\n\n\n\n<p>Tutustu <a href=\"https:\/\/start.luma.fi\/materiaalipankki\/teemat\/matematiikkaa-ymparillamme\/\">matematiikkaa ymp\u00e4rill\u00e4mme -teeman materiaaleihin<\/a>.<\/p>\n\n\n\n<h4 class=\"wp-block-heading\" id=\"luonto\">Luonto ja ymp\u00e4rist\u00f6<\/h4>\n\n\n\n<p>Miten kasvit juovat ja mik\u00e4 vaikuttaa niiden kasvamiseen? Ent\u00e4 miten tulivuoret syntyv\u00e4t ja miksi ne v\u00e4lill\u00e4 purkautuvat? Muun muassa n\u00e4ihin kysymyksiin vastaukset selvi\u00e4v\u00e4t t\u00e4m\u00e4n osion materiaalien avulla. Tehk\u00e4\u00e4 oma purkautuva tulivuori tai ihmetelk\u00e4\u00e4 kasvien el\u00e4m\u00e4\u00e4 omien kylv\u00f6jen avulla!<\/p>\n\n\n\n<ul class=\"wp-block-list\"><li><a href=\"https:\/\/start.luma.fi\/wp-content\/uploads\/2017\/06\/Elollinenvaieloton.pdf\">Elollinen vai eloton?<\/a> (PDF)<\/li><li><a href=\"https:\/\/opinkirjo.fi\/materiaalit\/ihmettele-ja-oivalla-tehtavia-tiedekerhoille\/\">Ihmettele ja oivalla -tiedekerhoteht\u00e4vi\u00e4<\/a> (ohjautuu toiselle verkkosivulle)<\/li><li><a href=\"https:\/\/start.luma.fi\/wp-content\/uploads\/2017\/06\/Kasvien-kasvupyr%C3%A4hdyksi%C3%A4.pdf\">Kasvien kasvupyr\u00e4hdyksi\u00e4<\/a> (PDF)<\/li><li><a href=\"https:\/\/www.hyvinkaa.fi\/kasvatus-ja-koulutus\/muut-koulutukset\/matematiikkaaluonnossa\/materiaalit\/\">Matematiikkaa ulkona luonnossa<\/a> (ohjautuu toiselle verkkosivulle)<\/li><li><a href=\"https:\/\/start.luma.fi\/wp-content\/uploads\/2017\/06\/Tulivuorenpurkaus.pdf\">Tulivuorenpurkaus!<\/a> (PDF)<\/li><li><a href=\"https:\/\/www.helsinki.fi\/fi\/tiedekasvatus\/opettajille-ja-opetuksen-tueksi\/opintokaynnit-ja-lainattavat-tarvikkeet\/kemianluokka-gadolin\/kemianluokka-gadolinin-tyoohjeiden-materiaalipankki#section-27113\">Kemianluokka Gadolinin sivuilta<\/a> aihepiiriin sopii esimerkiksi \u00d6ljyonnettomuus-ty\u00f6ohje<\/li><\/ul>\n\n\n\n<p>Tutustu<a href=\"https:\/\/start.luma.fi\/materiaalipankki\/teemat\/luonto-ja-ymparisto\/luonto-ja-ymparisto-teeman-projektit\/\"> <\/a><a href=\"https:\/\/start.luma.fi\/materiaalipankki\/teemat\/luonto-ja-ymparisto\/\">luonto ja ymp\u00e4rist\u00f6 -teeman materiaaleihin<\/a>.<\/p>\n\n\n\n<p>Poimi inspiraatiota my\u00f6s <a href=\"https:\/\/start.luma.fi\/materiaalipankki\/teemat\/kestava-kehitys\/\">kest\u00e4v\u00e4 kehitys -teemasivumme materiaaleista<\/a>.<\/p>\n\n\n\n<h4 class=\"wp-block-heading\" id=\"hyvinvointi\">Hyvinvointi ja terveys<\/h4>\n\n\n\n<p>Lapsena opitut tavat ja tottumukset s\u00e4ilyv\u00e4t yleens\u00e4 pitk\u00e4lle, joten terveelliseen ruokavalioon ja monipuoliseen liikuntaan opettaminen on kuin iso, pitk\u00e4aikainen sijoitus lasten hyvinvointiin. Miten hyvinvointia voisi sitten tutkia pienten lasten ja esikoululaisten kanssa? L\u00e4htek\u00e4\u00e4 vaikka retkelle luontoon, tarkastelkaa aisteja, ruoansulatusta tai tutkikaa erilaisten juomien vaikutusta hammaskiilteeseen. Vai kiinnostaisiko ryhm\u00e4\u00e4si enemm\u00e4n veden ominaisuuksien tutkiminen?<\/p>\n\n\n\n<p>T\u00e4ss\u00e4 muutamia valmiita materiaaleja p\u00e4iv\u00e4koti- ja esikouluik\u00e4isille hyvinvointi -teemaan liittyen:<\/p>\n\n\n\n<ul class=\"wp-block-list\"><li><a href=\"https:\/\/start.luma.fi\/wp-content\/uploads\/2020\/11\/Veden-tutkimista-paivakodissa_.pdf\">Tutkimuksia vedest\u00e4<\/a><\/li><\/ul>\n\n\n\n<div class=\"wp-block-file\"><a id=\"wp-block-file--media-ec924e5a-3751-4818-b891-e81c83409874\" href=\"https:\/\/start.luma.fi\/materiaalipankki\/files\/2022\/06\/Hammaspeikon-juhlapaiva_-mista-juomasta-hammaspeikko-tykkaa_-1.pdf\">Mist\u00e4 hammaspeikko tykk\u00e4\u00e4? (PDF)<\/a><a href=\"https:\/\/start.luma.fi\/materiaalipankki\/files\/2022\/06\/Hammaspeikon-juhlapaiva_-mista-juomasta-hammaspeikko-tykkaa_-1.pdf\" class=\"wp-block-file__button\" download aria-describedby=\"wp-block-file--media-ec924e5a-3751-4818-b891-e81c83409874\">Lataa<\/a><\/div>\n\n\n\n<div class=\"wp-block-file\"><a id=\"wp-block-file--media-96f2c358-08df-423f-bd6c-016affbe970d\" href=\"https:\/\/start.luma.fi\/materiaalipankki\/files\/2022\/06\/Missa-kasvit-kasvavat-parhaiten_.pdf\">Miss\u00e4 kasvit kasvavat parhaiten? (PDF)<\/a><a href=\"https:\/\/start.luma.fi\/materiaalipankki\/files\/2022\/06\/Missa-kasvit-kasvavat-parhaiten_.pdf\" class=\"wp-block-file__button\" download aria-describedby=\"wp-block-file--media-96f2c358-08df-423f-bd6c-016affbe970d\">Lataa<\/a><\/div>\n\n\n\n<div class=\"wp-block-file\"><a id=\"wp-block-file--media-d3608aba-59db-4780-8cc5-0616aac689a9\" href=\"https:\/\/start.luma.fi\/materiaalipankki\/files\/2022\/06\/Mita-ruualle-tapahtuu-kehossa_-1.pdf\">Mit\u00e4 ruualle tapahtuu kehossa? (PDF)<\/a><a href=\"https:\/\/start.luma.fi\/materiaalipankki\/files\/2022\/06\/Mita-ruualle-tapahtuu-kehossa_-1.pdf\" class=\"wp-block-file__button\" download aria-describedby=\"wp-block-file--media-d3608aba-59db-4780-8cc5-0616aac689a9\">Lataa<\/a><\/div>\n\n\n\n<p>Tutustu <a href=\"https:\/\/start.luma.fi\/materiaalipankki\/teemat\/hyvinvointi-ja-terveys\/\">Hyvinvointi ja terveys -teeman materiaaleihin<\/a>.<\/p>\n\n\n\n<h4 class=\"wp-block-heading\" id=\"teknologia\">Teknologia<\/h4>\n\n\n\n<p>Mit\u00e4 tehd\u00e4, jos tekisi mieli keksi\u00e4 jotain, mutta kaikki mahdollinen tuntuu jo olevan keksitty? Ent\u00e4 miten saadaan itse tehty raketti tai lentokone lent\u00e4m\u00e4\u00e4n ja vene kellumaan? T\u00e4m\u00e4n teeman teht\u00e4vien avulla saadaan vastauksia n\u00e4ihin kysymyksiin. Samalla lapset p\u00e4\u00e4sev\u00e4t rakentamaan erilaisia liikkuvia aluksia.<\/p>\n\n\n\n<ul class=\"wp-block-list\"><li><a href=\"https:\/\/www.youtube.com\/watch?v=4761qZK4QTc\">Superlennokki<\/a> (YouTube)<\/li><li><a href=\"https:\/\/start.luma.fi\/wp-content\/uploads\/2017\/06\/Veneenrakentaja.pdf\">Veneenrakentaja<\/a> (PDF)<\/li><\/ul>\n\n\n\n<p>Tutustu <a href=\"https:\/\/start.luma.fi\/materiaalipankki\/teemat\/teknologia-ymparillamme\/\">Teknologia ymp\u00e4rill\u00e4mme -teeman materiaaleihin<\/a>.<\/p>\n\n\n\n<h4 class=\"wp-block-heading\" id=\"tahdet\">T\u00e4hdet ja Avaruus<\/h4>\n\n\n\n<p>Miten vuodenajat syntyv\u00e4t? Onko kuu-ukko juustoa, kun se n\u00e4ytt\u00e4\u00e4 reik\u00e4iselt\u00e4? Tai miten saadaan rakennettua lent\u00e4v\u00e4 avaruusraketti? N\u00e4it\u00e4 kysymyksi\u00e4 p\u00e4\u00e4st\u00e4\u00e4n tutkimaan t\u00e4m\u00e4n osion materiaalien avulla. Mukana on muun muassa askartelua ja kokeellisia t\u00f6it\u00e4 avaruuden ilmi\u00f6ist\u00e4, sek\u00e4 tietenkin ohjeet oman kaukoputken rakentamiseen!<\/p>\n\n\n\n<ul class=\"wp-block-list\"><li><a href=\"https:\/\/start.luma.fi\/wp-content\/uploads\/2017\/06\/Avaruusraketti.pdf\">Avaruusraketti<\/a><\/li><li>Kehitt\u00e4miskeskus Opinkirjon <a href=\"https:\/\/opinkirjo.fi\/toiminta\/tiedekasvatus-ja-opetus-2\/tutkitaan-ilmioita\/havaintoja-avaruudesta\/\">Tiedekerhomateriaalia avaruudesta<\/a> (ohjautuu toiselle verkkosivulle)<\/li><\/ul>\n\n\n\n<p>Tutustu <a href=\"https:\/\/start.luma.fi\/materiaalipankki\/teemat\/tahdet-ja-avaruus\/\">T\u00e4hdet ja avaruus -teeman materiaaleihin<\/a>.<\/p>\n","protected":false},"excerpt":{"rendered":"<p>StarT varhaiskasvatuksessa StarTissa halutaan kannustaa p\u00e4iv\u00e4koteja, perhep\u00e4iv\u00e4hoitoyksik\u00f6it\u00e4 ja muita varhaiskasvatuksen piiriss\u00e4 toimivia yhteis\u00f6j\u00e4 toteuttamaan lasten ik\u00e4tasolle sopivaa projektioppimista. Projektioppimisen kautta lapset p\u00e4\u00e4sev\u00e4t tutustumaan heit\u00e4 kiinnostaviin ilmi\u00f6ihin itse tehden ja tutkien. Projektioppimisessa lasten kysymykset ja ihmetyksen kohteet toimivat l\u00e4ht\u00f6kohtana toiminnalle. Lapset my\u00f6s saavat itse olla aktiivisesti viem\u00e4ss\u00e4 toimintaa heit\u00e4 kiinnostavaan suuntaan. Pienten lasten projektioppimisessa leikill\u00e4 on [&hellip;]<\/p>\n","protected":false},"author":2,"featured_media":0,"parent":0,"menu_order":0,"comment_status":"closed","ping_status":"closed","template":"","meta":{"footnotes":""},"class_list":["post-14","page","type-page","status-publish","hentry"],"_links":{"self":[{"href":"https:\/\/start.luma.fi\/materiaalipankki\/wp-json\/wp\/v2\/pages\/14","targetHints":{"allow":["GET"]}}],"collection":[{"href":"https:\/\/start.luma.fi\/materiaalipankki\/wp-json\/wp\/v2\/pages"}],"about":[{"href":"https:\/\/start.luma.fi\/materiaalipankki\/wp-json\/wp\/v2\/types\/page"}],"author":[{"embeddable":true,"href":"https:\/\/start.luma.fi\/materiaalipankki\/wp-json\/wp\/v2\/users\/2"}],"replies":[{"embeddable":true,"href":"https:\/\/start.luma.fi\/materiaalipankki\/wp-json\/wp\/v2\/comments?post=14"}],"version-history":[{"count":27,"href":"https:\/\/start.luma.fi\/materiaalipankki\/wp-json\/wp\/v2\/pages\/14\/revisions"}],"predecessor-version":[{"id":791,"href":"https:\/\/start.luma.fi\/materiaalipankki\/wp-json\/wp\/v2\/pages\/14\/revisions\/791"}],"wp:attachment":[{"href":"https:\/\/start.luma.fi\/materiaalipankki\/wp-json\/wp\/v2\/media?parent=14"}],"curies":[{"name":"wp","href":"https:\/\/api.w.org\/{rel}","templated":true}]}}