{"id":16,"date":"2020-06-09T14:43:56","date_gmt":"2020-06-09T11:43:56","guid":{"rendered":"https:\/\/start.luma.fi\/materiaalipankki\/?page_id=16"},"modified":"2022-08-09T10:04:04","modified_gmt":"2022-08-09T07:04:04","slug":"ylakoulu","status":"publish","type":"page","link":"https:\/\/start.luma.fi\/materiaalipankki\/ylakoulu\/","title":{"rendered":"Yl\u00e4koulu"},"content":{"rendered":"\n<h2 class=\"wp-block-heading\"><strong>StarT perusopetuksessa<\/strong><\/h2>\n\n\n<div class=\"wp-block-image\">\n<figure class=\"alignright\"><a href=\"https:\/\/start.luma.fi\/wp-content\/uploads\/2017\/11\/luokka.jpg\"><img decoding=\"async\" src=\"https:\/\/start.luma.fi\/wp-content\/uploads\/2017\/11\/luokka.jpg\" alt=\"\" class=\"wp-image-1642\"\/><\/a><\/figure><\/div>\n\n\n<p>Uudet opetussuunnitelmien perusteet korostavat oppimisen yhteis\u00f6llisyytt\u00e4 sek\u00e4 yhteisty\u00f6t\u00e4 niin koulun sis\u00e4ll\u00e4 kuin muiden koulujen ja l\u00e4hitoimijoiden kanssa. Lis\u00e4ksi painotetaan monitieteisyytt\u00e4, eheytt\u00e4vi\u00e4 oppimiskokonaisuuksia sek\u00e4 ilmi\u00f6l\u00e4ht\u00f6isyytt\u00e4.<\/p>\n\n\n\n<p>StarT tukee juurikin uusien opetussuunnitelmien mukaisia tavoitteita. Se ei ole lis\u00e4velvoite opettajan ty\u00f6h\u00f6n, vaan tukimuoto, jossa opettajille tarjotaan materiaaleja ja ideoita toteuttaa yhteis\u00f6llist\u00e4 ja monitieteist\u00e4 oppimista. StarTin kautta koulujen hyv\u00e4t k\u00e4yt\u00e4nteet levi\u00e4v\u00e4t ja kaikki voivat oppia toisiltaan.<\/p>\n\n\n\n<p>Lis\u00e4ksi StarTissa lasten ja nuorten projektit\u00f6iss\u00e4 syntyneet luomukset saavat ansaitsemaansa laajempaa huomiota, jolloin sitoutuminen projektit\u00f6ihin on voimakkaampaa.<\/p>\n\n\n\n<p>StarTin projektit\u00f6iss\u00e4 toivotaan my\u00f6s muiden oppiaineiden yhdist\u00e4mist\u00e4 luonnontieteisiin matematiikkaan ja teknologiaan. Voisiko Sinun koulussasi projektina olla esimerkiksi uuden herkullisen, mutta terveellisen annoksen kehitt\u00e4minen koulunruokalaan, jolloin projektissa yhteisty\u00f6t\u00e4 voisivat tehd\u00e4 esimerkiksi kotitalous, terveystieto ja kemia. Tai ehk\u00e4 pienen vesivoimalan rakentaminen l\u00e4heiseen puroon, jolloin mm. fysiikka, matematiikka ja k\u00e4sity\u00f6t kohtaavat.<\/p>\n\n\n\n<h4 class=\"wp-block-heading\" id=\"matematiikka\">Matematiikka<\/h4>\n\n\n\n<p>Tehk\u00e4\u00e4 tilastotutkimuksia oppilaita kiinnostavista aiheista O365-ymp\u00e4rist\u00f6ss\u00e4 tai toteuttakaa esimerkiksi liikunnallinen matematiikkaprojekti. Ehk\u00e4 oppilaat innostuvat vaikkapa geometriaan yhdistyv\u00e4st\u00e4 pintaremonttiprojektista!<\/p>\n\n\n\n<ul class=\"wp-block-list\"><li><a href=\"https:\/\/start.luma.fi\/wp-content\/uploads\/2020\/11\/7.-luokkalaiset-opettavat-murtolukuja-alakoululaisille__.pdf\">7.-luokkalaiset opettavat murtolukuja alakoululaisille<\/a><\/li><li><a href=\"https:\/\/start.luma.fi\/wp-content\/uploads\/2020\/11\/Avaruuskappaleet-tutuiksi___.pdf\">Avaruuskappaleet tutuiksi<\/a><\/li><li><a href=\"https:\/\/start.luma.fi\/wp-content\/uploads\/2017\/06\/Biomatematiikkaa.pdf\">Biomatematiikkaa<\/a><\/li><li><a href=\"https:\/\/start.luma.fi\/wp-content\/uploads\/2017\/06\/Elintarvikematematiikkaa.pdf\">Elintarvikematematiikkaa<\/a><\/li><li><a href=\"https:\/\/start.luma.fi\/wp-content\/uploads\/2017\/06\/Ensimm%C3%A4isen-numeron-laki.pdf\">Ensimm\u00e4isen numeron laki<\/a><\/li><li><a href=\"https:\/\/start.luma.fi\/wp-content\/uploads\/2020\/11\/Graafit__.pdf\">Graafit \u2013 mit\u00e4 ne ovat?<\/a><\/li><li><a href=\"https:\/\/start.luma.fi\/wp-content\/uploads\/2017\/06\/Jalkapallon-geometriaa-1.pdf\">Jalkapallon geometriaa<\/a><\/li><li><a href=\"https:\/\/start.luma.fi\/wp-content\/uploads\/2020\/11\/Juoksun-ja-pituushypyn-matemaattinen-mallintaminen_.pdf\">Juoksun ja pituushypyn matemaattinen mallintaminen<\/a><\/li><li><a href=\"https:\/\/start.luma.fi\/wp-content\/uploads\/2017\/06\/Korkeusmittauksia.pdf\">Korkeusmittauksia<\/a><\/li><li><a href=\"https:\/\/start.luma.fi\/wp-content\/uploads\/2017\/06\/Liikunnallisia-projekteja.pdf\">Liikunnallisia projekteja<\/a><\/li><li><a href=\"https:\/\/start.luma.fi\/wp-content\/uploads\/2020\/11\/Luonnon-arkkitehti_.pdf\">Luonnon arkkitehti<\/a><\/li><li><a href=\"https:\/\/start.luma.fi\/wp-content\/uploads\/2017\/06\/Luonnonkoodi-1.pdf\">Luonnonkoodi-tiedekerhomateriaalia<\/a><\/li><li><a href=\"https:\/\/start.luma.fi\/wp-content\/uploads\/2017\/06\/L%C3%A4%C3%A4ketieteellinen-kuvantaminen.pdf\">L\u00e4\u00e4ketieteellinen kuvantaminen<\/a><\/li><li><a href=\"https:\/\/start.luma.fi\/wp-content\/uploads\/2017\/06\/MM%E2%80%99s-matikkaa.pdf\">MM\u2019s matikkaa<\/a><\/li><li><a href=\"https:\/\/start.luma.fi\/wp-content\/uploads\/2017\/06\/Maapallon-ymp%C3%A4rysmitta.pdf\">Maapallon ymp\u00e4rysmitta<\/a><\/li><li><a href=\"https:\/\/start.luma.fi\/wp-content\/uploads\/2020\/11\/Matikkavaellus_.pdf\">Matikkavaellus<\/a><\/li><li><a href=\"https:\/\/start.luma.fi\/wp-content\/uploads\/2017\/06\/Mets%C3%A4nviljely.pdf\">Mets\u00e4nviljely<\/a><\/li><li><a href=\"https:\/\/start.luma.fi\/wp-content\/uploads\/2017\/06\/Musiikin-matematiikkaa.pdf\">Musiikin matematiikkaa<\/a><\/li><li><a href=\"https:\/\/start.luma.fi\/wp-content\/uploads\/2018\/02\/M%C3%B6biuksen-nauha.pdf\">M\u00f6biuksen nauha<\/a><\/li><li><a href=\"https:\/\/start.luma.fi\/wp-content\/uploads\/2020\/11\/Ohjelmoinnillinen-ajattelu_.pdf\">Ohjelmoinnillinen ajattelu<\/a><\/li><li><a href=\"https:\/\/start.luma.fi\/wp-content\/uploads\/2017\/06\/Opitaan-mittaamaan.pdf\">Opitaan mittaamaan!<\/a><\/li><li><a href=\"https:\/\/start.luma.fi\/wp-content\/uploads\/2020\/11\/Pehmopapereiden-matematiikkaa_.pdf\">Pehmopapereiden matematiikkaa<\/a><\/li><li><a href=\"https:\/\/start.luma.fi\/wp-content\/uploads\/2020\/11\/Pienta-pintaremonttia_.pdf\">Pient\u00e4 pintaremonttia<\/a><\/li><li><a href=\"https:\/\/start.luma.fi\/wp-content\/uploads\/2020\/11\/Prosenttilaskuja-osakeseurannan-avulla_.pdf\">Prosenttilaskuja osakeseurannan avulla<\/a><\/li><li><a href=\"https:\/\/start.luma.fi\/wp-content\/uploads\/2020\/11\/Ravintoarvot_-1.pdf\">Ravintoarvot<\/a><\/li><li><a href=\"https:\/\/start.luma.fi\/wp-content\/uploads\/2020\/11\/Rikosten-matematiikkaa_.pdf\">Rikosten matematiikkaa<\/a><\/li><li><a href=\"https:\/\/start.luma.fi\/wp-content\/uploads\/2017\/06\/Salakirjoituksia-1.pdf\">Salakirjoituksia<\/a><\/li><li><a href=\"https:\/\/start.luma.fi\/wp-content\/uploads\/2020\/11\/Tarjousten-prosenttilaskentaa_.pdf\">Tarjousten prosenttilaskentaa<\/a><\/li><li><a href=\"https:\/\/start.luma.fi\/wp-content\/uploads\/2020\/11\/Tilastotutkimus-O365-ymparistossa_.pdf\">Tilastotutkimus O365-ymp\u00e4rist\u00f6ss\u00e4<\/a><\/li><li><a href=\"https:\/\/start.luma.fi\/wp-content\/uploads\/2017\/06\/Tuotesuunnittelijat.pdf\">Tuotesuunnittelijat<\/a><\/li><li><a href=\"https:\/\/start.luma.fi\/wp-content\/uploads\/2017\/06\/Tutkimuksia-pinta-alasta-ja-tilavuudesta-1.pdf\">Tutkimuksia pinta-alasta ja tilavuudesta<\/a><\/li><li><a href=\"https:\/\/start.luma.fi\/wp-content\/uploads\/2020\/11\/Taydellinen-mehupurkki._.pdf\">T\u00e4ydellinen mehupurkki<\/a><\/li><li><a href=\"https:\/\/start.luma.fi\/wp-content\/uploads\/2017\/06\/Virtuaalinen-matematiikkakerho.pdf\">Virtuaalinen matematiikkakerho<\/a><\/li><\/ul>\n\n\n\n<p>Tutustu <a href=\"https:\/\/start.luma.fi\/materiaalipankki\/teemat\/matematiikkaa-ymparillamme\/\">matematiikkaa ymp\u00e4rill\u00e4mme -teeman materiaaleihin<\/a>.<\/p>\n\n\n\n<p>Muista my\u00f6s <a href=\"https:\/\/start.luma.fi\/materiaalipankki\/teemat\/tilastot-ja-tieto\/\">Tilastot ja tieto -teeman materiaalit<\/a>!<\/p>\n\n\n\n<h4 class=\"wp-block-heading\" id=\"luonto\">Luonto ja ymp\u00e4rist\u00f6<\/h4>\n\n\n\n<p>Mit\u00e4 on harmaavesi ja miten se vaikuttaa kasvien kasvuun? Selvitt\u00e4k\u00e4\u00e4 t\u00e4m\u00e4n osion materiaalien avulla. Ehk\u00e4 toteutatte monialaisen saunaprojektin tai projektity\u00f6n veden kiertokulkuun liittyen!<\/p>\n\n\n\n<ul class=\"wp-block-list\"><li><a href=\"https:\/\/start.luma.fi\/wp-content\/uploads\/2017\/06\/Ekologinen-jalanj%C3%A4lki.pdf\">Ekologinen jalanj\u00e4lki<\/a><\/li><li><a href=\"https:\/\/start.luma.fi\/wp-content\/uploads\/2017\/06\/Elintarvikev%C3%A4rien-erottelu-pylv%C3%A4skromatografialla.pdf\">Elintarvikev\u00e4rien erottelu pylv\u00e4skromatografialla<\/a><\/li><li><a href=\"https:\/\/start.luma.fi\/wp-content\/uploads\/2017\/06\/Harmaaveden-vaikutus-kasveihin.pdf\">Harmaaveden vaikutus kasveihin<\/a><\/li><li><a href=\"https:\/\/start.luma.fi\/wp-content\/uploads\/2017\/06\/Ihmettele-ja-oivalla-tiedekerhoteht%C3%A4vi%C3%A4.pdf\">Ihmettele ja oivalla -tiedekerhoteht\u00e4vi\u00e4<\/a><\/li><li><a href=\"https:\/\/start.luma.fi\/wp-content\/uploads\/2017\/06\/Kasvien-v%C3%A4riaineiden-erotus-ja-tunnistus-ohutlevykerroskromatografian-avulla.pdf\">Kasvien v\u00e4riaineiden erottelu ohutlevykromatografisesti<\/a><\/li><li><a href=\"https:\/\/www2.helsinki.fi\/sites\/default\/files\/atoms\/files\/kasvihuoneongelma_oppilas.pdf\">Kasvihuoneongelma<\/a><\/li><li><a href=\"https:\/\/start.luma.fi\/wp-content\/uploads\/2020\/11\/Luovasti-luonnonvaroista_.pdf\">Luovasti luonnonvaroista<\/a><\/li><li><a href=\"https:\/\/start.luma.fi\/wp-content\/uploads\/2017\/06\/Mit%C3%A4-metallissa_.pdf\">Mit\u00e4 metallissa<\/a><\/li><li><a href=\"https:\/\/start.luma.fi\/wp-content\/uploads\/2020\/11\/Mustikkatrio_.pdf\">Mustikkatrio<\/a><\/li><li><a href=\"https:\/\/start.luma.fi\/wp-content\/uploads\/2017\/06\/Puun-kuivatislaus.pdf\">Puun kuivatislaus<\/a><\/li><li><a href=\"https:\/\/start.luma.fi\/wp-content\/uploads\/2017\/06\/Puun-l%C3%A4mp%C3%B6arvon-m%C3%A4%C3%A4ritys.pdf\">Puun l\u00e4mp\u00f6arvon m\u00e4\u00e4ritys<\/a><\/li><li><a href=\"https:\/\/start.luma.fi\/wp-content\/uploads\/2017\/06\/Saunaprojekti-monialaisena-oppimiskokonaisuutena.pdf\">Saunaprojekti monialaisena oppimiskokonaisuutena<\/a><\/li><li><a href=\"https:\/\/start.luma.fi\/wp-content\/uploads\/2018\/07\/selviytyj%C3%A4t.pdf\">Selviytyj\u00e4t<\/a><\/li><li><a href=\"https:\/\/start.luma.fi\/wp-content\/uploads\/2017\/06\/Tutkimusretkelle-mets%C3%A4%C3%A4n.pdf\">Tutkimusretkelle mets\u00e4\u00e4n<\/a><\/li><li><a href=\"https:\/\/start.luma.fi\/wp-content\/uploads\/2017\/06\/Veden-kiertokulku-pilvist%C3%A4-pohjavedeksi.pdf\">Veden kiertokulku \u2013 pilvist\u00e4 pohjavedeksi<\/a><\/li><li><a href=\"https:\/\/start.luma.fi\/wp-content\/uploads\/2017\/06\/Veden-kiertokulku-projektity%C3%B6.pdf\">Veden kiertokulku, projektity\u00f6<\/a><\/li><li><a href=\"https:\/\/start.luma.fi\/wp-content\/uploads\/2020\/11\/Veden-mallinnusharjoitus-EDUMOLilla_.pdf\">Veden mallinnusharjoitus EDUMOLilla<\/a><\/li><\/ul>\n\n\n\n<p>Tutustu<a href=\"https:\/\/start.luma.fi\/materiaalipankki\/teemat\/luonto-ja-ymparisto\/luonto-ja-ymparisto-teeman-projektit\/\"> <\/a><a href=\"https:\/\/start.luma.fi\/materiaalipankki\/teemat\/luonto-ja-ymparisto\/\">Luonto ja ymp\u00e4rist\u00f6 -teeman materiaaleihin<\/a>.<\/p>\n\n\n\n<p>Muista my\u00f6s<a href=\"https:\/\/start.luma.fi\/materiaalipankki\/teemat\/kestava-kehitys\/\"> Kest\u00e4v\u00e4 kehitys -teeman materiaalit!<\/a><\/p>\n\n\n\n<h4 class=\"wp-block-heading\" id=\"koti\">Koti, kulttuuri ja kansainv\u00e4lisyys<\/h4>\n\n\n\n<ul class=\"wp-block-list\"><li><a href=\"https:\/\/start.luma.fi\/wp-content\/uploads\/2017\/06\/Saippuan-valmistaminen.pdf\">Saippuan valmistaminen<\/a><\/li><li><a href=\"https:\/\/start.luma.fi\/wp-content\/uploads\/2017\/06\/Saunaprojekti-monialaisena-oppimiskokonaisuutena.pdf\">Saunaprojekti monialaisena oppimiskokonaisuutena<\/a><\/li><li><a href=\"https:\/\/start.luma.fi\/wp-content\/uploads\/2017\/06\/Tervanpoltto-1.pdf\">Tervanpoltto<\/a><\/li><\/ul>\n\n\n\n<p>Tutustu<a href=\"https:\/\/start.luma.fi\/materiaalipankki\/teemat\/koti-kulttuuri-ja-kansainvalisyys\/\"> Koti, kulttuuri ja kansainv\u00e4lisyys -teeman materiaaleihin<\/a>.<\/p>\n\n\n\n<h4 class=\"wp-block-heading\" id=\"teknologia\">Teknologia<\/h4>\n\n\n\n<p>Yl\u00e4koululaiset k\u00e4ytt\u00e4v\u00e4t runsaasti teknologiaa ja projekti-ideavaihtoehtoja on useita. T\u00e4ss\u00e4 on kuvattuna ideoita esimerkiksi ter\u00e4ksen, puettavien \u00e4lyvaatteiden ja ytimien tutkimiseen. Mukana on my\u00f6s Action trak -pelisovellus, jolla voit tehd\u00e4 vaikka oman tutkimusradan!<\/p>\n\n\n\n<ul class=\"wp-block-list\"><li><a href=\"https:\/\/start.luma.fi\/wp-content\/uploads\/2017\/06\/Luonto-taskussa-Action-track-peli.pdf\">Luonto taskussa \u2013 Action track peli<\/a><\/li><li><a href=\"https:\/\/start.luma.fi\/wp-content\/uploads\/2017\/06\/MyTech-sivusto.pdf\">MyTech -sivusto<\/a><\/li><li><a href=\"https:\/\/start.luma.fi\/wp-content\/uploads\/2017\/06\/Puettavateknologia.pdf\">Puettava teknologia<\/a><\/li><li><a href=\"https:\/\/start.luma.fi\/wp-content\/uploads\/2017\/06\/Teknologiaa-tiedekerhossa.pdf\">Teknologiaa tiedekerhossa<\/a><\/li><li><a href=\"https:\/\/start.luma.fi\/wp-content\/uploads\/2018\/07\/valoa.pdf\">Valoa!<\/a><\/li><li><a href=\"https:\/\/start.luma.fi\/wp-content\/uploads\/2017\/06\/Ydinasiaa.pdf\">Ydinasiaa<\/a><\/li><\/ul>\n\n\n\n<p>Tutustu <a href=\"https:\/\/start.luma.fi\/materiaalipankki\/teemat\/teknologia-ymparillamme\/\">Teknologia ymp\u00e4rill\u00e4mme -teeman materiaaleihin<\/a>.<\/p>\n\n\n\n<h4 class=\"wp-block-heading\" id=\"tahdet\">T\u00e4hdet ja avaruus<\/h4>\n\n\n\n<p>Jos aurinko olisi jumppapallon kokoinen, niin mink\u00e4 kokoinen olisi maa tai jaksaisitko silloin k\u00e4vell\u00e4 Plutolle asti? L\u00e4htek\u00e4\u00e4 tutkimaan avaruuden laajenemista avaruusliman avulla tai voitte my\u00f6s seurata ajankohtaisimpia uutisia ja tapahtumia, sek\u00e4 raportoida omista tutkimuksistanne Ursan-sivuilla.<\/p>\n\n\n\n<ul class=\"wp-block-list\"><li><a href=\"https:\/\/start.luma.fi\/wp-content\/uploads\/2020\/11\/Aurinkokunnan-mittasuhteet_.pdf\">Aurinkokunnan mittasuhteet<\/a><\/li><li><a href=\"https:\/\/start.luma.fi\/wp-content\/uploads\/2017\/06\/Avaruuslima.pdf\">Avaruuslima<\/a><\/li><li><a href=\"https:\/\/start.luma.fi\/wp-content\/uploads\/2017\/06\/Tiedekerhomateriaalia-avaruudesta-1.pdf\">Tiedekerhomateriaalia avaruudesta<\/a><\/li><li><a href=\"https:\/\/www.ursa.fi\/etusivu.html\">T\u00e4htitieteellinen yhdistys Ursa -sivusto<\/a><\/li><\/ul>\n\n\n\n<p>Tutustu <a href=\"https:\/\/start.luma.fi\/materiaalipankki\/teemat\/tahdet-ja-avaruus\/\">T\u00e4hdet ja avaruus -teeman materiaaleihin<\/a>.<\/p>\n\n\n\n<h4 class=\"wp-block-heading\" id=\"hyvinvointi\">Hyvinvointi ja terveys<\/h4>\n\n\n\n<p>Yl\u00e4koululaisille suunnatusta materiaalista l\u00f6ytyy ideoita ja projekteja niin terveyden, liikunnan kuin ravinnon tutkimiseen. Sopisiko kurssillesi projekti veden puhdistamisesta tai jogurtin bakteereista? Kiinnostaisiko oppilaitasi suunnitella tietokoneella terveellinen ateria tai tutustua suklaan kemiaan?<\/p>\n\n\n\n<p>T\u00e4ss\u00e4 muutamia valmiita materiaaleja yl\u00e4koululaisille hyvinvointi -teemaan liittyen:<\/p>\n\n\n\n<ul class=\"wp-block-list\"><li><a href=\"https:\/\/start.luma.fi\/wp-content\/uploads\/2017\/06\/C-vitamiinipitoisuuden-m%C3%A4%C3%A4ritt%C3%A4minen-hedelm%C3%A4mehusta.pdf\">C-vitamiinipitoisuuden m\u00e4\u00e4ritt\u00e4minen hedelm\u00e4mehusta<\/a><\/li><li><a href=\"https:\/\/fineli.fi\/fineli\/fi\/index\">Fineli \u2013 Elintarvikkeiden kansallinen koostumustietopankki<\/a><\/li><li><a href=\"https:\/\/start.luma.fi\/wp-content\/uploads\/2020\/11\/Ihmisen_ominaisuuksien_mittaaminen_.pdf\">Ihmisen ominaisuuksien mittaaminen<\/a><\/li><li><a href=\"https:\/\/start.luma.fi\/wp-content\/uploads\/2017\/06\/Jogurtinbakteerit.pdf\">Jogurtin bakteerit<\/a><\/li><li><a href=\"https:\/\/start.luma.fi\/wp-content\/uploads\/2017\/06\/Keuhkojentilavuudenmittaaminen.pdf\">Keuhkojen tilavuuden mittaaminen<\/a><\/li><li><a href=\"https:\/\/start.luma.fi\/wp-content\/uploads\/2017\/06\/Lupakokata.pdf\">Lupa kokata<\/a><\/li><li><a href=\"https:\/\/start.luma.fi\/wp-content\/uploads\/2017\/06\/Maailmalautasella-ruokaopas.pdf\">Maailma lautasella -ruokaopas<\/a><\/li><li><a href=\"https:\/\/start.luma.fi\/wp-content\/uploads\/2017\/11\/Miksi-ja-miten-j%C3%A4tevett%C3%A4-puhdistetaan.pdf\">Miksi ja miten j\u00e4tevett\u00e4 puhdistetaan?<\/a><\/li><li><a href=\"https:\/\/start.luma.fi\/wp-content\/uploads\/2017\/06\/Miten-syd%C3%A4men-syke-muuttuu-liikunnan-aikana_.pdf\">Miten syd\u00e4men syke muuttuu liikunnan aikana?<\/a><\/li><li><a href=\"https:\/\/start.luma.fi\/wp-content\/uploads\/2017\/06\/Opasaistienruokamaailmaan.pdf\">Opas aistien ruokamaailmaan<\/a><\/li><li><a href=\"https:\/\/start.luma.fi\/wp-content\/uploads\/2017\/06\/Ruokakasvatus.pdf\">Ruokakasvatus<\/a><\/li><li><a href=\"https:\/\/start.luma.fi\/wp-content\/uploads\/2017\/06\/SuklaanABC.pdf\">Suklaan ABC<\/a><\/li><li><a href=\"https:\/\/start.luma.fi\/wp-content\/uploads\/2017\/06\/Tutkimuksiakoripallosta.pdf\">Tutkimuksia koripallosta<\/a><\/li><li><a href=\"https:\/\/start.luma.fi\/wp-content\/uploads\/2017\/06\/Vesiopas-toiminnallisia-teht%C3%A4vi%C3%A4-opetukseen.pdf\">Vesiopas \u2013 toiminnallisia teht\u00e4vi\u00e4 opetukseen<\/a><\/li><\/ul>\n\n\n\n<p>Tutustu <a href=\"https:\/\/start.luma.fi\/materiaalipankki\/teemat\/hyvinvointi-ja-terveys\/\">Hyvinvointi ja terveys -teeman materiaaleihin<\/a>.<\/p>\n","protected":false},"excerpt":{"rendered":"<p>StarT perusopetuksessa Uudet opetussuunnitelmien perusteet korostavat oppimisen yhteis\u00f6llisyytt\u00e4 sek\u00e4 yhteisty\u00f6t\u00e4 niin koulun sis\u00e4ll\u00e4 kuin muiden koulujen ja l\u00e4hitoimijoiden kanssa. Lis\u00e4ksi painotetaan monitieteisyytt\u00e4, eheytt\u00e4vi\u00e4 oppimiskokonaisuuksia sek\u00e4 ilmi\u00f6l\u00e4ht\u00f6isyytt\u00e4. StarT tukee juurikin uusien opetussuunnitelmien mukaisia tavoitteita. Se ei ole lis\u00e4velvoite opettajan ty\u00f6h\u00f6n, vaan tukimuoto, jossa opettajille tarjotaan materiaaleja ja ideoita toteuttaa yhteis\u00f6llist\u00e4 ja monitieteist\u00e4 oppimista. StarTin kautta koulujen [&hellip;]<\/p>\n","protected":false},"author":2,"featured_media":0,"parent":0,"menu_order":0,"comment_status":"closed","ping_status":"closed","template":"","meta":{"footnotes":""},"class_list":["post-16","page","type-page","status-publish","hentry"],"_links":{"self":[{"href":"https:\/\/start.luma.fi\/materiaalipankki\/wp-json\/wp\/v2\/pages\/16","targetHints":{"allow":["GET"]}}],"collection":[{"href":"https:\/\/start.luma.fi\/materiaalipankki\/wp-json\/wp\/v2\/pages"}],"about":[{"href":"https:\/\/start.luma.fi\/materiaalipankki\/wp-json\/wp\/v2\/types\/page"}],"author":[{"embeddable":true,"href":"https:\/\/start.luma.fi\/materiaalipankki\/wp-json\/wp\/v2\/users\/2"}],"replies":[{"embeddable":true,"href":"https:\/\/start.luma.fi\/materiaalipankki\/wp-json\/wp\/v2\/comments?post=16"}],"version-history":[{"count":24,"href":"https:\/\/start.luma.fi\/materiaalipankki\/wp-json\/wp\/v2\/pages\/16\/revisions"}],"predecessor-version":[{"id":803,"href":"https:\/\/start.luma.fi\/materiaalipankki\/wp-json\/wp\/v2\/pages\/16\/revisions\/803"}],"wp:attachment":[{"href":"https:\/\/start.luma.fi\/materiaalipankki\/wp-json\/wp\/v2\/media?parent=16"}],"curies":[{"name":"wp","href":"https:\/\/api.w.org\/{rel}","templated":true}]}}