{"id":18,"date":"2020-06-09T14:43:56","date_gmt":"2020-06-09T11:43:56","guid":{"rendered":"https:\/\/start.luma.fi\/materiaalipankki\/?page_id=18"},"modified":"2022-06-30T15:42:18","modified_gmt":"2022-06-30T12:42:18","slug":"teemat","status":"publish","type":"page","link":"https:\/\/start.luma.fi\/materiaalipankki\/teemat\/","title":{"rendered":"Teemat"},"content":{"rendered":"\n<p>Projektioppiminen painottaa ratkaisun kehitt\u00e4mist\u00e4 k\u00e4yt\u00e4nn\u00f6st\u00e4 nouseviin haasteisiin tai olemassa oleviin ongelmiin yhteisty\u00f6ss\u00e4 muiden toimijoiden kanssa. StarTissa tiimit toteuttavat monipuolisia projektit\u00f6it\u00e4 ja niiden toteuttamisesta voit lukea lis\u00e4\u00e4 <a href=\"https:\/\/start.luma.fi\/start-ohjelma\/start-projekti\/\">t\u00e4\u00e4lt\u00e4<\/a>. <\/p>\n\n\n\n<p>Materiaalipankin teemat on jaoteltu t\u00e4m\u00e4n StarT-ohjelman teemojen mukaisesti, huomioiden my\u00f6s yhteisty\u00f6kumppaniemme erityisteemat.  <\/p>\n\n\n\n<figure class=\"wp-block-pullquote\"><blockquote><p><a href=\"https:\/\/start.luma.fi\/materiaalipankki\/teemat\/kestava-kehitys\/\"><strong>Kest\u00e4v\u00e4 kehitys<\/strong>\u00a0<\/a><br>Mm. ilmastonmuutos, kiertotalous<\/p><p><strong><a href=\"https:\/\/start.luma.fi\/materiaalipankki\/teemat\/matematiikkaa-ymparillamme\/\">Matematiikkaa ymp\u00e4rill\u00e4mme<\/a>\u00a0<\/strong><br>Mm. taide, talous ja tilastot<\/p><p><strong><a href=\"https:\/\/start.luma.fi\/materiaalipankki\/teemat\/teknologia-ymparillamme\/\">Teknologia ymp\u00e4rill\u00e4mme<\/a><\/strong><br>Mm. teko\u00e4ly ja robotiikka<\/p><p><strong><a href=\"https:\/\/start.luma.fi\/materiaalipankki\/teemat\/minun-lumani\/\">Minun LUMAni<\/a><\/strong><br>Vapaavalintainen teema, joka linkittyy LUMA-aineisiin mm. monialaiset ilmi\u00f6t ja\u00a0<a href=\"https:\/\/start.luma.fi\/materiaalipankki\/teemat\/tahdet-ja-avaruus\/\">t\u00e4htitiede<\/a><\/p><p><strong><a href=\"https:\/\/start.luma.fi\/materiaalipankki\/teemat\/hyvinvointi-ja-terveys\/\">Hyvinvointi ja terveys<\/a><\/strong><br>Terveyden ja hyvinvoinnin eri osa-alueisiin liittyv\u00e4t aiheet<\/p><p><strong><a href=\"https:\/\/start.luma.fi\/materiaalipankki\/teemat\/koti-kulttuuri-ja-kansainvalisyys\/\">Koti, kulttuuri ja kansainv\u00e4lisyys<\/a><\/strong><br>Miten maailma on syntynyt eri kansojen ja kulttuurien mukaan?<\/p><p><strong><a href=\"https:\/\/start.luma.fi\/materiaalipankki\/teemat\/tahdet-ja-avaruus\/\">T\u00e4hdet ja avaruus<\/a><\/strong><br>Oman kotiplaneettamme ominaisuuksista maailmankaikkeuden laidalle<\/p><p><strong><a href=\"https:\/\/start.luma.fi\/materiaalipankki\/teemat\/luonto-ja-ymparisto\/\">Luonto ja ymp\u00e4rist\u00f6<\/a><\/strong><br>Mm. ymp\u00e4rist\u00f6nsuojelu ja luonnon havainnointi<\/p><p><strong><a href=\"https:\/\/start.luma.fi\/materiaalipankki\/teemat\/tilastot-ja-tieto\/\">Totuuden j\u00e4ljill\u00e4: tilastot ja tieto<\/a><\/strong><br>Stop mutuilulle! Tilastot tuottavat tietoa.<\/p><\/blockquote><\/figure>\n","protected":false},"excerpt":{"rendered":"<p>Projektioppiminen painottaa ratkaisun kehitt\u00e4mist\u00e4 k\u00e4yt\u00e4nn\u00f6st\u00e4 nouseviin haasteisiin tai olemassa oleviin ongelmiin yhteisty\u00f6ss\u00e4 muiden toimijoiden kanssa. StarTissa tiimit toteuttavat monipuolisia projektit\u00f6it\u00e4 ja niiden toteuttamisesta voit lukea lis\u00e4\u00e4 t\u00e4\u00e4lt\u00e4. Materiaalipankin teemat on jaoteltu t\u00e4m\u00e4n StarT-ohjelman teemojen mukaisesti, huomioiden my\u00f6s yhteisty\u00f6kumppaniemme erityisteemat. Kest\u00e4v\u00e4 kehitys\u00a0Mm. ilmastonmuutos, kiertotalous Matematiikkaa ymp\u00e4rill\u00e4mme\u00a0Mm. taide, talous ja tilastot Teknologia ymp\u00e4rill\u00e4mmeMm. teko\u00e4ly ja robotiikka Minun [&hellip;]<\/p>\n","protected":false},"author":2,"featured_media":0,"parent":0,"menu_order":0,"comment_status":"closed","ping_status":"closed","template":"","meta":{"footnotes":""},"class_list":["post-18","page","type-page","status-publish","hentry"],"_links":{"self":[{"href":"https:\/\/start.luma.fi\/materiaalipankki\/wp-json\/wp\/v2\/pages\/18","targetHints":{"allow":["GET"]}}],"collection":[{"href":"https:\/\/start.luma.fi\/materiaalipankki\/wp-json\/wp\/v2\/pages"}],"about":[{"href":"https:\/\/start.luma.fi\/materiaalipankki\/wp-json\/wp\/v2\/types\/page"}],"author":[{"embeddable":true,"href":"https:\/\/start.luma.fi\/materiaalipankki\/wp-json\/wp\/v2\/users\/2"}],"replies":[{"embeddable":true,"href":"https:\/\/start.luma.fi\/materiaalipankki\/wp-json\/wp\/v2\/comments?post=18"}],"version-history":[{"count":5,"href":"https:\/\/start.luma.fi\/materiaalipankki\/wp-json\/wp\/v2\/pages\/18\/revisions"}],"predecessor-version":[{"id":775,"href":"https:\/\/start.luma.fi\/materiaalipankki\/wp-json\/wp\/v2\/pages\/18\/revisions\/775"}],"wp:attachment":[{"href":"https:\/\/start.luma.fi\/materiaalipankki\/wp-json\/wp\/v2\/media?parent=18"}],"curies":[{"name":"wp","href":"https:\/\/api.w.org\/{rel}","templated":true}]}}