{"id":30,"date":"2020-06-09T14:55:01","date_gmt":"2020-06-09T11:55:01","guid":{"rendered":"https:\/\/start.luma.fi\/materiaalipankki\/?page_id=30"},"modified":"2022-07-29T13:44:41","modified_gmt":"2022-07-29T10:44:41","slug":"etusivu","status":"publish","type":"page","link":"https:\/\/start.luma.fi\/materiaalipankki\/","title":{"rendered":"Materiaalipankki"},"content":{"rendered":"\n<div class=\"wp-block-getwid-section alignfull alignfull getwid-section-content-custom-width\"><div class=\"wp-block-getwid-section__wrapper\"><div class=\"wp-block-getwid-section__inner-wrapper\" style=\"max-width:1140px\"><div class=\"wp-block-getwid-section__background-holder\"><div class=\"wp-block-getwid-section__background\"><\/div><div class=\"wp-block-getwid-section__foreground\"><\/div><\/div><div class=\"wp-block-getwid-section__content\"><div class=\"wp-block-getwid-section__inner-content\">\n<h4 class=\"has-text-align-center wp-block-heading\" id=\"tervetuloa-startin-materiaalipankkiin\">Tervetuloa StarTin materiaalipankkiin!<\/h4>\n\n\n\n<p class=\"has-text-align-center\">T\u00e4\u00e4lt\u00e4 l\u00f6yd\u00e4t satoja vinkkej\u00e4 projektioppimisen toteuttamiseen luonnontieteiss\u00e4, matematiikassa sek\u00e4 teknologian opetuksessa. <a href=\"https:\/\/start.luma.fi\/\">StarT-projektioppimisohjelmaa<\/a> j\u00e4rjest\u00e4\u00e4 LUMA-keskus Suomi -verkosto yhteisty\u00f6tahoineen ja se on suunnattu oppimisyhteis\u00f6ille varhaiskasvatuksesta toiselle asteelle.<\/p>\n\n\n\n<p class=\"has-text-align-center\">Materiaalipankki sis\u00e4lt\u00e4\u00e4 mm. StarT-ohjelmaan osallistuneiden oppimisyhteis\u00f6jen jakamia projektit\u00f6it\u00e4 sek\u00e4 hyvi\u00e4 opetusk\u00e4yt\u00e4nteit\u00e4 teemojen mukaan jaoteltuna. Lis\u00e4ksi olemme kasanneet t\u00e4nne niin LUMA-keskus Suomen kuin yhteisty\u00f6kumppaneidemme jakamia ty\u00f6ohjeita, vinkkej\u00e4 ja linkkej\u00e4 eri koulutusasteille (lapset, alakoulu, yl\u00e4koulu ja toinen aste). <\/p>\n\n\n\n<div class=\"wp-block-getwid-advanced-spacer\" style=\"height:40px\" aria-hidden=\"true\"><\/div>\n\n\n\n<div class=\"wp-block-columns has-2-columns is-layout-flex wp-container-core-columns-is-layout-9d6595d7 wp-block-columns-is-layout-flex\">\n<div class=\"wp-block-column is-layout-flow wp-block-column-is-layout-flow\">\n<div class=\"wp-block-getwid-section\"><div class=\"wp-block-getwid-section__wrapper getwid-padding-top-none getwid-padding-bottom-none getwid-padding-left-none getwid-padding-right-small\"><div class=\"wp-block-getwid-section__inner-wrapper\"><div class=\"wp-block-getwid-section__background-holder\"><div class=\"wp-block-getwid-section__background has-background\" style=\"background-color:#fafafa\"><\/div><div class=\"wp-block-getwid-section__foreground\"><\/div><\/div><div class=\"wp-block-getwid-section__content\"><div class=\"wp-block-getwid-section__inner-content\">\n<div class=\"wp-block-getwid-image-box has-image-left has-text-left has-mobile-layout-column has-mobile-alignment-center\"><div class=\"wp-block-getwid-image-box__image-container is-position-top\"><div class=\"wp-block-getwid-image-box__image-wrapper\"><img loading=\"lazy\" decoding=\"async\" width=\"1811\" height=\"1811\" src=\"https:\/\/start.luma.fi\/materiaalipankki\/files\/2020\/09\/environmental-protection-sun-drawing-scaled-e1600079002253.jpg\" alt=\"\" class=\"wp-block-getwid-image-box__image wp-image-222\" srcset=\"https:\/\/start.luma.fi\/materiaalipankki\/files\/2020\/09\/environmental-protection-sun-drawing-scaled-e1600079002253.jpg 1811w, https:\/\/start.luma.fi\/materiaalipankki\/files\/2020\/09\/environmental-protection-sun-drawing-scaled-e1600079002253-300x300.jpg 300w, https:\/\/start.luma.fi\/materiaalipankki\/files\/2020\/09\/environmental-protection-sun-drawing-scaled-e1600079002253-1024x1024.jpg 1024w, https:\/\/start.luma.fi\/materiaalipankki\/files\/2020\/09\/environmental-protection-sun-drawing-scaled-e1600079002253-150x150.jpg 150w, https:\/\/start.luma.fi\/materiaalipankki\/files\/2020\/09\/environmental-protection-sun-drawing-scaled-e1600079002253-768x768.jpg 768w, https:\/\/start.luma.fi\/materiaalipankki\/files\/2020\/09\/environmental-protection-sun-drawing-scaled-e1600079002253-1536x1536.jpg 1536w, https:\/\/start.luma.fi\/materiaalipankki\/files\/2020\/09\/environmental-protection-sun-drawing-scaled-e1600079002253-1200x1200.jpg 1200w\" sizes=\"auto, (max-width: 1811px) 100vw, 1811px\" \/><\/div><\/div><div class=\"wp-block-getwid-image-box__content\">\n<div class=\"wp-block-getwid-advanced-heading has-custom-font-size\" style=\"font-size:38px;margin-bottom:10px\"><h3 class=\"wp-block-getwid-advanced-heading__content\"><a href=\"https:\/\/start.luma.fi\/materiaalipankki\/teemat\/kestava-kehitys\/\">Kest\u00e4v\u00e4 kehitys<\/a><\/h3><\/div>\n\n\n\n<p class=\"has-small-font-size\">Kest\u00e4v\u00e4\u00e4n kehitykseen liittyvi\u00e4 materiaaleja varhaiskasvatuksesta toiselle asteelle<\/p>\n<\/div><\/div>\n<\/div><\/div><\/div><\/div><\/div>\n<\/div>\n\n\n\n<div class=\"wp-block-column is-layout-flow wp-block-column-is-layout-flow\">\n<div class=\"wp-block-getwid-section\"><div class=\"wp-block-getwid-section__wrapper getwid-padding-top-none getwid-padding-bottom-none getwid-padding-left-none getwid-padding-right-small\"><div class=\"wp-block-getwid-section__inner-wrapper\"><div class=\"wp-block-getwid-section__background-holder\"><div class=\"wp-block-getwid-section__background has-background\" style=\"background-color:#fafafa\"><\/div><div class=\"wp-block-getwid-section__foreground\"><\/div><\/div><div class=\"wp-block-getwid-section__content\"><div class=\"wp-block-getwid-section__inner-content\">\n<div class=\"wp-block-getwid-image-box has-image-left has-text-left has-mobile-layout-column has-mobile-alignment-center\"><div class=\"wp-block-getwid-image-box__image-container is-position-top\"><div class=\"wp-block-getwid-image-box__image-wrapper\"><img loading=\"lazy\" decoding=\"async\" width=\"1267\" height=\"1267\" src=\"https:\/\/start.luma.fi\/materiaalipankki\/files\/2020\/09\/Science-Technology-Education-drawing-scaled-e1600079241400.jpg\" alt=\"\" class=\"wp-block-getwid-image-box__image wp-image-225\" srcset=\"https:\/\/start.luma.fi\/materiaalipankki\/files\/2020\/09\/Science-Technology-Education-drawing-scaled-e1600079241400.jpg 1267w, https:\/\/start.luma.fi\/materiaalipankki\/files\/2020\/09\/Science-Technology-Education-drawing-scaled-e1600079241400-300x300.jpg 300w, https:\/\/start.luma.fi\/materiaalipankki\/files\/2020\/09\/Science-Technology-Education-drawing-scaled-e1600079241400-1024x1024.jpg 1024w, https:\/\/start.luma.fi\/materiaalipankki\/files\/2020\/09\/Science-Technology-Education-drawing-scaled-e1600079241400-150x150.jpg 150w, https:\/\/start.luma.fi\/materiaalipankki\/files\/2020\/09\/Science-Technology-Education-drawing-scaled-e1600079241400-768x768.jpg 768w, https:\/\/start.luma.fi\/materiaalipankki\/files\/2020\/09\/Science-Technology-Education-drawing-scaled-e1600079241400-1200x1200.jpg 1200w\" sizes=\"auto, (max-width: 1267px) 100vw, 1267px\" \/><\/div><\/div><div class=\"wp-block-getwid-image-box__content\">\n<div class=\"wp-block-getwid-advanced-heading has-custom-font-size\" style=\"font-size:38px;margin-bottom:10px\"><h3 class=\"wp-block-getwid-advanced-heading__content\"><a href=\"https:\/\/start.luma.fi\/materiaalipankki\/teemat\/teknologia-ymparillamme\/\">Teknologia<\/a><\/h3><\/div>\n\n\n\n<p class=\"has-small-font-size\">Teknologia ymp\u00e4rill\u00e4mme -teemaisia materiaaleja varhaiskasvatuksesta toiselle asteelle<\/p>\n<\/div><\/div>\n<\/div><\/div><\/div><\/div><\/div>\n<\/div>\n<\/div>\n\n\n\n<div class=\"wp-block-columns has-2-columns is-layout-flex wp-container-core-columns-is-layout-9d6595d7 wp-block-columns-is-layout-flex\">\n<div class=\"wp-block-column is-layout-flow wp-block-column-is-layout-flow\">\n<div class=\"wp-block-getwid-section\"><div class=\"wp-block-getwid-section__wrapper getwid-padding-top-none getwid-padding-bottom-none getwid-padding-left-none getwid-padding-right-small\"><div class=\"wp-block-getwid-section__inner-wrapper\"><div class=\"wp-block-getwid-section__background-holder\"><div class=\"wp-block-getwid-section__background has-background\" style=\"background-color:#fafafa\"><\/div><div class=\"wp-block-getwid-section__foreground\"><\/div><\/div><div class=\"wp-block-getwid-section__content\"><div class=\"wp-block-getwid-section__inner-content\">\n<div class=\"wp-block-getwid-image-box has-image-left has-text-left has-mobile-layout-column has-mobile-alignment-center\"><div class=\"wp-block-getwid-image-box__image-container is-position-top\"><div class=\"wp-block-getwid-image-box__image-wrapper\"><img loading=\"lazy\" decoding=\"async\" width=\"992\" height=\"992\" src=\"https:\/\/start.luma.fi\/materiaalipankki\/files\/2020\/09\/LUMATIKKA_projektit_banneri-scaled-e1600079413412.jpg\" alt=\"\" class=\"wp-block-getwid-image-box__image wp-image-226\" srcset=\"https:\/\/start.luma.fi\/materiaalipankki\/files\/2020\/09\/LUMATIKKA_projektit_banneri-scaled-e1600079413412.jpg 992w, https:\/\/start.luma.fi\/materiaalipankki\/files\/2020\/09\/LUMATIKKA_projektit_banneri-scaled-e1600079413412-300x300.jpg 300w, https:\/\/start.luma.fi\/materiaalipankki\/files\/2020\/09\/LUMATIKKA_projektit_banneri-scaled-e1600079413412-150x150.jpg 150w, https:\/\/start.luma.fi\/materiaalipankki\/files\/2020\/09\/LUMATIKKA_projektit_banneri-scaled-e1600079413412-768x768.jpg 768w\" sizes=\"auto, (max-width: 992px) 100vw, 992px\" \/><\/div><\/div><div class=\"wp-block-getwid-image-box__content\">\n<div class=\"wp-block-getwid-advanced-heading has-custom-font-size\" style=\"font-size:38px;margin-bottom:10px\"><h3 class=\"wp-block-getwid-advanced-heading__content\"><a href=\"https:\/\/start.luma.fi\/materiaalipankki\/teemat\/matematiikkaa-ymparillamme\/\">Matematiikka<\/a><\/h3><\/div>\n\n\n\n<p class=\"has-small-font-size\">Matematiikka ymp\u00e4rill\u00e4mme -teemaisia materiaaleja varhaiskasvatuksesta toiselle asteelle<\/p>\n<\/div><\/div>\n<\/div><\/div><\/div><\/div><\/div>\n<\/div>\n\n\n\n<div class=\"wp-block-column is-layout-flow wp-block-column-is-layout-flow\">\n<div class=\"wp-block-getwid-section\"><div class=\"wp-block-getwid-section__wrapper getwid-padding-top-none getwid-padding-bottom-none getwid-padding-left-none getwid-padding-right-small\"><div class=\"wp-block-getwid-section__inner-wrapper\"><div class=\"wp-block-getwid-section__background-holder\"><div class=\"wp-block-getwid-section__background has-background\" style=\"background-color:#fafafa\"><\/div><div class=\"wp-block-getwid-section__foreground\"><\/div><\/div><div class=\"wp-block-getwid-section__content\"><div class=\"wp-block-getwid-section__inner-content\">\n<div class=\"wp-block-getwid-image-box has-image-left has-text-left has-mobile-layout-column has-mobile-alignment-center\"><div class=\"wp-block-getwid-image-box__image-container is-position-top\"><div class=\"wp-block-getwid-image-box__image-wrapper\"><img loading=\"lazy\" decoding=\"async\" width=\"1734\" height=\"1734\" src=\"https:\/\/start.luma.fi\/materiaalipankki\/files\/2020\/09\/environmental-protection-drawing-scaled-e1600079487300.jpg\" alt=\"\" class=\"wp-block-getwid-image-box__image wp-image-223\" srcset=\"https:\/\/start.luma.fi\/materiaalipankki\/files\/2020\/09\/environmental-protection-drawing-scaled-e1600079487300.jpg 1734w, https:\/\/start.luma.fi\/materiaalipankki\/files\/2020\/09\/environmental-protection-drawing-scaled-e1600079487300-300x300.jpg 300w, https:\/\/start.luma.fi\/materiaalipankki\/files\/2020\/09\/environmental-protection-drawing-scaled-e1600079487300-1024x1024.jpg 1024w, https:\/\/start.luma.fi\/materiaalipankki\/files\/2020\/09\/environmental-protection-drawing-scaled-e1600079487300-150x150.jpg 150w, https:\/\/start.luma.fi\/materiaalipankki\/files\/2020\/09\/environmental-protection-drawing-scaled-e1600079487300-768x768.jpg 768w, https:\/\/start.luma.fi\/materiaalipankki\/files\/2020\/09\/environmental-protection-drawing-scaled-e1600079487300-1536x1536.jpg 1536w, https:\/\/start.luma.fi\/materiaalipankki\/files\/2020\/09\/environmental-protection-drawing-scaled-e1600079487300-1200x1200.jpg 1200w\" sizes=\"auto, (max-width: 1734px) 100vw, 1734px\" \/><\/div><\/div><div class=\"wp-block-getwid-image-box__content\">\n<div class=\"wp-block-getwid-advanced-heading has-custom-font-size\" style=\"font-size:38px;margin-bottom:10px\"><h3 class=\"wp-block-getwid-advanced-heading__content\"><a href=\"https:\/\/start.luma.fi\/materiaalipankki\/teemat\/minun-lumani\/\">Minun LUMANI<\/a><\/h3><\/div>\n\n\n\n<p class=\"has-small-font-size\">Monialaisia luonnontieteisiin, matematiikkaan ja\/tai teknologiaan liittyvi\u00e4 materiaaleja varhaiskasvatuksesta toiselle asteelle<\/p>\n<\/div><\/div>\n<\/div><\/div><\/div><\/div><\/div>\n<\/div>\n<\/div>\n\n\n\n<figure class=\"wp-block-pullquote\"><blockquote><p><a href=\"https:\/\/start.luma.fi\/materiaalipankki\/teemat\/hyvinvointi-ja-terveys\/\">Hyvinvointi ja terveys<\/a><\/p><p><a href=\"https:\/\/start.luma.fi\/materiaalipankki\/teemat\/koti-kulttuuri-ja-kansainvalisyys\/\">Koti, kulttuuri ja kansainv\u00e4lisyys<\/a><\/p><p><a href=\"https:\/\/start.luma.fi\/materiaalipankki\/teemat\/tahdet-ja-avaruus\/\">T\u00e4hdet ja avaruus<\/a><\/p><p><a href=\"https:\/\/start.luma.fi\/materiaalipankki\/teemat\/luonto-ja-ymparisto\/\">Luonto ja ymp\u00e4rist\u00f6<\/a><\/p><p><a href=\"https:\/\/start.luma.fi\/materiaalipankki\/teemat\/tilastot-ja-tieto\/\">Totuuden j\u00e4ljill\u00e4: tilastot ja tieto<\/a><\/p><\/blockquote><\/figure>\n\n\n\n<p>Tutustu <a href=\"https:\/\/start.luma.fi\/materiaalipankki\/materiaalit-listana\/\">materiaalipankkiin liitettyihin ty\u00f6ohjeisiin ja vastaaviin materiaaleihin listatussa muodossa<\/a>.  <\/p>\n\n\n\n<p>StarT on vuosittain j\u00e4rjestett\u00e4v\u00e4 projektioppimisohjelma, joka on suunnattu varhaiskasvatuksesta toiselle asteelle. StarTissa lapset, nuoret ja aikuiset oppivat yhdess\u00e4 toteuttamalla monialaisia projekteja luonnontieteisiin, matematiikkaan ja\/tai teknologiaan liittyen. Ohjelmaan viime lukuvuonna osallistuneiden yhteis\u00f6jen ansioituneimpiin projekti-ideoihin sek\u00e4 hyviin k\u00e4yt\u00e4nteisiin voi tutustua my\u00f6s <a href=\"https:\/\/start.luma.fi\/start-parhaat-2021\/\">StarT-ohjelman sivuilta<\/a>.<\/p>\n<\/div><\/div><\/div><\/div><\/div>\n","protected":false},"excerpt":{"rendered":"","protected":false},"author":2,"featured_media":6,"parent":0,"menu_order":0,"comment_status":"closed","ping_status":"closed","template":"templates\/template-cover.php","meta":{"footnotes":""},"class_list":["post-30","page","type-page","status-publish","has-post-thumbnail","hentry"],"_links":{"self":[{"href":"https:\/\/start.luma.fi\/materiaalipankki\/wp-json\/wp\/v2\/pages\/30","targetHints":{"allow":["GET"]}}],"collection":[{"href":"https:\/\/start.luma.fi\/materiaalipankki\/wp-json\/wp\/v2\/pages"}],"about":[{"href":"https:\/\/start.luma.fi\/materiaalipankki\/wp-json\/wp\/v2\/types\/page"}],"author":[{"embeddable":true,"href":"https:\/\/start.luma.fi\/materiaalipankki\/wp-json\/wp\/v2\/users\/2"}],"replies":[{"embeddable":true,"href":"https:\/\/start.luma.fi\/materiaalipankki\/wp-json\/wp\/v2\/comments?post=30"}],"version-history":[{"count":9,"href":"https:\/\/start.luma.fi\/materiaalipankki\/wp-json\/wp\/v2\/pages\/30\/revisions"}],"predecessor-version":[{"id":773,"href":"https:\/\/start.luma.fi\/materiaalipankki\/wp-json\/wp\/v2\/pages\/30\/revisions\/773"}],"wp:featuredmedia":[{"embeddable":true,"href":"https:\/\/start.luma.fi\/materiaalipankki\/wp-json\/wp\/v2\/media\/6"}],"wp:attachment":[{"href":"https:\/\/start.luma.fi\/materiaalipankki\/wp-json\/wp\/v2\/media?parent=30"}],"curies":[{"name":"wp","href":"https:\/\/api.w.org\/{rel}","templated":true}]}}