{"id":576,"date":"2022-02-10T12:07:33","date_gmt":"2022-02-10T10:07:33","guid":{"rendered":"https:\/\/start.luma.fi\/materiaalipankki\/?page_id=576"},"modified":"2022-06-30T15:23:25","modified_gmt":"2022-06-30T12:23:25","slug":"tilastot-ja-tieto","status":"publish","type":"page","link":"https:\/\/start.luma.fi\/materiaalipankki\/teemat\/tilastot-ja-tieto\/","title":{"rendered":"Tilastot ja tieto"},"content":{"rendered":"\n<p>Nykyp\u00e4iv\u00e4n\u00e4 medialukutaito on keskeinen. Erityisesti sosiaalisessa mediassa ja internetiss\u00e4 lapset ja nuoret kohtaavat mit\u00e4 erilaisempia uutisia ja tietoja. My\u00f6s LUMA-aineisiin liittyen kyky tarkistaa faktat ja arvioida l\u00e4hteen luotettavuus on t\u00e4rke\u00e4\u00e4. <\/p>\n\n\n\n<p>&#8221;Mutuilu&#8221; ei ole mist\u00e4\u00e4n kotoisin, kun faktojakin on saatavilla. Useimmat v\u00e4itteet pystyy tarkistamaan, kun vain jaksaa etsi\u00e4 tietoa. T\u00e4ss\u00e4 teemassa keski\u00f6ss\u00e4 on tilastotieto ja materiaaleja siihen kuinka hy\u00f6dynt\u00e4\u00e4 tilastoja sek\u00e4 tilastollisia menetelmi\u00e4 projektien tekemisess\u00e4 tullaan t\u00e4ydent\u00e4m\u00e4\u00e4n t\u00e4lle sivulle 2022 aikana. Yhteisty\u00f6kumppanimme on Tilastokeskus. <\/p>\n\n\n\n<figure class=\"wp-block-embed is-type-video is-provider-youtube wp-block-embed-youtube wp-embed-aspect-16-9 wp-has-aspect-ratio\"><div class=\"wp-block-embed__wrapper\">\n<iframe loading=\"lazy\" title=\"Murra mutuilu ja taklaa valetieto\" width=\"580\" height=\"326\" src=\"https:\/\/www.youtube.com\/embed\/3cm9qRBNuwc?feature=oembed\" frameborder=\"0\" allow=\"accelerometer; autoplay; clipboard-write; encrypted-media; gyroscope; picture-in-picture; web-share\" referrerpolicy=\"strict-origin-when-cross-origin\" allowfullscreen><\/iframe>\n<\/div><\/figure>\n\n\n\n<p><strong>Tilastokeskuksen materiaaleja aiheeseen:<\/strong><\/p>\n\n\n\n<ul class=\"wp-block-list\"><li><strong><a href=\"https:\/\/www.stat.fi\/tup\/opi-tilastoista\/index.html\">Opi tilastoista -sivusto<\/a><\/strong> kokoaa tilastoaiheista materiaalia itsen\u00e4iseen opiskeluun tilasto-oppaina, videoina ja podcasteina kaikille tilastoista kiinnostuneille.<\/li><\/ul>\n\n\n\n<h3 class=\"wp-block-heading\">Projektiesimerkkej\u00e4 ja hyvi\u00e4 opetusk\u00e4yt\u00e4nteit\u00e4<\/h3>\n\n\n\n<h4 class=\"wp-block-heading\"><strong>Estudi de la contaminaci\u00f3 atmosf\u00e8rica a Martorell<\/strong><\/h4>\n\n\n\n<p><strong>Oppimisyhteis\u00f6n nimi:<\/strong>&nbsp;INS Pompeu Fabra,<em>&nbsp;<\/em>Espanja<br><strong>Kouluaste:<\/strong>&nbsp;Lukio<br><strong>Projektissa hy\u00f6dynnetyt oppiaineet:<\/strong>&nbsp;Tekniikka ja fysiikka<\/p>\n\n\n\n<p><a href=\"https:\/\/start.luma.fi\/en\/files\/2022\/06\/Estudi-de-la-contaminacio-atmosferica-de-Martorell-Diary.pdf\">Projektip\u00e4iv\u00e4kirja (PDF)<\/a><\/p>\n\n\n\n<p><strong>Lyhyesti<\/strong>: Projektissa analysoidaan erilaisista ilmansaasteista vuosina 1991-2021 koottua aineistoa, joka yhdistettiin muun meteorologisen tutkimustiedon (tuulen suunta) kanssa. Yhdistytyll\u00e4 tiedolla pyrittiin p\u00e4\u00e4ttelem\u00e4\u00e4n, mist\u00e4 saasteet ovat per\u00e4isin.<\/p>\n\n\n\n<figure class=\"wp-block-embed is-type-video is-provider-youtube wp-block-embed-youtube wp-embed-aspect-16-9 wp-has-aspect-ratio\"><div class=\"wp-block-embed__wrapper\">\n<iframe loading=\"lazy\" title=\"Air pollution measurement in our city (Research Project)\" width=\"580\" height=\"326\" src=\"https:\/\/www.youtube.com\/embed\/3qbYUddDEI4?feature=oembed\" frameborder=\"0\" allow=\"accelerometer; autoplay; clipboard-write; encrypted-media; gyroscope; picture-in-picture; web-share\" referrerpolicy=\"strict-origin-when-cross-origin\" allowfullscreen><\/iframe>\n<\/div><\/figure>\n\n\n\n<h4 class=\"wp-block-heading\">Roskat roskikseen, ei luontoon!<\/h4>\n\n\n\n<p><strong>Oppimisyhteis\u00f6:<\/strong>&nbsp;Vuoksenniskan koulukeskus<br><strong>Kouluaste:<\/strong>&nbsp;Yl\u00e4koulu<br><strong>Lyhyesti<\/strong>: Oppilaat kiinnostuvat koulunsa alueen roskaamisilmi\u00f6st\u00e4 sek\u00e4 ruokalan ruokah\u00e4vikist\u00e4. He p\u00e4\u00e4tt\u00e4v\u00e4t tutkia aihetta ja kompostoitumista ja projekti vie menness\u00e4\u00e4n.<\/p>\n\n\n\n<p><a href=\"https:\/\/docs.google.com\/presentation\/d\/1C-9rT73-gYdKJwwaJPJ1jkTZbhmA1Jxtg53QQv1iCMQ\/edit?usp=sharing\">Projektip\u00e4iv\u00e4kirja (vie toiselle verkkosivulle)<\/a><\/p>\n\n\n\n<figure class=\"wp-block-embed is-type-video is-provider-youtube wp-block-embed-youtube wp-embed-aspect-4-3 wp-has-aspect-ratio\"><div class=\"wp-block-embed__wrapper\">\n<iframe loading=\"lazy\" title=\"Roskat roskikseen, ei luontoon. (starT-projekti)\" width=\"580\" height=\"435\" src=\"https:\/\/www.youtube.com\/embed\/r6Q-l3HxxLI?feature=oembed\" frameborder=\"0\" allow=\"accelerometer; autoplay; clipboard-write; encrypted-media; gyroscope; picture-in-picture; web-share\" referrerpolicy=\"strict-origin-when-cross-origin\" allowfullscreen><\/iframe>\n<\/div><\/figure>\n\n\n\n<h4 class=\"wp-block-heading\">Young people learning statistics<\/h4>\n\n\n\n<p><em>Oppimisyhteis\u00f6: Keminmaan keskuskoulu<\/em><br><em>Kouluaste: yl\u00e4koulu<\/em><\/p>\n\n\n\n<p><strong>Lyhyesti:&nbsp;<\/strong>Oppilaat suorittavat tilastollisen tutkimuksen valitsemastaan aiheesta. Analysoinnissa ja tulosten esitt\u00e4misess\u00e4 hy\u00f6dynnet\u00e4\u00e4n digitaalisia ymp\u00e4rist\u00f6j\u00e4, ja ty\u00f6skentely tapahtuu osana matematiikan sek\u00e4 \u00e4idinkielen opetusta.<\/p>\n\n\n\n<p><a href=\"https:\/\/start.luma.fi\/materiaalipankki\/files\/2022\/06\/lumat-2019-start-practice-statistics.pdf\">K\u00e4yt\u00e4nteen materiaalit (PDF)<\/a><\/p>\n\n\n\n<figure class=\"wp-block-embed is-type-video is-provider-youtube wp-block-embed-youtube wp-embed-aspect-16-9 wp-has-aspect-ratio\"><div class=\"wp-block-embed__wrapper\">\n<iframe loading=\"lazy\" title=\"Young people learning statistics - opetusk\u00e4yt\u00e4nne in Keminmaa, Finland\" width=\"580\" height=\"326\" src=\"https:\/\/www.youtube.com\/embed\/2eJsASAqhl0?feature=oembed\" frameborder=\"0\" allow=\"accelerometer; autoplay; clipboard-write; encrypted-media; gyroscope; picture-in-picture; web-share\" referrerpolicy=\"strict-origin-when-cross-origin\" allowfullscreen><\/iframe>\n<\/div><\/figure>\n\n\n\n<h4 class=\"wp-block-heading\">Matka maailman ymp\u00e4ri<\/h4>\n\n\n\n<p><strong>Oppimisyhteis\u00f6:<\/strong>&nbsp;Kimpisen koulu<br><strong>Kouluaste:<\/strong>&nbsp;Alakoulu<br><strong>Lyhyesti:<\/strong>&nbsp;Oppilaat tutustuvat eri maanosiin hauskasti matkaillen ja eri oppiaineita yhdistellen. Heill\u00e4 on paljon vapauksia p\u00e4\u00e4tt\u00e4\u00e4, kuinka he tahtovat opiskella opittavat asiat.<\/p>\n\n\n\n<p><a href=\"https:\/\/sites.google.com\/edu.lappeenranta.fi\/matkamaailmanympri\/etusivu\">Projektip\u00e4iv\u00e4kirja oppilaiden verkkosivulla<\/a><\/p>\n\n\n\n<figure class=\"wp-block-embed is-type-video is-provider-youtube wp-block-embed-youtube wp-embed-aspect-16-9 wp-has-aspect-ratio\"><div class=\"wp-block-embed__wrapper\">\n<iframe loading=\"lazy\" title=\"Matka maailman ymp\u00e4ri - StarT ohjelma 2022\" width=\"580\" height=\"326\" src=\"https:\/\/www.youtube.com\/embed\/Zxea0l5bZNY?list=PLFAM98ZMjI10Pqi8KvOPBIRrM8rbheLJ-\" frameborder=\"0\" allow=\"accelerometer; autoplay; clipboard-write; encrypted-media; gyroscope; picture-in-picture; web-share\" referrerpolicy=\"strict-origin-when-cross-origin\" allowfullscreen><\/iframe>\n<\/div><\/figure>\n\n\n\n<h4 class=\"wp-block-heading\">Uni-tutkimukset<\/h4>\n\n\n\n<p><strong>Oppimisyhteis\u00f6:<\/strong>&nbsp;Pikkolan koulu<br><strong>Kouluaste:<\/strong>&nbsp;Yl\u00e4koulu<br><strong>Lyhyesti:<\/strong>&nbsp;Projektissa oppilaat suunnittelevat ja toteuttavat pienryhm\u00e4ns\u00e4 kanssa matematiikkaa ja terveystietoa yhdistelev\u00e4n tutkimuksen unesta. Ty\u00f6 on huomioitu my\u00f6s opetusk\u00e4yt\u00e4nteen\u00e4!<\/p>\n\n\n\n<p><a href=\"https:\/\/padlet.com\/juuso_linnusmaki1\/7s25iaqhm88uj2fn\">Projektip\u00e4iv\u00e4kirja (ohjautuu toiselle verkkosivulle)<\/a><\/p>\n\n\n\n<p><a href=\"https:\/\/padlet.com\/juuso_linnusmaki1\/ute0ruikulh8v6qo\">Projektip\u00e4iv\u00e4kirja (ohjautuu toiselle verkkosivulle)<\/a><\/p>\n\n\n\n<p><a href=\"https:\/\/start.luma.fi\/wp-content\/uploads\/2022\/06\/Uni-projekti_pdf.pdf\">K\u00e4yt\u00e4nteen materiaalit<\/a>\u00a0(PDF)<\/p>\n\n\n\n<figure class=\"wp-block-embed is-type-video is-provider-youtube wp-block-embed-youtube wp-embed-aspect-16-9 wp-has-aspect-ratio\"><div class=\"wp-block-embed__wrapper\">\n<iframe loading=\"lazy\" title=\"uniprojekti, Pikkolan koulu\" width=\"580\" height=\"326\" src=\"https:\/\/www.youtube.com\/embed\/w5sSiAAdKDo?feature=oembed\" frameborder=\"0\" allow=\"accelerometer; autoplay; clipboard-write; encrypted-media; gyroscope; picture-in-picture; web-share\" referrerpolicy=\"strict-origin-when-cross-origin\" allowfullscreen><\/iframe>\n<\/div><\/figure>\n\n\n\n<h4 class=\"wp-block-heading\">Mato-projekti<\/h4>\n\n\n\n<p><strong>Oppimisyhteis\u00f6n nimi:<\/strong>&nbsp;P\u00e4iv\u00e4koti Satulinna<br><strong>Luokka-aste:<\/strong>&nbsp;Varhaiskasvatus<br><strong>Projektissa hy\u00f6dynnetyt oppiaineet:<\/strong>&nbsp;matematiikka, luonnontiede, k\u00e4den taidot, \u00e4idinkieli, liikunta, kielelliset taidot<\/p>\n\n\n\n<p><strong>Lyhyesti<\/strong>: Lapset tutustuvat monin tavoin kompostorin matoihin niin tieteen kuin taiteen n\u00e4k\u00f6kulmasta. Osana projektia toteutetaan matobongausta &#8211; matotilaston ker\u00e4\u00e4mist\u00e4.<\/p>\n\n\n\n<figure class=\"wp-block-embed is-type-video is-provider-youtube wp-block-embed-youtube wp-embed-aspect-16-9 wp-has-aspect-ratio\"><div class=\"wp-block-embed__wrapper\">\n<iframe loading=\"lazy\" title=\"Mato-projekti\" width=\"580\" height=\"326\" src=\"https:\/\/www.youtube.com\/embed\/sLJjKj4L5Tk?feature=oembed\" frameborder=\"0\" allow=\"accelerometer; autoplay; clipboard-write; encrypted-media; gyroscope; picture-in-picture; web-share\" referrerpolicy=\"strict-origin-when-cross-origin\" allowfullscreen><\/iframe>\n<\/div><\/figure>\n","protected":false},"excerpt":{"rendered":"<p>Nykyp\u00e4iv\u00e4n\u00e4 medialukutaito on keskeinen. Erityisesti sosiaalisessa mediassa ja internetiss\u00e4 lapset ja nuoret kohtaavat mit\u00e4 erilaisempia uutisia ja tietoja. My\u00f6s LUMA-aineisiin liittyen kyky tarkistaa faktat ja arvioida l\u00e4hteen luotettavuus on t\u00e4rke\u00e4\u00e4. &#8221;Mutuilu&#8221; ei ole mist\u00e4\u00e4n kotoisin, kun faktojakin on saatavilla. Useimmat v\u00e4itteet pystyy tarkistamaan, kun vain jaksaa etsi\u00e4 tietoa. T\u00e4ss\u00e4 teemassa keski\u00f6ss\u00e4 on tilastotieto ja materiaaleja [&hellip;]<\/p>\n","protected":false},"author":2,"featured_media":0,"parent":18,"menu_order":0,"comment_status":"closed","ping_status":"closed","template":"","meta":{"footnotes":""},"class_list":["post-576","page","type-page","status-publish","hentry"],"_links":{"self":[{"href":"https:\/\/start.luma.fi\/materiaalipankki\/wp-json\/wp\/v2\/pages\/576","targetHints":{"allow":["GET"]}}],"collection":[{"href":"https:\/\/start.luma.fi\/materiaalipankki\/wp-json\/wp\/v2\/pages"}],"about":[{"href":"https:\/\/start.luma.fi\/materiaalipankki\/wp-json\/wp\/v2\/types\/page"}],"author":[{"embeddable":true,"href":"https:\/\/start.luma.fi\/materiaalipankki\/wp-json\/wp\/v2\/users\/2"}],"replies":[{"embeddable":true,"href":"https:\/\/start.luma.fi\/materiaalipankki\/wp-json\/wp\/v2\/comments?post=576"}],"version-history":[{"count":2,"href":"https:\/\/start.luma.fi\/materiaalipankki\/wp-json\/wp\/v2\/pages\/576\/revisions"}],"predecessor-version":[{"id":770,"href":"https:\/\/start.luma.fi\/materiaalipankki\/wp-json\/wp\/v2\/pages\/576\/revisions\/770"}],"up":[{"embeddable":true,"href":"https:\/\/start.luma.fi\/materiaalipankki\/wp-json\/wp\/v2\/pages\/18"}],"wp:attachment":[{"href":"https:\/\/start.luma.fi\/materiaalipankki\/wp-json\/wp\/v2\/media?parent=576"}],"curies":[{"name":"wp","href":"https:\/\/api.w.org\/{rel}","templated":true}]}}