{"id":92,"date":"2020-06-21T21:48:36","date_gmt":"2020-06-21T18:48:36","guid":{"rendered":"https:\/\/start.luma.fi\/materiaalipankki\/?page_id=92"},"modified":"2022-06-30T14:47:15","modified_gmt":"2022-06-30T11:47:15","slug":"hyvinvointi-ja-terveys","status":"publish","type":"page","link":"https:\/\/start.luma.fi\/materiaalipankki\/teemat\/hyvinvointi-ja-terveys\/","title":{"rendered":"Hyvinvointi ja terveys"},"content":{"rendered":"\n<div class=\"wp-block-getwid-section alignfull alignfull getwid-section-content-custom-width\"><div class=\"wp-block-getwid-section__wrapper getwid-padding-left-medium getwid-padding-right-medium\" style=\"padding-top:5px;padding-bottom:0px\"><div class=\"wp-block-getwid-section__inner-wrapper\" style=\"max-width:1140px\"><div class=\"wp-block-getwid-section__background-holder\"><div class=\"wp-block-getwid-section__background\" style=\"background-image:url('https:\/\/cgw.motopress.com\/wp-content\/uploads\/2019\/11\/background-1.jpg')\"><div class=\"wp-block-getwid-section__background-image-wrapper\"><img decoding=\"async\" class=\"wp-block-getwid-section__background-image\" src=\"https:\/\/cgw.motopress.com\/wp-content\/uploads\/2019\/11\/background-1.jpg\" alt=\"\"\/><\/div><\/div><div class=\"wp-block-getwid-section__foreground\"><\/div><\/div><div class=\"wp-block-getwid-section__content\"><div class=\"wp-block-getwid-section__inner-content\">\n<div class=\"wp-block-columns has-2-columns are-vertically-aligned-center is-layout-flex wp-container-core-columns-is-layout-9d6595d7 wp-block-columns-is-layout-flex\">\n<div class=\"wp-block-column is-vertically-aligned-center is-layout-flow wp-block-column-is-layout-flow\">\n<figure class=\"wp-block-image size-large\"><img loading=\"lazy\" decoding=\"async\" width=\"525\" height=\"350\" src=\"https:\/\/start.luma.fi\/materiaalipankki\/files\/2020\/06\/Terveys.jpeg\" alt=\"\" class=\"wp-image-93\" srcset=\"https:\/\/start.luma.fi\/materiaalipankki\/files\/2020\/06\/Terveys.jpeg 525w, https:\/\/start.luma.fi\/materiaalipankki\/files\/2020\/06\/Terveys-300x200.jpeg 300w\" sizes=\"auto, (max-width: 525px) 100vw, 525px\" \/><\/figure>\n<\/div>\n\n\n\n<div class=\"wp-block-column is-vertically-aligned-center is-layout-flow wp-block-column-is-layout-flow\">\n<div class=\"wp-block-getwid-section\"><div class=\"wp-block-getwid-section__wrapper getwid-padding-top-none getwid-padding-bottom-none getwid-padding-left-medium getwid-padding-right-none getwid-padding-mobile-left-none\"><div class=\"wp-block-getwid-section__inner-wrapper\"><div class=\"wp-block-getwid-section__background-holder\"><div class=\"wp-block-getwid-section__background\"><\/div><div class=\"wp-block-getwid-section__foreground\"><\/div><\/div><div class=\"wp-block-getwid-section__content\"><div class=\"wp-block-getwid-section__inner-content\">\n<div class=\"wp-block-getwid-advanced-heading\" style=\"margin-bottom:30px;margin-top:10px\"><h2 class=\"wp-block-getwid-advanced-heading__content\">Hyvinvointi ja terveys<\/h2><\/div>\n\n\n\n<p>Ihmisen hyvinvointia voidaan tarkastella monista eri n\u00e4k\u00f6kulmista. Yleens\u00e4 sen osatekij\u00f6in\u00e4 pidet\u00e4\u00e4n terveytt\u00e4,&nbsp;materiaalista hyvinvointia ja ihmisen itse kokemaa hyvinvointia eli el\u00e4m\u00e4nlaatua. N\u00e4iss\u00e4 hyvinvointi -teemaan liittyviss\u00e4 materiaaleissa on keskitytty tarkastelemaan hyvinvointia liikunnan, terveyden ja ravitsemuksen kannalta.<\/p>\n\n\n\n<p>Lasten ja nuorten kanssa voidaan esimerkiksi tutkia erilaisten liikuntalajien fysiikkaa, ravintoaineiden kemiaa, pH:n vaikutusta hammasterveyteen tai vaikka puhdasta vett\u00e4! Materiaalien joukossa on sek\u00e4 valmiita projekteja ett\u00e4 ideoita opetukseen, ja ne on jaettu koulutusasteen mukaan.<\/p>\n<\/div><\/div><\/div><\/div><\/div>\n<\/div>\n<\/div>\n<\/div><\/div><\/div><\/div><\/div>\n\n\n\n<div class=\"wp-block-getwid-section alignfull alignfull getwid-section-content-custom-width\"><div class=\"wp-block-getwid-section__wrapper getwid-padding-left-medium getwid-padding-right-medium\" style=\"padding-top:5px;padding-bottom:0px\"><div class=\"wp-block-getwid-section__inner-wrapper\" style=\"max-width:1140px\"><div class=\"wp-block-getwid-section__background-holder\"><div class=\"wp-block-getwid-section__background\" style=\"background-image:url('https:\/\/cgw.motopress.com\/wp-content\/uploads\/2019\/11\/background-1.jpg')\"><div class=\"wp-block-getwid-section__background-image-wrapper\"><img decoding=\"async\" class=\"wp-block-getwid-section__background-image\" src=\"https:\/\/cgw.motopress.com\/wp-content\/uploads\/2019\/11\/background-1.jpg\" alt=\"\"\/><\/div><\/div><div class=\"wp-block-getwid-section__foreground\"><\/div><\/div><div class=\"wp-block-getwid-section__content\"><div class=\"wp-block-getwid-section__inner-content\">\n<div class=\"wp-block-columns has-2-columns are-vertically-aligned-center is-layout-flex wp-container-core-columns-is-layout-9d6595d7 wp-block-columns-is-layout-flex\">\n<div class=\"wp-block-column is-vertically-aligned-center is-layout-flow wp-block-column-is-layout-flow\">\n<h3 class=\"wp-block-heading\" id=\"block-c6f75a57-0b00-4bf6-a023-8915386900f8\">Projektiesimerkkej\u00e4 ja hyvi\u00e4 opetusk\u00e4yt\u00e4nteit\u00e4<\/h3>\n\n\n\n<p>StarT-projektioppimisohjelman parissa on toteutettu monialaisia projekteja ja opetusk\u00e4yt\u00e4nteit\u00e4 vuodesta 2016 alkaen. Hyvinvointi ja terveys -teemaisista projekteista ja opetusk\u00e4yt\u00e4nteist\u00e4 saat inspiraatiota aina varhaiskasvatuksesta toiselle asteelle saakka.<\/p>\n\n\n\n<h4 class=\"wp-block-heading\">Caring for pets \u2013 huolehditaan lemmikeist\u00e4<\/h4>\n\n\n\n<p><strong>Alakoulun<\/strong>&nbsp;oppilaat toimivat yhteisty\u00f6ss\u00e4 heit\u00e4 painavaan pulman ratkaisemiseksi: kuinka ruokimme ja juotamme lemmikkej\u00e4, kun olemme t\u00f6iss\u00e4 tai possa kotoa? Yhteisty\u00f6 omistajien kanssa luo voimakkaan motivaation ja ohjaajat luovat ymp\u00e4rist\u00f6n, jossa oppia ja saattaa projekti loppuun.&nbsp;<strong>Jingchang, Kiina<\/strong><\/p>\n\n\n\n<div class=\"wp-block-file\"><a id=\"wp-block-file--media-420ca881-f10a-43ed-a1df-5ad49a122e63\" href=\"https:\/\/start.luma.fi\/materiaalipankki\/files\/2022\/06\/Caring-for-Pets.pdf\">Projektip\u00e4iv\u00e4kirja, osa 1 (PDF)<\/a><a href=\"https:\/\/start.luma.fi\/materiaalipankki\/files\/2022\/06\/Caring-for-Pets.pdf\" class=\"wp-block-file__button\" download aria-describedby=\"wp-block-file--media-420ca881-f10a-43ed-a1df-5ad49a122e63\">Lataa<\/a><\/div>\n\n\n\n<div class=\"wp-block-file\"><a id=\"wp-block-file--media-c7472d1c-b950-4a43-9dea-24b2d85f0d62\" href=\"https:\/\/start.luma.fi\/materiaalipankki\/files\/2022\/06\/Caring-for-pets-2.pdf\">Projektip\u00e4iv\u00e4kirja, osa 2 (PDF)<\/a><a href=\"https:\/\/start.luma.fi\/materiaalipankki\/files\/2022\/06\/Caring-for-pets-2.pdf\" class=\"wp-block-file__button\" download aria-describedby=\"wp-block-file--media-c7472d1c-b950-4a43-9dea-24b2d85f0d62\">Lataa<\/a><\/div>\n\n\n\n<figure class=\"wp-block-embed is-type-video is-provider-youtube wp-block-embed-youtube wp-embed-aspect-16-9 wp-has-aspect-ratio\"><div class=\"wp-block-embed__wrapper\">\n<iframe loading=\"lazy\" title=\"Caring for pets intelligent feeding appliance driven by web of things\" width=\"580\" height=\"326\" src=\"https:\/\/www.youtube.com\/embed\/rrhmJXMgi6M?feature=oembed\" frameborder=\"0\" allow=\"accelerometer; autoplay; clipboard-write; encrypted-media; gyroscope; picture-in-picture; web-share\" referrerpolicy=\"strict-origin-when-cross-origin\" allowfullscreen><\/iframe>\n<\/div><\/figure>\n\n\n\n<h4 class=\"wp-block-heading\">Health Week Project<\/h4>\n\n\n\n<p><strong>Liettualaiset alakoulun<\/strong>&nbsp;oppilaat j\u00e4rjestiv\u00e4t kampanjan, joka aktivoi vertaisia liikkumaan ulkona enemm\u00e4n, sy\u00f6m\u00e4\u00e4n terveellisesti ja lis\u00e4t\u00e4 n\u00e4kyvyytt\u00e4 muutokselle.&nbsp;<strong>North Lyceum, Vilna.<\/strong><\/p>\n\n\n\n<div class=\"wp-block-file\"><a id=\"wp-block-file--media-16c9bdb4-fa0f-4d08-ae4e-14f49f0f2898\" href=\"https:\/\/start.luma.fi\/materiaalipankki\/files\/2022\/06\/HEALTH-WEEK-DIARY.pdf\">Projektip\u00e4iv\u00e4kirja (PDF)<\/a><a href=\"https:\/\/start.luma.fi\/materiaalipankki\/files\/2022\/06\/HEALTH-WEEK-DIARY.pdf\" class=\"wp-block-file__button\" download aria-describedby=\"wp-block-file--media-16c9bdb4-fa0f-4d08-ae4e-14f49f0f2898\">Lataa<\/a><\/div>\n\n\n\n<figure class=\"wp-block-embed is-type-video is-provider-youtube wp-block-embed-youtube wp-embed-aspect-16-9 wp-has-aspect-ratio\"><div class=\"wp-block-embed__wrapper\">\nhttps:\/\/youtu.be\/jqkYcF7RCMU\n<\/div><\/figure>\n\n\n\n<h4 class=\"wp-block-heading\">Tom Yum<\/h4>\n\n\n\n<p>Tom Yum,&nbsp;<strong>National science and technology development agency, Kindergarten school of Thammasat University,&nbsp;Thaimaa.<\/strong><br>Projektissa tutustuttiin Thaimaan kansallisruokaan mm. kuvataiteen, kotitalouden, matematiikan ja tutustumisretkien kautta. LUMA StarT nominee 2018.<\/p>\n\n\n\n<div class=\"wp-block-file\"><a id=\"wp-block-file--media-459e4e29-ef80-4672-913d-cc5642cfc95c\" href=\"https:\/\/start.luma.fi\/materiaalipankki\/files\/2022\/06\/tomyum.pdf\">Projektip\u00e4iv\u00e4kirja (PDF)<\/a><a href=\"https:\/\/start.luma.fi\/materiaalipankki\/files\/2022\/06\/tomyum.pdf\" class=\"wp-block-file__button\" download aria-describedby=\"wp-block-file--media-459e4e29-ef80-4672-913d-cc5642cfc95c\">Lataa<\/a><\/div>\n\n\n\n<figure class=\"wp-block-embed is-type-video is-provider-youtube wp-block-embed-youtube wp-embed-aspect-16-9 wp-has-aspect-ratio\"><div class=\"wp-block-embed__wrapper\">\n<iframe loading=\"lazy\" title=\"LUMA StarT nominee 2018, Tom Yam Kung Project, Thailand\" width=\"580\" height=\"326\" src=\"https:\/\/www.youtube.com\/embed\/kuF9SU7fdUI?feature=oembed\" frameborder=\"0\" allow=\"accelerometer; autoplay; clipboard-write; encrypted-media; gyroscope; picture-in-picture; web-share\" referrerpolicy=\"strict-origin-when-cross-origin\" allowfullscreen><\/iframe>\n<\/div><\/figure>\n\n\n\n<h4 class=\"wp-block-heading\">Healthy teeth \u2013 Happy smiles<\/h4>\n\n\n\n<p>T\u00e4ss\u00e4 projektissa oppilaat p\u00e4\u00e4sev\u00e4t tutkimaan erilaisten ruokailutottumusten vaikutusta hampaiden kuntoon. Kokeellisessa tutkimuksessa hy\u00f6dynnet\u00e4\u00e4n hampaanmallina kananmunia ja erilaisia juomia.<\/p>\n\n\n\n<figure class=\"wp-block-embed is-type-video is-provider-youtube wp-block-embed-youtube wp-embed-aspect-16-9 wp-has-aspect-ratio\"><div class=\"wp-block-embed__wrapper\">\n<iframe loading=\"lazy\" title=\"Healthy Teeth \u2013 Happy Smiles, Sihirli Saatler kindergarten, Turkey\" width=\"580\" height=\"326\" src=\"https:\/\/www.youtube.com\/embed\/75ZFI0x7xIs?feature=oembed\" frameborder=\"0\" allow=\"accelerometer; autoplay; clipboard-write; encrypted-media; gyroscope; picture-in-picture; web-share\" referrerpolicy=\"strict-origin-when-cross-origin\" allowfullscreen><\/iframe>\n<\/div><\/figure>\n\n\n\n<h4 class=\"wp-block-heading\">Aronia<\/h4>\n\n\n\n<p><strong>Rajalan p\u00e4iv\u00e4koti Vihersiiven<\/strong>&nbsp;Aronia-projekti&nbsp;on&nbsp;oppijal\u00e4ht\u00f6inen projekti, jossa hy\u00f6dynnet\u00e4\u00e4n hienosti luonnon antimia varainkeruussa.<\/p>\n\n\n\n<blockquote class=\"wp-block-quote is-layout-flow wp-block-quote-is-layout-flow\"><p>\u201cToimintakauden alussa keksittiin ett\u00e4 p\u00e4iv\u00e4kodin piha-alueella kasvaa marja-aroniapensaita, joiden mehukkaat marjat voisi poimia; leikeiss\u00e4 marjat sotkivat kaikkien vaatteet joten niiden pois poimimisesta olisi monenlaista hy\u00f6ty\u00e4.. Marjoista h\u00f6yrystettiin mehua omaan k\u00e4ytt\u00f6\u00f6n mutta my\u00f6s myyntiin. Ideoitaessa mehunmyynti\u00e4 alkoi sen rinnalle tulla muitakin tuotteita; perheiden puutarhoista omenia, yrttej\u00e4, porkkanoita ja kes\u00e4kurpitsaa. Mehukioski laajeni torip\u00e4iv\u00e4ksi, jossa oli monenlaista syksyn tuotetta myynniss\u00e4 joko sellaisenaan tai eskareiden jatkojalostamina: kes\u00e4kurpitsakakkua, porkkanas\u00e4mpyl\u00f6it\u00e4, kukkakimppuja, sieni\u00e4, puolukkahilloa. Torip\u00e4iv\u00e4 tuotti 375 euroa mutta t\u00e4ss\u00e4 kyll\u00e4 tekeminen oli monin verroin palkitsevampaa kuin nuo kassaan kilisseet eurot. Perheiden innostunut mukanaolo osoitti ett\u00e4 aktiivinen osallisuus on mahdollista kunnallisessakin p\u00e4iv\u00e4kodissa jossa ei ole talkooty\u00f6n tai vanhempainyhdistystoiminnan perinnett\u00e4.\u201d<\/p><\/blockquote>\n\n\n\n<figure class=\"wp-block-embed is-type-video is-provider-youtube wp-block-embed-youtube wp-embed-aspect-16-9 wp-has-aspect-ratio\"><div class=\"wp-block-embed__wrapper\">\n<iframe loading=\"lazy\" title=\"Aroniaprojekti, Rajalan p\u00e4iv\u00e4koti\" width=\"580\" height=\"326\" src=\"https:\/\/www.youtube.com\/embed\/ltNF4p_HwdM?feature=oembed\" frameborder=\"0\" allow=\"accelerometer; autoplay; clipboard-write; encrypted-media; gyroscope; picture-in-picture; web-share\" referrerpolicy=\"strict-origin-when-cross-origin\" allowfullscreen><\/iframe>\n<\/div><\/figure>\n\n\n\n<h4 class=\"wp-block-heading\">Kolmipy\u00f6r\u00e4<\/h4>\n\n\n\n<p><strong>Vuoksenniskan<\/strong> koulussa rakennettiin&nbsp;kolmipy\u00f6r\u00e4. Projektissa l\u00e4hdetty innovatiivisesti etsim\u00e4\u00e4n huonokuntoisten kansalaisten liikkumiseen ratkaisua, rakennettu kierr\u00e4tysmateriaaleista.<\/p>\n\n\n\n<blockquote class=\"wp-block-quote is-layout-flow wp-block-quote-is-layout-flow\"><p>\u201cProjektity\u00f6: kolmipy\u00f6r\u00e4. Tekij\u00e4t ovat yhdeks\u00e4sluokkalaisia poikia, jotka mieluummin tekev\u00e4t k\u00e4yt\u00e4nn\u00f6n t\u00f6it\u00e4 kuin opiskelevat teoriaa. Pojat halusivat rakentaa kierr\u00e4tysosista kolmipy\u00f6r\u00e4n avuksi vanhenevalle v\u00e4est\u00f6llemme (maantiedossa k\u00e4yty Suomen v\u00e4est\u00f6asioita ja todettu tulevaisuudessa i\u00e4kk\u00e4iden m\u00e4\u00e4r\u00e4n huimasti kohoavan). Pojat k\u00e4yttiv\u00e4t rakenteluun maantiedon ja teknisen ty\u00f6n tunteja. Kolmipy\u00f6r\u00e4 testattiin talviolosuhteissa \u2013 toimii!\u201d<\/p><\/blockquote>\n\n\n\n<figure class=\"wp-block-embed is-type-video is-provider-youtube wp-block-embed-youtube wp-embed-aspect-4-3 wp-has-aspect-ratio\"><div class=\"wp-block-embed__wrapper\">\n<iframe loading=\"lazy\" title=\"kolmipy\u00f6r\u00e4\" width=\"580\" height=\"435\" src=\"https:\/\/www.youtube.com\/embed\/6vrfL8l27Mk?feature=oembed\" frameborder=\"0\" allow=\"accelerometer; autoplay; clipboard-write; encrypted-media; gyroscope; picture-in-picture; web-share\" referrerpolicy=\"strict-origin-when-cross-origin\" allowfullscreen><\/iframe>\n<\/div><\/figure>\n\n\n\n<h4 class=\"wp-block-heading\">Suomi-lautapeli<\/h4>\n\n\n\n<p>Vuoksenniskan koulun&nbsp;Suomi-lautapeli&nbsp;-projektissa on&nbsp;yhdistetty taiteita, maantietoa ja huomioitu kest\u00e4v\u00e4 kehitys hienosti suunnittelussa ja toteutuksessa.<\/p>\n\n\n\n<blockquote class=\"wp-block-quote is-layout-flow wp-block-quote-is-layout-flow\"><p>\u201cTutkimuksissa on todettu lautapelien pelaamisen lis\u00e4\u00e4v\u00e4n aivojen hyvinvointia. 9.-luokkalaiset tyt\u00f6t tekiv\u00e4t lautapeli\u00e4 luodessaan todella monipuolista ty\u00f6t\u00e4 huomioiden kaikessa tekemisess\u00e4\u00e4n kest\u00e4v\u00e4n kehityksen. He toimivat todella oma-aloitteisesti, k\u00e4yttiv\u00e4t paljon vapaa-aikaakin ty\u00f6n valmistamiseen ja tekiv\u00e4t hyvin sujuvaa yhteisty\u00f6t\u00e4.&#8221;<\/p><\/blockquote>\n\n\n\n<p><a href=\"https:\/\/www.youtube.com\/watch?v=SmJ2hORdPyE\">Projektip\u00e4iv\u00e4kirja (YouTube)<\/a><\/p>\n\n\n\n<figure class=\"wp-block-embed is-type-video is-provider-youtube wp-block-embed-youtube wp-embed-aspect-16-9 wp-has-aspect-ratio\"><div class=\"wp-block-embed__wrapper\">\n<iframe loading=\"lazy\" title=\"StarT2017 - Vuoksenniskan koulu - Suomi-Lautapeliprojekti\" width=\"580\" height=\"326\" src=\"https:\/\/www.youtube.com\/embed\/qLh79r40euQ?feature=oembed\" frameborder=\"0\" allow=\"accelerometer; autoplay; clipboard-write; encrypted-media; gyroscope; picture-in-picture; web-share\" referrerpolicy=\"strict-origin-when-cross-origin\" allowfullscreen><\/iframe>\n<\/div><\/figure>\n\n\n\n<h4 class=\"wp-block-heading\">Uni-tutkimukset<\/h4>\n\n\n\n<p><strong>Oppimisyhteis\u00f6:<\/strong>\u00a0Pikkolan koulu<br><strong>Kouluaste:<\/strong>\u00a0Yl\u00e4koulu<br><strong>Lyhyesti:<\/strong>\u00a0Projektissa oppilaat suunnittelevat ja toteuttavat pienryhm\u00e4ns\u00e4 kanssa matematiikkaa ja terveystietoa yhdistelev\u00e4n tutkimuksen unesta. Ty\u00f6 on huomioitu my\u00f6s opetusk\u00e4yt\u00e4nteen\u00e4!<\/p>\n\n\n\n<p><a href=\"https:\/\/padlet.com\/juuso_linnusmaki1\/7s25iaqhm88uj2fn\">Projektip\u00e4iv\u00e4kirja (ohjautuu toiselle verkkosivulle)<\/a><\/p>\n\n\n\n<p><a href=\"https:\/\/padlet.com\/juuso_linnusmaki1\/ute0ruikulh8v6qo\">Projektip\u00e4iv\u00e4kirja (ohjautuu toiselle verkkosivulle)<\/a><\/p>\n\n\n\n<p><a href=\"https:\/\/start.luma.fi\/wp-content\/uploads\/2022\/06\/Uni-projekti_pdf.pdf\">K\u00e4yt\u00e4nteen materiaalit<\/a> (PDF)<\/p>\n\n\n\n<figure class=\"wp-block-embed is-type-video is-provider-youtube wp-block-embed-youtube wp-embed-aspect-16-9 wp-has-aspect-ratio\"><div class=\"wp-block-embed__wrapper\">\n<iframe loading=\"lazy\" title=\"Uni 8A ryhm\u00e4 1\" width=\"580\" height=\"326\" src=\"https:\/\/www.youtube.com\/embed\/xl_ECH_iDAM?feature=oembed\" frameborder=\"0\" allow=\"accelerometer; autoplay; clipboard-write; encrypted-media; gyroscope; picture-in-picture; web-share\" referrerpolicy=\"strict-origin-when-cross-origin\" allowfullscreen><\/iframe>\n<\/div><\/figure>\n\n\n\n<figure class=\"wp-block-embed is-type-video is-provider-youtube wp-block-embed-youtube wp-embed-aspect-16-9 wp-has-aspect-ratio\"><div class=\"wp-block-embed__wrapper\">\n<iframe loading=\"lazy\" title=\"Uniprojekti 8B ryhm\u00e4 1\" width=\"580\" height=\"326\" src=\"https:\/\/www.youtube.com\/embed\/aAEkoS5F20w?feature=oembed\" frameborder=\"0\" allow=\"accelerometer; autoplay; clipboard-write; encrypted-media; gyroscope; picture-in-picture; web-share\" referrerpolicy=\"strict-origin-when-cross-origin\" allowfullscreen><\/iframe>\n<\/div><\/figure>\n\n\n\n<h4 class=\"wp-block-heading\">Comparing the ratio of Aluminum migration to the food from different kinds of aluminum foil<\/h4>\n\n\n\n<p><strong>Oppimisyhteis\u00f6n nimi:<\/strong>&nbsp;Iso Education School, Jordania<br><strong>Kouluaste:<\/strong>&nbsp;Yl\u00e4koulu<br><strong>Projektissa hy\u00f6dynnetyt oppiaineet:<\/strong>&nbsp;kemia, biologia ja matematiikka<\/p>\n\n\n\n<p><a href=\"https:\/\/start.luma.fi\/en\/files\/2022\/06\/our-diary.pdf\">Projektip\u00e4iv\u00e4kirja (PDF)<\/a><\/p>\n\n\n\n<p><strong>Lyhyesti:\u00a0<\/strong>Ryhm\u00e4 havainnoi yleisimpi\u00e4 alumiinisia kertak\u00e4ytt\u00f6isi\u00e4 ruokapakkauksia. He p\u00e4\u00e4ttiv\u00e4t toteuttaa tieteellisen kokeen ja vertailla, kuinka paljon alumiinia siirtyy erilaisista alumiinipakkauksista ruokaan.<\/p>\n\n\n\n<figure class=\"wp-block-embed is-type-video is-provider-youtube wp-block-embed-youtube wp-embed-aspect-16-9 wp-has-aspect-ratio\"><div class=\"wp-block-embed__wrapper\">\n<iframe loading=\"lazy\" title=\"Aluminum Migration to Our Food From Different Kinds of Food Package Aluminum Products\" width=\"580\" height=\"326\" src=\"https:\/\/www.youtube.com\/embed\/GslbJWRTtC8?feature=oembed\" frameborder=\"0\" allow=\"accelerometer; autoplay; clipboard-write; encrypted-media; gyroscope; picture-in-picture; web-share\" referrerpolicy=\"strict-origin-when-cross-origin\" allowfullscreen><\/iframe>\n<\/div><\/figure>\n\n\n\n<h4 class=\"wp-block-heading\"><strong>Just Breath<\/strong><\/h4>\n\n\n\n<p><strong>Oppimisyhteis\u00f6n nimi:<\/strong>&nbsp;Terakki Vakf\u0131 \u00d6zel \u015ei\u015fli Terakki Tepe\u00f6ren Anadolu Lisesi, Turkki<br><strong>Kouluaste:<\/strong>&nbsp;Yl\u00e4koulu ja lukio<br><strong>Projektissa hy\u00f6dynnetyt oppiaineet:<\/strong>&nbsp;Kemia ja kuvataide<\/p>\n\n\n\n<p><a href=\"https:\/\/youtu.be\/7cfET-d41GU\">Link to the project diary (YouTube).<\/a><\/p>\n\n\n\n<p><strong>Lyhyesti<\/strong>: Ilmansaasteet vaikuttavat ryhm\u00e4n koulun l\u00e4heisyydess\u00e4 oleileviin ihmisiin ja tiimil\u00e4iset p\u00e4\u00e4ttiv\u00e4t toimia ratkaistakseen t\u00e4m\u00e4n ongelman. Ryhm\u00e4 etsi muun muassa tietoa ilmansaasteiden vaikutuksista esimerkiksi elinajanodotteeseen. Tiedonkeruun j\u00e4lkeen tiimi toteutti kyselytutkimuksen ja haastatteli l\u00e4hiymp\u00e4rist\u00f6n asukkaita, l\u00e4hitehtaiden ty\u00f6ntekij\u00f6it\u00e4 sek\u00e4 tehtaanomistajia aiheesta. Lis\u00e4ksi kysely toteutettiin my\u00f6s tiimil\u00e4isten koulun oppilaille ja opettajille.<\/p>\n\n\n\n<figure class=\"wp-block-embed is-type-video is-provider-youtube wp-block-embed-youtube wp-embed-aspect-16-9 wp-has-aspect-ratio\"><div class=\"wp-block-embed__wrapper\">\n<iframe loading=\"lazy\" title=\"Just Breath \u00d6zel \u015ei\u015fli Terakki Vakf\u0131 Okullar\u0131 Tepe\u00f6ren Anadolu Lisesi Project Introduction Video\" width=\"580\" height=\"326\" src=\"https:\/\/www.youtube.com\/embed\/gVfO31KRvLk?feature=oembed\" frameborder=\"0\" allow=\"accelerometer; autoplay; clipboard-write; encrypted-media; gyroscope; picture-in-picture; web-share\" referrerpolicy=\"strict-origin-when-cross-origin\" allowfullscreen><\/iframe>\n<\/div><\/figure>\n\n\n\n<hr class=\"wp-block-separator has-alpha-channel-opacity\"\/>\n\n\n\n<h3 class=\"wp-block-heading\">Inspiraatioksi<\/h3>\n\n\n\n<p>StarT -teemakummien artikkeleissa kerrotaan mit\u00e4 alan asiantuntija tarvitsee ty\u00f6ss\u00e4\u00e4n, miten h\u00e4n on uralleen p\u00e4\u00e4tynyt ja artikkelit ovat mainioita esimerkkej\u00e4 mielenkiintoisesta uravaihtoehdosta: <a href=\"https:\/\/start.luma.fi\/tahtiin-kirjoitettu\/verfinin-johtaja-paula-vannista-kiehtoo-kemian-mystisyys\/\">VERIFINin johtaja Paula Vanninen<\/a><\/p>\n<\/div>\n<\/div>\n\n\n\n<h3 class=\"wp-block-heading\">Taustatietoa ja muuta materiaalia<\/h3>\n\n\n\n<p>My\u00f6s pelkki\u00e4 kirjallisia l\u00e4hteit\u00e4 voi k\u00e4ytt\u00e4\u00e4 hy\u00f6dyksi omien projektien suunnittelemisessa. Selkeit\u00e4 kirjallisia tietol\u00e4hteit\u00e4 hyvinvoinnista ja sen yhdist\u00e4misest\u00e4 eri oppiaineiden opetukseen ovat esimerkiksi:<\/p>\n\n\n\n<ul class=\"wp-block-list\"><li><a href=\"https:\/\/www.kaypahoito.fi\/hoi50075\">Liikunnan k\u00e4yp\u00e4 hoito -suositukset<\/a> (ohjautuu toiselle verkkosivulle)<\/li><li><a href=\"https:\/\/thl.fi\/fi\/ajankohtaista\/kampanjat\/kesaterveys\/rakastumisen-kemiaa\">Rakastumisen kemiaa -artikkeli<\/a> (ohjautuu toiselle verkkosivulle)<\/li><\/ul>\n\n\n\n<p>Selke\u00e4\u00e4 ja suomenkielist\u00e4 tietoa l\u00f6ytyy kootusti my\u00f6s kandidaatintutkielmista. Hyvinvointiin liittyvi\u00e4 kandidaatintutkielma ovat:<\/p>\n\n\n\n<div class=\"wp-block-file\"><a id=\"wp-block-file--media-50ec9a56-c386-4bc2-8864-ea6efd1b496b\" href=\"https:\/\/start.luma.fi\/materiaalipankki\/files\/2022\/06\/Rantaniitty_T_2013_kandidaatintutkielma.pdf\">Rantaniitty, T. 2013: Chilin kemiaa: kapsaisiini ja sen johdokset, kandidaatintutkielma (PDF)<\/a><a href=\"https:\/\/start.luma.fi\/materiaalipankki\/files\/2022\/06\/Rantaniitty_T_2013_kandidaatintutkielma.pdf\" class=\"wp-block-file__button\" download aria-describedby=\"wp-block-file--media-50ec9a56-c386-4bc2-8864-ea6efd1b496b\">Lataa<\/a><\/div>\n\n\n\n<div class=\"wp-block-file\"><a id=\"wp-block-file--media-98bd5032-c49f-4175-a442-9b124fd486b5\" href=\"https:\/\/start.luma.fi\/materiaalipankki\/files\/2022\/06\/herranen-j-2008.pdf\">Herranen, J. 2008: Makeutusaineet ja niiden vaikutukset ihmiselimist\u00f6\u00f6n, kandidaatintutkielma (PDF)<\/a><a href=\"https:\/\/start.luma.fi\/materiaalipankki\/files\/2022\/06\/herranen-j-2008.pdf\" class=\"wp-block-file__button\" download aria-describedby=\"wp-block-file--media-98bd5032-c49f-4175-a442-9b124fd486b5\">Lataa<\/a><\/div>\n\n\n\n<div class=\"wp-block-file\"><a id=\"wp-block-file--media-87bbe0e4-4171-413e-8127-f21d0844b90c\" href=\"https:\/\/start.luma.fi\/materiaalipankki\/files\/2022\/06\/sippel-k-2007.pdf\">Sippel, K. 2007: Proteiinien muuntuminen energiaksi ihmiselimist\u00f6ss\u00e4, kandidaatintutkielma (PDF)<\/a><a href=\"https:\/\/start.luma.fi\/materiaalipankki\/files\/2022\/06\/sippel-k-2007.pdf\" class=\"wp-block-file__button\" download aria-describedby=\"wp-block-file--media-87bbe0e4-4171-413e-8127-f21d0844b90c\">Lataa<\/a><\/div>\n\n\n\n<div class=\"wp-block-file\"><a id=\"wp-block-file--media-5538a292-459f-419b-9dbf-2523ac3311e7\" href=\"https:\/\/start.luma.fi\/materiaalipankki\/files\/2022\/06\/Hankaniemi_H_2015_kandidaatintutkielma.pdf\">Hankaniemi, H. 2015: Tupakan kemiaa, kandidaatintutkielma (PDF)<\/a><a href=\"https:\/\/start.luma.fi\/materiaalipankki\/files\/2022\/06\/Hankaniemi_H_2015_kandidaatintutkielma.pdf\" class=\"wp-block-file__button\" download aria-describedby=\"wp-block-file--media-5538a292-459f-419b-9dbf-2523ac3311e7\">Lataa<\/a><\/div>\n\n\n\n<div class=\"wp-block-file\"><a id=\"wp-block-file--media-bc0fa547-c19f-4a8f-8916-445a5454046e\" href=\"https:\/\/start.luma.fi\/materiaalipankki\/files\/2022\/06\/Tunturi_H_2015_kandidaatintutkielma.pdf\">Tunturi, H. 2015: Vihre\u00e4n teen katekiinit, kandidaatintutkielma (PDF)<\/a><a href=\"https:\/\/start.luma.fi\/materiaalipankki\/files\/2022\/06\/Tunturi_H_2015_kandidaatintutkielma.pdf\" class=\"wp-block-file__button\" download aria-describedby=\"wp-block-file--media-bc0fa547-c19f-4a8f-8916-445a5454046e\">Lataa<\/a><\/div>\n\n\n\n<h4 class=\"wp-block-heading\">Hyvinvointi ja terveys -teeman luokka-astekohtaisia materiaaleja<\/h4>\n\n\n\n<p><a href=\"https:\/\/start.luma.fi\/materiaalipankki\/lapset\/#hyvinvointi\">Lapset<\/a><br><a href=\"https:\/\/start.luma.fi\/materiaalipankki\/alakoulu\/#hyvinvointi\">Alakoulu<br><\/a><a href=\"https:\/\/start.luma.fi\/materiaalipankki\/ylakoulu\/#hyvinvointi\">Yl\u00e4koulu<\/a><br><a href=\"https:\/\/start.luma.fi\/materiaalipankki\/toinen-aste\/#hyvinvointi\">Toinen aste<\/a><\/p>\n<\/div><\/div><\/div><\/div><\/div>\n\n\n\n<p><\/p>\n","protected":false},"excerpt":{"rendered":"","protected":false},"author":16,"featured_media":0,"parent":18,"menu_order":0,"comment_status":"closed","ping_status":"closed","template":"","meta":{"footnotes":""},"class_list":["post-92","page","type-page","status-publish","hentry"],"_links":{"self":[{"href":"https:\/\/start.luma.fi\/materiaalipankki\/wp-json\/wp\/v2\/pages\/92","targetHints":{"allow":["GET"]}}],"collection":[{"href":"https:\/\/start.luma.fi\/materiaalipankki\/wp-json\/wp\/v2\/pages"}],"about":[{"href":"https:\/\/start.luma.fi\/materiaalipankki\/wp-json\/wp\/v2\/types\/page"}],"author":[{"embeddable":true,"href":"https:\/\/start.luma.fi\/materiaalipankki\/wp-json\/wp\/v2\/users\/16"}],"replies":[{"embeddable":true,"href":"https:\/\/start.luma.fi\/materiaalipankki\/wp-json\/wp\/v2\/comments?post=92"}],"version-history":[{"count":13,"href":"https:\/\/start.luma.fi\/materiaalipankki\/wp-json\/wp\/v2\/pages\/92\/revisions"}],"predecessor-version":[{"id":737,"href":"https:\/\/start.luma.fi\/materiaalipankki\/wp-json\/wp\/v2\/pages\/92\/revisions\/737"}],"up":[{"embeddable":true,"href":"https:\/\/start.luma.fi\/materiaalipankki\/wp-json\/wp\/v2\/pages\/18"}],"wp:attachment":[{"href":"https:\/\/start.luma.fi\/materiaalipankki\/wp-json\/wp\/v2\/media?parent=92"}],"curies":[{"name":"wp","href":"https:\/\/api.w.org\/{rel}","templated":true}]}}