{"id":95,"date":"2020-06-21T21:50:55","date_gmt":"2020-06-21T18:50:55","guid":{"rendered":"https:\/\/start.luma.fi\/materiaalipankki\/?page_id=95"},"modified":"2022-06-30T14:47:31","modified_gmt":"2022-06-30T11:47:31","slug":"tahdet-ja-avaruus","status":"publish","type":"page","link":"https:\/\/start.luma.fi\/materiaalipankki\/teemat\/tahdet-ja-avaruus\/","title":{"rendered":"T\u00e4hdet ja avaruus"},"content":{"rendered":"\n<div class=\"wp-block-getwid-section alignfull alignfull getwid-section-content-custom-width\"><div class=\"wp-block-getwid-section__wrapper getwid-padding-bottom-large getwid-padding-left-medium getwid-padding-right-medium\" style=\"padding-top:8px\"><div class=\"wp-block-getwid-section__inner-wrapper\" style=\"max-width:1140px\"><div class=\"wp-block-getwid-section__background-holder\"><div class=\"wp-block-getwid-section__background\" style=\"background-image:url('https:\/\/cgw.motopress.com\/wp-content\/uploads\/2019\/11\/background-1.jpg')\"><div class=\"wp-block-getwid-section__background-image-wrapper\"><img decoding=\"async\" class=\"wp-block-getwid-section__background-image\" src=\"https:\/\/cgw.motopress.com\/wp-content\/uploads\/2019\/11\/background-1.jpg\" alt=\"\"\/><\/div><\/div><div class=\"wp-block-getwid-section__foreground\"><\/div><\/div><div class=\"wp-block-getwid-section__content\"><div class=\"wp-block-getwid-section__inner-content\">\n<div class=\"wp-block-columns has-2-columns are-vertically-aligned-center is-layout-flex wp-container-core-columns-is-layout-9d6595d7 wp-block-columns-is-layout-flex\">\n<div class=\"wp-block-column is-vertically-aligned-center is-layout-flow wp-block-column-is-layout-flow\">\n<figure class=\"wp-block-image size-large\"><img loading=\"lazy\" decoding=\"async\" width=\"626\" height=\"900\" src=\"https:\/\/start.luma.fi\/materiaalipankki\/files\/2020\/06\/Minun-lumani.jpg\" alt=\"\" class=\"wp-image-84\" srcset=\"https:\/\/start.luma.fi\/materiaalipankki\/files\/2020\/06\/Minun-lumani.jpg 626w, https:\/\/start.luma.fi\/materiaalipankki\/files\/2020\/06\/Minun-lumani-209x300.jpg 209w\" sizes=\"auto, (max-width: 626px) 100vw, 626px\" \/><\/figure>\n<\/div>\n\n\n\n<div class=\"wp-block-column is-vertically-aligned-center is-layout-flow wp-block-column-is-layout-flow\">\n<div class=\"wp-block-getwid-section\"><div class=\"wp-block-getwid-section__wrapper getwid-padding-top-none getwid-padding-bottom-none getwid-padding-left-medium getwid-padding-right-none getwid-padding-mobile-left-none\"><div class=\"wp-block-getwid-section__inner-wrapper\"><div class=\"wp-block-getwid-section__background-holder\"><div class=\"wp-block-getwid-section__background\"><\/div><div class=\"wp-block-getwid-section__foreground\"><\/div><\/div><div class=\"wp-block-getwid-section__content\"><div class=\"wp-block-getwid-section__inner-content\">\n<div class=\"wp-block-getwid-advanced-heading\" style=\"margin-bottom:30px;margin-top:10px\"><h2 class=\"wp-block-getwid-advanced-heading__content\">T\u00e4hdet ja avaruus<\/h2><\/div>\n\n\n\n<p>Avaruus on kiehtonut ihmisi\u00e4 aikojen alusta alkaen.&nbsp;Iltaisin voimme ihastella sen t\u00e4htiloistoa&nbsp;ja poutap\u00e4ivin\u00e4 kirkkaansinisen\u00e4 hehkuvaa taivasta. Ymm\u00e4rr\u00e4mme auringosta saapuvan energian t\u00e4rkeyden maapallon el\u00e4m\u00e4lle ja osaamme jo kenties suojautua ihoamme vaurioittavaa UV-s\u00e4teily\u00e4 vastaan. L\u00e4htek\u00e4\u00e4 oppilaidenne kanssa tutkimusmatkalle avaruuteen tutkimalla maailmankaikkeuden mittasuhteita, rakentamalla oma aurinkokunta tai vaikka sateliitti. Voitte my\u00f6s selvitt\u00e4\u00e4, mit\u00e4 hy\u00f6ty\u00e4 meille on sateliiteista. Tai millaista on avaruuden tutkimus Suomessa ja maailmalla t\u00e4ll\u00e4 hetkell\u00e4?<\/p>\n\n\n\n<p>T\u00e4st\u00e4 osasta l\u00f6yd\u00e4t materiaaleja ja opetusideoita, jotka liittyv\u00e4t StarTin teemaan T\u00e4hdet ja avaruus. Materiaalit ja opetusideat on jaoteltu ik\u00e4ryhmitt\u00e4in.<\/p>\n<\/div><\/div><\/div><\/div><\/div>\n<\/div>\n<\/div>\n\n\n\n<h3 class=\"wp-block-heading\"><br><strong>Projektiesimerkkej\u00e4 ja hyvi\u00e4 opetusk\u00e4yt\u00e4nteit\u00e4<\/strong><\/h3>\n\n\n\n<p><br>StarT-projektioppimisohjelman parissa on toteutettu monialaisia projekteja ja opetusk\u00e4yt\u00e4nteit\u00e4 vuodesta 2016 alkaen. T\u00e4hdet ja avaruus -teemaisista projekteista ja opetusk\u00e4yt\u00e4nteist\u00e4 saat inspiraatiota aina varhaiskasvatuksesta toiselle asteelle saakka.<\/p>\n\n\n\n<p>Aikaisemmat parhaat t\u00e4hdet ja avaruus -teemaiset projektit l\u00f6yd\u00e4t <a href=\"https:\/\/start.luma.fi\/materiaalipankki\/teemat\/tahdet-ja-avaruus\/tahdet-ja-avaruus-teeman-projektit\/\">t\u00e4st\u00e4 linkist\u00e4.<\/a><br>Aikaisemmat teeman parhaat k\u00e4yt\u00e4nteet l\u00f6yd\u00e4t&nbsp;<a href=\"https:\/\/start.luma.fi\/materiaalipankki\/tahdet-ja-avaruus-teeman-opetuskaytanteet\/\">t\u00e4st\u00e4 linkist\u00e4<\/a><\/p>\n\n\n\n<h4 class=\"wp-block-heading\">Radioastronomiaa<\/h4>\n\n\n\n<p>Oppimisyhteis\u00f6: Kulosaaren yhteiskoulu, Helsinki.<\/p>\n\n\n\n<blockquote class=\"wp-block-quote is-layout-flow wp-block-quote-is-layout-flow\"><p>Tiimimme innostui radioilla leikkimisest\u00e4 ja p\u00e4\u00e4dyttiin sitten tutkimaan radioastronomiaa. Otimme kuitenkin kaksi projektia eli vedyn kuuntelun ja meteoriitit(onnistuminen ensimm\u00e4isell\u00e4 oli liian ep\u00e4varma). Avaruudessa olevan vedyn kuunteluun l\u00e4hdimme rakentamaan itse massiivista antennia. Siit\u00e4 ei kuitenkaan saatu tekniikkaa ajallaan toimimaan. Kuuntelimme sitten meteoriittien kimmokkeita yksinkertaisemmalla antennilla.<\/p><\/blockquote>\n\n\n\n<figure class=\"wp-block-embed is-type-video is-provider-youtube wp-block-embed-youtube wp-embed-aspect-16-9 wp-has-aspect-ratio\"><div class=\"wp-block-embed__wrapper\">\n<iframe loading=\"lazy\" title=\"Radioastronomia, Kulosaaren yhteiskoulu\" width=\"580\" height=\"326\" src=\"https:\/\/www.youtube.com\/embed\/M4_65qgvXKY?feature=oembed\" frameborder=\"0\" allow=\"accelerometer; autoplay; clipboard-write; encrypted-media; gyroscope; picture-in-picture; web-share\" referrerpolicy=\"strict-origin-when-cross-origin\" allowfullscreen><\/iframe>\n<\/div><\/figure>\n\n\n\n<h4 class=\"wp-block-heading\">Planeettamme Maa<\/h4>\n\n\n\n<p>Oppimisyhteis\u00f6: Skinnarilan koulu, Lappeenranta<\/p>\n\n\n\n<blockquote class=\"wp-block-quote is-layout-flow wp-block-quote-is-layout-flow\"><p>Tutustuimme luokassa pareittain eri planeettoihin. Teimme tiedonhankintaa, jonka pohjalta valmistelimme videoesityksen, jossa harjoittelimme yleis\u00f6lle puhumista. Matematiikassa laskimme planeetoille sopivat pienenn\u00f6kset ja teimme sitten kuvataiteessa planeetat pienoiskoossa.<\/p><\/blockquote>\n\n\n\n<figure class=\"wp-block-embed is-type-video is-provider-youtube wp-block-embed-youtube wp-embed-aspect-16-9 wp-has-aspect-ratio\"><div class=\"wp-block-embed__wrapper\">\n<iframe loading=\"lazy\" title=\"Planeettamme maa\" width=\"580\" height=\"326\" src=\"https:\/\/www.youtube.com\/embed\/umwQ-aeMWLI?feature=oembed\" frameborder=\"0\" allow=\"accelerometer; autoplay; clipboard-write; encrypted-media; gyroscope; picture-in-picture; web-share\" referrerpolicy=\"strict-origin-when-cross-origin\" allowfullscreen><\/iframe>\n<\/div><\/figure>\n\n\n\n<h2 class=\"wp-block-heading\">The galaxy<\/h2>\n\n\n\n<p>Oppimisyhteis\u00f6: Curious astronauts, \u015e\u0131rnak,&nbsp;Turkki<\/p>\n\n\n\n<p>Projektissa askarreltiin pimennettyyn luokkahuoneeseen kolmiulotteinen avaruuden malli. LUMA StarT Award nominee 2018.<\/p>\n\n\n\n<div class=\"wp-block-file\"><a id=\"wp-block-file--media-8a0901d7-0d99-4646-9d88-9c00eeac3391\" href=\"https:\/\/start.luma.fi\/materiaalipankki\/files\/2022\/06\/galaxy-pakattu.pdf\">Projektip\u00e4iv\u00e4kirja (PDF)<\/a><a href=\"https:\/\/start.luma.fi\/materiaalipankki\/files\/2022\/06\/galaxy-pakattu.pdf\" class=\"wp-block-file__button\" download aria-describedby=\"wp-block-file--media-8a0901d7-0d99-4646-9d88-9c00eeac3391\">Lataa<\/a><\/div>\n\n\n\n<figure class=\"wp-block-embed is-type-video is-provider-youtube wp-block-embed-youtube wp-embed-aspect-16-9 wp-has-aspect-ratio\"><div class=\"wp-block-embed__wrapper\">\n<iframe loading=\"lazy\" title=\"LUMA StarT nominee 2018, The Galaxy, Curious astronauts, Turkey\" width=\"580\" height=\"326\" src=\"https:\/\/www.youtube.com\/embed\/dC7HDJ3BXCY?feature=oembed\" frameborder=\"0\" allow=\"accelerometer; autoplay; clipboard-write; encrypted-media; gyroscope; picture-in-picture; web-share\" referrerpolicy=\"strict-origin-when-cross-origin\" allowfullscreen><\/iframe>\n<\/div><\/figure>\n\n\n\n<h4 class=\"wp-block-heading\">Astrophysical Modeling of Wolf Rayet Stars Using Low Resolution Gratings<\/h4>\n\n\n\n<p>Oppimisyhteis\u00f6: Clube Ci\u00eancia Viva ESDMII Braga, Portugali.<\/p>\n\n\n\n<div class=\"wp-block-file\"><a id=\"wp-block-file--media-83613c71-4437-4dc0-81fe-81828177e268\" href=\"https:\/\/start.luma.fi\/materiaalipankki\/files\/2022\/06\/wolfrayet.pdf\">Projektip\u00e4iv\u00e4kirja (PDF)<\/a><a href=\"https:\/\/start.luma.fi\/materiaalipankki\/files\/2022\/06\/wolfrayet.pdf\" class=\"wp-block-file__button\" download aria-describedby=\"wp-block-file--media-83613c71-4437-4dc0-81fe-81828177e268\">Lataa<\/a><\/div>\n\n\n\n<figure class=\"wp-block-embed is-type-video is-provider-youtube wp-block-embed-youtube wp-embed-aspect-16-9 wp-has-aspect-ratio\"><div class=\"wp-block-embed__wrapper\">\n<iframe loading=\"lazy\" title=\"Astrophysical Modeling of Wolf Rayet Stars,  Clube Ci\u00eancia Viva ESDMII Braga,  Portugal\" width=\"580\" height=\"326\" src=\"https:\/\/www.youtube.com\/embed\/FNdVA8zFA7k?feature=oembed\" frameborder=\"0\" allow=\"accelerometer; autoplay; clipboard-write; encrypted-media; gyroscope; picture-in-picture; web-share\" referrerpolicy=\"strict-origin-when-cross-origin\" allowfullscreen><\/iframe>\n<\/div><\/figure>\n\n\n\n<h4 class=\"wp-block-heading\">S\u00e4\u00e4pallo<\/h4>\n\n\n\n<p>Veikkolan yhten\u00e4iskoulun&nbsp;S\u00e4\u00e4pallo-projekti&nbsp;on yhdist\u00e4nyt eri luokka-asteita, asiantuntijoita ja muita yhteisty\u00f6tahoja. Tuloksena on k\u00e4yt\u00e4nn\u00f6n sovellus, jonka toimivuutta my\u00f6si testataan.<\/p>\n\n\n\n<blockquote class=\"wp-block-quote is-layout-flow wp-block-quote-is-layout-flow\"><p>\u201cLuokat 5A + 5B Aloittivat Avaruus-teeman k\u00e4sittelyn tutustumalla eri oppiaineiden avulla kyseiseen aiheeseen. Teemaan lis\u00e4ttiin S\u00e4\u00e4pallo-projekti, jonka j\u00e4lkeen luokat aloittivat aiheeseen liittyv\u00e4t testaukset (l\u00e4mp\u00f6tila\/eristys, maan vetovoima \/ hidastuvuus yms.). Luokat 7-9 osallistuivat eri valinnaisaineiden kautta itse s\u00e4\u00e4pallon rakentamiseen, koska heill\u00e4 oli tarvittavat taidot.\u201d<\/p><\/blockquote>\n\n\n\n<figure class=\"wp-block-embed is-type-video is-provider-youtube wp-block-embed-youtube wp-embed-aspect-16-9 wp-has-aspect-ratio\"><div class=\"wp-block-embed__wrapper\">\n<iframe loading=\"lazy\" title=\"StarT2017 - Veikkolan yhten\u00e4iskoulu - T\u00e4hdet ja avaruus -projekti\" width=\"580\" height=\"326\" src=\"https:\/\/www.youtube.com\/embed\/D9O-d32Af5E?feature=oembed\" frameborder=\"0\" allow=\"accelerometer; autoplay; clipboard-write; encrypted-media; gyroscope; picture-in-picture; web-share\" referrerpolicy=\"strict-origin-when-cross-origin\" allowfullscreen><\/iframe>\n<\/div><\/figure>\n\n\n\n<h4 class=\"wp-block-heading\">Avaruusmatka<\/h4>\n\n\n\n<p>P\u00e4iv\u00e4koti Piilomets\u00e4n&nbsp;Avaruusmatka-projektissa lapset ovat p\u00e4\u00e4sseet tutustumaan aurinkokuntaamme monipuolisin ty\u00f6tavoin; maalaten, rakentaen ja leikkien.<\/p>\n\n\n\n<blockquote class=\"wp-block-quote is-layout-flow wp-block-quote-is-layout-flow\"><p>\u201cPiilomets\u00e4n P\u00f6ll\u00f6-Vaari salamatkusti eskareiden kyydiss\u00e4 avaruuteen ja ker\u00e4si sielt\u00e4 tietoutta, jonka halusi jakaa lasten kanssa. K\u00e4ytimme projektity\u00f6skentelyss\u00e4 ja tiimin teemavalinnassa samaa pohjaa, jota muutimme: tiimity\u00f6skentelyss\u00e4 se on asiapitoinen ja projektity\u00f6skentelyss\u00e4 viihdytt\u00e4v\u00e4. &nbsp;Planeetat: lumiveistokset, maalaus, nimien kirjoittaminen, tiedon hakeminen, \u00e4\u00e4nitt\u00e4minen. T\u00e4hdet: taikataikinat\u00e4hdet, maalaaminen, lakkaaminen Taika-lakalla, tiedon hakeminen, tutuimmat t\u00e4hdist\u00f6t, kirjoittaminen, \u00e4\u00e4nitt\u00e4minen, valokuvaaminen. T\u00e4htihuone: Rakennettiin pressuja ja paalinarua k\u00e4ytt\u00e4en, tutuimmat t\u00e4hdist\u00f6t esille. T\u00e4hdist\u00f6t hohtivat pime\u00e4ss\u00e4 &nbsp;Avaruusraketti: Maitolaatikot ja nuoskalumi perustassa, riukupuut ja paalinaru kehikossa, vanha lapsen kotoa tuotu lakana rakettina, maalattiin teksti\u00e4. Rakettitietous j\u00e4i meill\u00e4 viel\u00e4 v\u00e4h\u00e4n kesken, mutta k\u00e4yt\u00e4mme siin\u00e4 pohjana lastentarhanopettajan ja tiimivet\u00e4j\u00e4n omia kokemuksia vierailusta USA:n.\u201d<\/p><\/blockquote>\n\n\n\n<p><a href=\"https:\/\/www.youtube.com\/watch?v=gpjp0Kf62C8\">Projektip\u00e4iv\u00e4kirja (YouTube)<\/a><\/p>\n\n\n\n<figure class=\"wp-block-embed is-type-video is-provider-youtube wp-block-embed-youtube wp-embed-aspect-16-9 wp-has-aspect-ratio\"><div class=\"wp-block-embed__wrapper\">\n<iframe loading=\"lazy\" title=\"StarT2017 - P\u00e4iv\u00e4koti Piilomets\u00e4 - avaruusprojekti\" width=\"580\" height=\"326\" src=\"https:\/\/www.youtube.com\/embed\/Z-YZBGiuVeY?feature=oembed\" frameborder=\"0\" allow=\"accelerometer; autoplay; clipboard-write; encrypted-media; gyroscope; picture-in-picture; web-share\" referrerpolicy=\"strict-origin-when-cross-origin\" allowfullscreen><\/iframe>\n<\/div><\/figure>\n\n\n\n<h4 class=\"wp-block-heading\">Earth\u2019s history<\/h4>\n\n\n\n<p>Klaipeda kindergarten \u201cDwarf\u201d, Liettua, tutki Maan historiaa.<br>Tiimiin kuului 20 esikoululaista vanhempineen ja opettajineen. Tiimi valitsi teeman \u201cT\u00e4hdet ja avaruus\u201d, koska se vaikutti hyvin kiinnostavalta ja hiukan mystiselt\u00e4. Tiimi suunnitteli projektin yhdess\u00e4 ja ryhtyi t\u00f6ihin. Ensin tutustuttiin maailmankaikkeuteen, t\u00e4htiin ja planeetoihin, katsomalla videoita, piirt\u00e4m\u00e4ll\u00e4 ja tutustumalla aurinkokunnan malliin. Sitten opeteltiin satu Auringosta ja Kuusta. Vanhemmat auttoivat varjoteatterin rakentamisessa. Tiimi toteutti n\u00e4ytelm\u00e4n \u201cMaan historia\u201d, jonka lapset ja vanhemmat esittiv\u00e4t yhdess\u00e4 koko p\u00e4iv\u00e4kodille.<\/p>\n\n\n\n<figure class=\"wp-block-embed is-type-video is-provider-youtube wp-block-embed-youtube wp-embed-aspect-16-9 wp-has-aspect-ratio\"><div class=\"wp-block-embed__wrapper\">\n<iframe loading=\"lazy\" title=\"Performance Earth\u2019s History 2017\" width=\"580\" height=\"326\" src=\"https:\/\/www.youtube.com\/embed\/pcMa5QLMy4c?feature=oembed\" frameborder=\"0\" allow=\"accelerometer; autoplay; clipboard-write; encrypted-media; gyroscope; picture-in-picture; web-share\" referrerpolicy=\"strict-origin-when-cross-origin\" allowfullscreen><\/iframe>\n<\/div><\/figure>\n\n\n\n<h4 class=\"wp-block-heading\">Astrobiology and astrogeology<\/h4>\n\n\n\n<p>Astrobiologinen ja astrogeologinen projekti Jupiterin kuusta, Agrupamento de Escolas Cidade do Entroncamento, Portugali.<br>Ryhm\u00e4n teemana oli astrogeologia ja astrobiologia. Ryhm\u00e4 on aina osannut ty\u00f6skennell\u00e4 yhdess\u00e4. He halusivat olla innovatiivisia, ettei projekti j\u00e4isi tavanomaiseksi tutkielmaksi planeetoista ja el\u00e4m\u00e4st\u00e4 muissa aurinkokunnissa. Ja sen he tekiv\u00e4t! He keksiv\u00e4t esimerkiksi arvoituspelin, jossa olivat mukana heid\u00e4n tekem\u00e4ns\u00e4 mallit. Toisessa osassa he etsiv\u00e4t el\u00e4m\u00e4\u00e4\u2026 vedest\u00e4. He halusivat n\u00e4ytt\u00e4\u00e4 vieraileville oppilaille, ett\u00e4 el\u00e4m\u00e4\u00e4 esiintyy monissa muodoissa. Oppilaat p\u00e4\u00e4siv\u00e4t kokoamaan oman ET:n annetuista el\u00e4vien olentojen osista.<\/p>\n\n\n\n<p><a href=\"https:\/\/express.adobe.com\/page\/wyuLAOI4rLRof\/\">Linkki projektip\u00e4iv\u00e4kirjaan (ohjautuu toiselle verkkosivulle).<\/a><\/p>\n\n\n\n<figure class=\"wp-block-embed is-type-video is-provider-youtube wp-block-embed-youtube wp-embed-aspect-4-3 wp-has-aspect-ratio\"><div class=\"wp-block-embed__wrapper\">\nhttps:\/\/youtu.be\/fp_es8VNOEk\n<\/div><\/figure>\n\n\n\n<h4 class=\"wp-block-heading\">The first trip of man to the moon<\/h4>\n\n\n\n<p>Oppimisyhteis\u00f6: Kaukon koulu, Rovaniemi<br>StarT-teema: t\u00e4hdet ja avaruus<br>Luokka-aste: 1.luokka<\/p>\n\n\n\n<p><strong>Lyhyesti:<\/strong>&nbsp;Projektissa tutustuttiin t\u00e4htitieteeseen lasten kysymysten kautta. He ohjelmoivat animaation ihmisen ensimm\u00e4isest\u00e4 matkasta kuuhun ScratchJr-ohjelmalla.<\/p>\n\n\n\n<p><a href=\"https:\/\/docs.google.com\/document\/d\/1c42UYF4vHpRvUbV8FrYsdgqMg_PS3wuSHbepwdTYz6M\/edit?usp=sharing\">Linkki projektip\u00e4iv\u00e4kirjaan (ohjautuu toiselle verkkosivulle).<\/a><\/p>\n\n\n\n<figure class=\"wp-block-embed is-type-video is-provider-youtube wp-block-embed-youtube wp-embed-aspect-16-9 wp-has-aspect-ratio\"><div class=\"wp-block-embed__wrapper\">\n<iframe loading=\"lazy\" title=\"KUUMATKAUUSI\" width=\"580\" height=\"326\" src=\"https:\/\/www.youtube.com\/embed\/hBHEnTzLzcc?feature=oembed\" frameborder=\"0\" allow=\"accelerometer; autoplay; clipboard-write; encrypted-media; gyroscope; picture-in-picture; web-share\" referrerpolicy=\"strict-origin-when-cross-origin\" allowfullscreen><\/iframe>\n<\/div><\/figure>\n\n\n\n<h4 class=\"wp-block-heading\">The Planetarium<\/h4>\n\n\n\n<p><strong>Oppimisyhteis\u00f6n nimi:<\/strong>&nbsp;<em>Zarqa University Schools and KGs, Jordania<br><strong>K\u00e4yt\u00e4nne on:<\/strong><\/em>&nbsp;opetusk\u00e4yt\u00e4nne<\/p>\n\n\n\n<p><a href=\"https:\/\/start.luma.fi\/en\/files\/2022\/06\/the-planetarium.pdf\">K\u00e4yt\u00e4nteen materiaalit englanniksi (PDF)<\/a><\/p>\n\n\n\n<figure class=\"wp-block-embed is-type-video is-provider-youtube wp-block-embed-youtube wp-embed-aspect-16-9 wp-has-aspect-ratio\"><div class=\"wp-block-embed__wrapper\">\nhttps:\/\/youtu.be\/v0v-xzxkLzM?list=PLFAM98ZMjI12tWhUOwMiBvFkumVVrpNzE\n<\/div><\/figure>\n\n\n\n<hr class=\"wp-block-separator has-alpha-channel-opacity\"\/>\n\n\n\n<h3 class=\"wp-block-heading\">Taustatietoa ja muuta materiaalia<\/h3>\n\n\n\n<ul class=\"wp-block-list\"><li>&nbsp;Teemaan liittyv\u00e4\u00e4 englanninkielist\u00e4 opetukseen suunnattua materiaalia l\u00f6ytyy esimerkiksi seuraavilta sivustoilta. Sivustot sis\u00e4lt\u00e4v\u00e4t mm. ty\u00f6ohjeita, vinkkej\u00e4 projekteihin, tietoa avaruudesta sek\u00e4 animaatioita ja videoita:<ul><li><a href=\"https:\/\/www.esa.int\/Education\">ESA, European Space Agency \u00ad Space for Educators<\/a> (ohjaa toiselle verkkosivulle)<\/li><li><a href=\"https:\/\/www.esa.int\/kids\/en\/home\">ESA Kids \u00ad Space for Kids<\/a>  (ohjaa toiselle verkkosivulle)<\/li><li><a href=\"https:\/\/spaceplace.nasa.gov\/\">NASA Space Place -sivusto<\/a> (ohjaa toiselle verkkosivulle)<\/li><\/ul><\/li><li>&nbsp;Ursan internetsivusto sis\u00e4lt\u00e4\u00e4 ajankohtaista tietoa avaruudesta ja taivaan ilmi\u00f6ist\u00e4. T\u00e4hdet ja avaruus -osio tarjoaa mm. mielenkiintoisia teemaan liittyvi\u00e4 uutisia ja Taivaanvahti-osiossa voi seurata taivaalla tapahtuneita ilmi\u00f6it\u00e4 sek\u00e4 j\u00e4tt\u00e4\u00e4 kuvia ja tietoa my\u00f6s omista havainnoistaan.<ul><li><a href=\"https:\/\/www.ursa.fi\/etusivu.html\">https:\/\/www.ursa.fi\/etusivu.html<\/a><\/li><\/ul><\/li><\/ul>\n\n\n\n<h4 class=\"wp-block-heading\">T\u00e4hdet ja avaruus teeman luokka-aste kohtaisia materiaaleja<\/h4>\n\n\n\n<p><a href=\"https:\/\/start.luma.fi\/materiaalipankki\/lapset\/#tahdet\">Lapset<\/a><br><a href=\"https:\/\/start.luma.fi\/materiaalipankki\/alakoulu\/#tahdet\">Alakoulu<\/a><br><a href=\"https:\/\/start.luma.fi\/materiaalipankki\/ylakoulu\/#tahdet\">Yl\u00e4koulu<\/a><br><a href=\"https:\/\/start.luma.fi\/materiaalipankki\/toinen-aste\/#tahdet\">Toinen aste<\/a><\/p>\n<\/div><\/div><\/div><\/div><\/div>\n","protected":false},"excerpt":{"rendered":"","protected":false},"author":16,"featured_media":0,"parent":18,"menu_order":0,"comment_status":"closed","ping_status":"closed","template":"","meta":{"footnotes":""},"class_list":["post-95","page","type-page","status-publish","hentry"],"_links":{"self":[{"href":"https:\/\/start.luma.fi\/materiaalipankki\/wp-json\/wp\/v2\/pages\/95","targetHints":{"allow":["GET"]}}],"collection":[{"href":"https:\/\/start.luma.fi\/materiaalipankki\/wp-json\/wp\/v2\/pages"}],"about":[{"href":"https:\/\/start.luma.fi\/materiaalipankki\/wp-json\/wp\/v2\/types\/page"}],"author":[{"embeddable":true,"href":"https:\/\/start.luma.fi\/materiaalipankki\/wp-json\/wp\/v2\/users\/16"}],"replies":[{"embeddable":true,"href":"https:\/\/start.luma.fi\/materiaalipankki\/wp-json\/wp\/v2\/comments?post=95"}],"version-history":[{"count":8,"href":"https:\/\/start.luma.fi\/materiaalipankki\/wp-json\/wp\/v2\/pages\/95\/revisions"}],"predecessor-version":[{"id":747,"href":"https:\/\/start.luma.fi\/materiaalipankki\/wp-json\/wp\/v2\/pages\/95\/revisions\/747"}],"up":[{"embeddable":true,"href":"https:\/\/start.luma.fi\/materiaalipankki\/wp-json\/wp\/v2\/pages\/18"}],"wp:attachment":[{"href":"https:\/\/start.luma.fi\/materiaalipankki\/wp-json\/wp\/v2\/media?parent=95"}],"curies":[{"name":"wp","href":"https:\/\/api.w.org\/{rel}","templated":true}]}}