{"id":98,"date":"2020-06-21T21:55:11","date_gmt":"2020-06-21T18:55:11","guid":{"rendered":"https:\/\/start.luma.fi\/materiaalipankki\/?page_id=98"},"modified":"2022-06-21T17:33:42","modified_gmt":"2022-06-21T14:33:42","slug":"koti-kulttuuri-ja-kansainvalisyys","status":"publish","type":"page","link":"https:\/\/start.luma.fi\/materiaalipankki\/teemat\/koti-kulttuuri-ja-kansainvalisyys\/","title":{"rendered":"Koti, kulttuuri ja kansainv\u00e4lisyys"},"content":{"rendered":"\n<div class=\"wp-block-getwid-section alignfull alignfull getwid-section-content-custom-width\"><div class=\"wp-block-getwid-section__wrapper getwid-padding-bottom-large getwid-padding-left-medium getwid-padding-right-medium\" style=\"padding-top:3px\"><div class=\"wp-block-getwid-section__inner-wrapper\" style=\"max-width:1140px\"><div class=\"wp-block-getwid-section__background-holder\"><div class=\"wp-block-getwid-section__background\" style=\"background-image:url('https:\/\/cgw.motopress.com\/wp-content\/uploads\/2019\/11\/background-1.jpg')\"><div class=\"wp-block-getwid-section__background-image-wrapper\"><img decoding=\"async\" class=\"wp-block-getwid-section__background-image\" src=\"https:\/\/cgw.motopress.com\/wp-content\/uploads\/2019\/11\/background-1.jpg\" alt=\"\"\/><\/div><\/div><div class=\"wp-block-getwid-section__foreground\"><\/div><\/div><div class=\"wp-block-getwid-section__content\"><div class=\"wp-block-getwid-section__inner-content\">\n<div class=\"wp-block-columns has-2-columns are-vertically-aligned-center is-layout-flex wp-container-core-columns-is-layout-9d6595d7 wp-block-columns-is-layout-flex\">\n<div class=\"wp-block-column is-vertically-aligned-center is-layout-flow wp-block-column-is-layout-flow\">\n<figure class=\"wp-block-image size-full\"><img loading=\"lazy\" decoding=\"async\" width=\"300\" height=\"300\" src=\"https:\/\/start.luma.fi\/materiaalipankki\/files\/2020\/06\/Suomenlippu.png\" alt=\"\" class=\"wp-image-99\" srcset=\"https:\/\/start.luma.fi\/materiaalipankki\/files\/2020\/06\/Suomenlippu.png 300w, https:\/\/start.luma.fi\/materiaalipankki\/files\/2020\/06\/Suomenlippu-150x150.png 150w\" sizes=\"auto, (max-width: 300px) 100vw, 300px\" \/><\/figure>\n<\/div>\n\n\n\n<div class=\"wp-block-column is-vertically-aligned-center is-layout-flow wp-block-column-is-layout-flow\">\n<div class=\"wp-block-getwid-section\"><div class=\"wp-block-getwid-section__wrapper getwid-padding-top-none getwid-padding-bottom-none getwid-padding-left-medium getwid-padding-right-none getwid-padding-mobile-left-none\"><div class=\"wp-block-getwid-section__inner-wrapper\"><div class=\"wp-block-getwid-section__background-holder\"><div class=\"wp-block-getwid-section__background\"><\/div><div class=\"wp-block-getwid-section__foreground\"><\/div><\/div><div class=\"wp-block-getwid-section__content\"><div class=\"wp-block-getwid-section__inner-content\">\n<div class=\"wp-block-getwid-advanced-heading\" style=\"margin-bottom:30px;margin-top:10px\"><h2 class=\"wp-block-getwid-advanced-heading__content\">Koti, kulttuuri ja kansainv\u00e4lisyys<\/h2><\/div>\n\n\n\n<p>Milloin kotikaupunkinne perustettiin? Millaista ruokaa Suomessa sy\u00f6tiin sata vuotta sitten? Millaista koulunk\u00e4ynti on Afrikassa? Miten maailma on syntynyt eri kansojen ja kulttuurien mukaan? Tutustukaa l\u00e4hialueeseenne, Suomeen tai johonkin toiseen kulttuuriin ja tehk\u00e4\u00e4 aiheesta esimerkiksi peli, animaatio tai vaikka maailman ruokien torip\u00e4iv\u00e4.<\/p>\n\n\n\n<p>T\u00e4lt\u00e4 sivulta l\u00f6yd\u00e4t vinkkej\u00e4 ja esimerkki projekteja t\u00e4m\u00e4n aihealueen projektien toteuttamiseen.<\/p>\n<\/div><\/div><\/div><\/div><\/div>\n<\/div>\n<\/div>\n<\/div><\/div><\/div><\/div><\/div>\n\n\n\n<div class=\"wp-block-getwid-section alignfull alignfull getwid-section-content-custom-width\"><div class=\"wp-block-getwid-section__wrapper getwid-padding-bottom-large getwid-padding-left-medium getwid-padding-right-medium\" style=\"padding-top:3px\"><div class=\"wp-block-getwid-section__inner-wrapper\" style=\"max-width:1140px\"><div class=\"wp-block-getwid-section__background-holder\"><div class=\"wp-block-getwid-section__background\" style=\"background-image:url('https:\/\/cgw.motopress.com\/wp-content\/uploads\/2019\/11\/background-1.jpg')\"><div class=\"wp-block-getwid-section__background-image-wrapper\"><img decoding=\"async\" class=\"wp-block-getwid-section__background-image\" src=\"https:\/\/cgw.motopress.com\/wp-content\/uploads\/2019\/11\/background-1.jpg\" alt=\"\"\/><\/div><\/div><div class=\"wp-block-getwid-section__foreground\"><\/div><\/div><div class=\"wp-block-getwid-section__content\"><div class=\"wp-block-getwid-section__inner-content\">\n<div class=\"wp-block-columns has-2-columns are-vertically-aligned-center is-layout-flex wp-container-core-columns-is-layout-9d6595d7 wp-block-columns-is-layout-flex\">\n<div class=\"wp-block-column is-vertically-aligned-center is-layout-flow wp-block-column-is-layout-flow\">\n<h3 class=\"wp-block-heading\" id=\"block-d5f94d6c-3252-4d4f-96cf-46064f163196\">Projektiesimerkkej\u00e4 ja hyvi\u00e4 opetusk\u00e4yt\u00e4nteit\u00e4<\/h3>\n\n\n\n<p>StarT-projektioppimisohjelman parissa on toteutettu monialaisia projekteja ja opetusk\u00e4yt\u00e4nteit\u00e4 vuodesta 2016 alkaen. Koti, kulttuuri ja kansainv\u00e4lisyys -teemaisista projekteista ja opetusk\u00e4yt\u00e4nteist\u00e4 saat inspiraatiota aina varhaiskasvatuksesta toiselle asteelle saakka.<\/p>\n\n\n\n<h4 class=\"wp-block-heading\">Kotiseutu Pihtipudas<\/h4>\n\n\n\n<p><em>Oppimisyhteis\u00f6: Putaanvirran koulu, Pihtipudas<\/em><br><em>Kouluaste: alakoulu, yl\u00e4koulu<\/em><\/p>\n\n\n\n<p><strong>Lyhyesti<\/strong>: Oppilaat tutustuvat omaan kotiseutuunsa toiminnallisin menetelmin, jotka he valitsevat itse. Tarkoituksena on<br>hy\u00f6dynt\u00e4\u00e4 digitaalisia oppimisymp\u00e4rist\u00f6j\u00e4 ja tehd\u00e4 projekteja yhdess\u00e4 yli luokka-asteiden ja ainerajojen.<\/p>\n\n\n\n<figure class=\"wp-block-embed is-type-video is-provider-youtube wp-block-embed-youtube wp-embed-aspect-16-9 wp-has-aspect-ratio\"><div class=\"wp-block-embed__wrapper\">\n<iframe loading=\"lazy\" title=\"Kotiseutu Pihtipudas\" width=\"580\" height=\"326\" src=\"https:\/\/www.youtube.com\/embed\/vklLYZ0wNuE?feature=oembed\" frameborder=\"0\" allow=\"accelerometer; autoplay; clipboard-write; encrypted-media; gyroscope; picture-in-picture; web-share\" referrerpolicy=\"strict-origin-when-cross-origin\" allowfullscreen><\/iframe>\n<\/div><\/figure>\n\n\n\n<h4 class=\"wp-block-heading\">Kalevala goes Science<\/h4>\n\n\n\n<p><em>Oppimisyhteis\u00f6: Joutsan yhtein\u00e4iskoulu, Joutsa<\/em><br><em>Kouluaste: Yl\u00e4koulu<\/em><\/p>\n\n\n\n<p><strong>Lyhyesti<\/strong>: Oppilaat tutkivat Kalevalaa luonnontieteen keinoin. Kalevalaan tutustuttiin osana \u00e4idinkielen opetusta ja tieteellinen tutkimus toteutettiin biologian ja kemian tunneilla. Oppilaat saivat valita tutkimusaiheensa oman kiinnostuksensa mukaan.<\/p>\n\n\n\n<p>K\u00e4yt\u00e4nteen <a href=\"https:\/\/sites.google.com\/edu.joutsa.fi\/kalevala-goes-science\/etusivu?authuser=0\">materiaaleista on koottu verkkosivu<\/a>. (Ohjautuu toiselle verkkosivulle.)<\/p>\n\n\n\n<figure class=\"wp-block-embed is-type-video is-provider-youtube wp-block-embed-youtube wp-embed-aspect-16-9 wp-has-aspect-ratio\"><div class=\"wp-block-embed__wrapper\">\n<iframe loading=\"lazy\" title=\"Kalevala goes Science  - opetusk\u00e4yt\u00e4nne\" width=\"580\" height=\"326\" src=\"https:\/\/www.youtube.com\/embed\/CgVqZVqJh9w?feature=oembed\" frameborder=\"0\" allow=\"accelerometer; autoplay; clipboard-write; encrypted-media; gyroscope; picture-in-picture; web-share\" referrerpolicy=\"strict-origin-when-cross-origin\" allowfullscreen><\/iframe>\n<\/div><\/figure>\n\n\n\n<h4 class=\"wp-block-heading\"><strong>Meren laulu -musikaali\u201d, \u201cThe Song of the Sea -musical\u201d<\/strong><\/h4>\n\n\n\n<p>Oppimisyhteis\u00f6: \u00c4\u00e4nrkosken lukio, Jyv\u00e4skyl\u00e4<\/p>\n\n\n\n<p>Lukiolaisten\u00a0toteuttama ja suunnittelema esitys, jossa yhdistet\u00e4\u00e4n monitieteellisi\u00e4 n\u00e4k\u00f6kulmia ymp\u00e4rist\u00f6tieteisiin, kuten ekologiaan ja ymp\u00e4rist\u00f6suojeluun, kuin aikuistumiseen, draamakirjallisuuteen ja n\u00e4ytelm\u00e4n koreografiaan, tanssinumeroihin, vaatetukseen ja lavastukseen. Draaman kehys tuo erinomaisen komponentin ymp\u00e4rist\u00f6n suojelun ymm\u00e4rt\u00e4miseen.<\/p>\n\n\n\n<figure class=\"wp-block-embed is-type-video is-provider-youtube wp-block-embed-youtube wp-embed-aspect-16-9 wp-has-aspect-ratio\"><div class=\"wp-block-embed__wrapper\">\n<iframe loading=\"lazy\" title=\"Meren laulu - The song of the sea\" width=\"580\" height=\"326\" src=\"https:\/\/www.youtube.com\/embed\/pTGS8eum9_Y?feature=oembed\" frameborder=\"0\" allow=\"accelerometer; autoplay; clipboard-write; encrypted-media; gyroscope; picture-in-picture; web-share\" referrerpolicy=\"strict-origin-when-cross-origin\" allowfullscreen><\/iframe>\n<\/div><\/figure>\n\n\n\n<h4 class=\"wp-block-heading\">Tie-dye<\/h4>\n\n\n\n<p>Oppimisyhteis\u00f6: Luovan luonnontieteen ryhm\u00e4, Kaakkurin koulu, Oulu<\/p>\n\n\n\n<div class=\"wp-block-file\"><a id=\"wp-block-file--media-6aa467cd-5f5d-4d66-94bf-56fbfc92aa68\" href=\"https:\/\/start.luma.fi\/materiaalipankki\/files\/2022\/06\/Tiedye_pk.pdf\">Projektip\u00e4iv\u00e4kirja<\/a><a href=\"https:\/\/start.luma.fi\/materiaalipankki\/files\/2022\/06\/Tiedye_pk.pdf\" class=\"wp-block-file__button\" download aria-describedby=\"wp-block-file--media-6aa467cd-5f5d-4d66-94bf-56fbfc92aa68\">Lataa<\/a><\/div>\n\n\n\n<figure class=\"wp-block-embed is-type-video is-provider-youtube wp-block-embed-youtube wp-embed-aspect-16-9 wp-has-aspect-ratio\"><div class=\"wp-block-embed__wrapper\">\n<iframe loading=\"lazy\" title=\"Tie-dye, luovan luonnontieteen ryhm\u00e4, Kaakkurin koulu\" width=\"580\" height=\"326\" src=\"https:\/\/www.youtube.com\/embed\/k2MA92HvDGQ?feature=oembed\" frameborder=\"0\" allow=\"accelerometer; autoplay; clipboard-write; encrypted-media; gyroscope; picture-in-picture; web-share\" referrerpolicy=\"strict-origin-when-cross-origin\" allowfullscreen><\/iframe>\n<\/div><\/figure>\n\n\n\n<h4 class=\"wp-block-heading\">Recycled products from plastics and cartons<\/h4>\n\n\n\n<p>Oppimisyhteis\u00f6: Haluk \u00dcnde\u011fer Anatolian High School, Turkki<\/p>\n\n\n\n<div class=\"wp-block-file\"><a id=\"wp-block-file--media-029e7b6d-f6f5-4181-8e1a-52b949d2781b\" href=\"https:\/\/start.luma.fi\/materiaalipankki\/files\/2022\/06\/recycled.pdf\">Projektip\u00e4iv\u00e4kirja (PDF)<\/a><a href=\"https:\/\/start.luma.fi\/materiaalipankki\/files\/2022\/06\/recycled.pdf\" class=\"wp-block-file__button\" download aria-describedby=\"wp-block-file--media-029e7b6d-f6f5-4181-8e1a-52b949d2781b\">Lataa<\/a><\/div>\n\n\n\n<figure class=\"wp-block-embed is-type-video is-provider-youtube wp-block-embed-youtube wp-embed-aspect-16-9 wp-has-aspect-ratio\"><div class=\"wp-block-embed__wrapper\">\n<iframe loading=\"lazy\" title=\"Recycled Products, Haluk \u00dcnde\u011fer Anatolian High School, Turkey\" width=\"580\" height=\"326\" src=\"https:\/\/www.youtube.com\/embed\/TNphDNebTp8?feature=oembed\" frameborder=\"0\" allow=\"accelerometer; autoplay; clipboard-write; encrypted-media; gyroscope; picture-in-picture; web-share\" referrerpolicy=\"strict-origin-when-cross-origin\" allowfullscreen><\/iframe>\n<\/div><\/figure>\n\n\n\n<h4 class=\"wp-block-heading\">Afrikka-lautapelit<\/h4>\n\n\n\n<p>Mertalan yhten\u00e4iskoulun 6A-luokan\u00a0Afrikka-lautapeleiss\u00e4 on perehdytty Afrikan valtioiden kulttuuriin ja historiaan lautapelej\u00e4 rakentamalla.<\/p>\n\n\n\n<blockquote class=\"wp-block-quote is-layout-flow wp-block-quote-is-layout-flow\"><p>&#8221;6A-luokka suunnitteli ja rakensi Afrikka aiheiset pelit. T\u00e4t\u00e4 varten oppilaat etsiv\u00e4t tietoa Afrikasta, rakensivat pelilaudat, nappulat, rahat ym. rekvisiitan. \u00a0\u00a0Valmiita pelej\u00e4 p\u00e4\u00e4si pelaamaan my\u00f6s muut koulun oppilaat.&#8221;<\/p><\/blockquote>\n\n\n\n<div class=\"wp-block-file\"><a id=\"wp-block-file--media-c8d99028-d47a-4cf0-b0aa-789ddc491b1d\" href=\"https:\/\/start.luma.fi\/materiaalipankki\/files\/2022\/06\/StarT-paivakirja-6A-lautapelit.pdf\">Projektip\u00e4iv\u00e4kirja (PDF)<\/a><a href=\"https:\/\/start.luma.fi\/materiaalipankki\/files\/2022\/06\/StarT-paivakirja-6A-lautapelit.pdf\" class=\"wp-block-file__button\" download aria-describedby=\"wp-block-file--media-c8d99028-d47a-4cf0-b0aa-789ddc491b1d\">Lataa<\/a><\/div>\n\n\n\n<figure class=\"wp-block-embed is-type-video is-provider-youtube wp-block-embed-youtube wp-embed-aspect-16-9 wp-has-aspect-ratio\"><div class=\"wp-block-embed__wrapper\">\n<iframe loading=\"lazy\" title=\"StarT2017 - Mertalan koulu - Afrikkaprojekti\" width=\"580\" height=\"326\" src=\"https:\/\/www.youtube.com\/embed\/U3XpubkPCgo?feature=oembed\" frameborder=\"0\" allow=\"accelerometer; autoplay; clipboard-write; encrypted-media; gyroscope; picture-in-picture; web-share\" referrerpolicy=\"strict-origin-when-cross-origin\" allowfullscreen><\/iframe>\n<\/div><\/figure>\n\n\n\n<h4 class=\"wp-block-heading\">Yst\u00e4v\u00e4mme suomenhevonen<\/h4>\n\n\n\n<p>S\u00e4vi\u00e4n koulun\u00a0Yst\u00e4v\u00e4mme suomenhevonen\u00a0-projektissa on rakennettu Suomeen ja suomalaisuuteen vahvasti liittyv\u00e4 lelusuomenhevonen. Projektilla osallistuttiin T\u00e4m\u00e4 toimii -sarjaan.<\/p>\n\n\n\n<p>Voitto Pielaveden koulujen sarjassa 5-6 luokkalaisia Ovat heppaharrastajia. Tiimi k\u00e4ytti aikaa ja vaivaa ty\u00f6n toteuttamiseen.<\/p>\n\n\n\n<figure class=\"wp-block-embed is-type-video is-provider-youtube wp-block-embed-youtube wp-embed-aspect-16-9 wp-has-aspect-ratio\"><div class=\"wp-block-embed__wrapper\">\n<iframe loading=\"lazy\" title=\"T\u00e4m\u00e4 toimii 2017 S\u00e4vi\u00e4 Yst\u00e4v\u00e4mme Suomenhevonen\" width=\"580\" height=\"326\" src=\"https:\/\/www.youtube.com\/embed\/4FsT8HjTEKs?feature=oembed\" frameborder=\"0\" allow=\"accelerometer; autoplay; clipboard-write; encrypted-media; gyroscope; picture-in-picture; web-share\" referrerpolicy=\"strict-origin-when-cross-origin\" allowfullscreen><\/iframe>\n<\/div><\/figure>\n\n\n\n<h4 class=\"wp-block-heading\">Suomi-lautapeli<\/h4>\n\n\n\n<p>Vuoksenniskan koulu,\u00a0Suomi-lautapeli, Yhdistetty taiteita, maantietoa, huomioitu kest\u00e4v\u00e4 kehitys.<\/p>\n\n\n\n<blockquote class=\"wp-block-quote is-layout-flow wp-block-quote-is-layout-flow\"><p>\u201cProjekti: Suomi-lautapeli. Tutkimuksissa on todettu lautapelien pelaamisen lis\u00e4\u00e4v\u00e4n aivojen hyvinvointia. 9.-luokkalaiset tyt\u00f6t tekiv\u00e4t lautapeli\u00e4 luodessaan todella monipuolista ty\u00f6t\u00e4 huomioiden kaikessa tekemisess\u00e4\u00e4n kest\u00e4v\u00e4n kehityksen. He toimivat todella oma-aloitteisesti, k\u00e4yttiv\u00e4t paljon vapaa-aikaakin ty\u00f6n valmistamiseen ja tekiv\u00e4t hyvin sujuvaa yhteisty\u00f6t\u00e4.\u201d<\/p><\/blockquote>\n\n\n\n<p><a href=\"https:\/\/www.youtube.com\/watch?v=SmJ2hORdPyE\">Projektip\u00e4iv\u00e4kirja (YouTube)<\/a><\/p>\n\n\n\n<figure class=\"wp-block-embed is-type-video is-provider-youtube wp-block-embed-youtube wp-embed-aspect-16-9 wp-has-aspect-ratio\"><div class=\"wp-block-embed__wrapper\">\n<iframe loading=\"lazy\" title=\"StarT2017 - Vuoksenniskan koulu - Suomi-Lautapeliprojekti\" width=\"580\" height=\"326\" src=\"https:\/\/www.youtube.com\/embed\/qLh79r40euQ?feature=oembed\" frameborder=\"0\" allow=\"accelerometer; autoplay; clipboard-write; encrypted-media; gyroscope; picture-in-picture; web-share\" referrerpolicy=\"strict-origin-when-cross-origin\" allowfullscreen><\/iframe>\n<\/div><\/figure>\n\n\n\n<hr class=\"wp-block-separator has-alpha-channel-opacity\"\/>\n\n\n\n<h3 class=\"wp-block-heading\">Inspiraatioksi<\/h3>\n\n\n\n<p>Osana juhlavuoden Suomi 100-ohjelmaa j\u00e4rjestettiin StarT-ohjelman puitteissa kilpailu innovatiivisimmasta Suomen lipusta.&nbsp;<a href=\"https:\/\/start.luma.fi\/tapahtuma\/startin-suomi-100-juhlavuoden-suomen-lippu-haasteessa-on-toteutettu-seka-maailman-suurin-etta-pienin-suomen-lippu\/\">Lue lis\u00e4\u00e4\u2026<\/a><\/p>\n\n\n\n<p>StarT -teemakummien artikkeleissa kerrotaan mit\u00e4 alan asiantuntija tarvitsee ty\u00f6ss\u00e4\u00e4n, miten h\u00e4n on uralleen p\u00e4\u00e4tynyt ja artikkelit ovat mainioita esimerkkej\u00e4 mielenkiintoisesta uravaihtoehdosta: <a href=\"https:\/\/start.luma.fi\/tahtiin-kirjoitettu\/unelma-ammattina-kaukokartoittaja\/\">Geoinformatiikan professori Petri Pellikka, Helsingin yliopisto<\/a><\/p>\n\n\n\n<p><\/p>\n<\/div>\n<\/div>\n\n\n\n<h3 class=\"wp-block-heading\">Koti, kulttuuri ja kansainv\u00e4lisyys -teeman luokka-astekohtaisia materiaaleja<\/h3>\n\n\n\n<p><a href=\"https:\/\/start.luma.fi\/materiaalipankki\/lapset\/#koti\">Lapset<\/a><br><a href=\"https:\/\/start.luma.fi\/materiaalipankki\/alakoulu\/#koti\">Alakoulu<\/a><br><a href=\"https:\/\/start.luma.fi\/materiaalipankki\/ylakoulu\/#koti\">Yl\u00e4koulu<\/a><br><a href=\"https:\/\/start.luma.fi\/materiaalipankki\/toinen-aste\/#koti\">Toinen aste<\/a><\/p>\n<\/div><\/div><\/div><\/div><\/div>\n","protected":false},"excerpt":{"rendered":"","protected":false},"author":16,"featured_media":0,"parent":18,"menu_order":0,"comment_status":"closed","ping_status":"closed","template":"","meta":{"footnotes":""},"class_list":["post-98","page","type-page","status-publish","hentry"],"_links":{"self":[{"href":"https:\/\/start.luma.fi\/materiaalipankki\/wp-json\/wp\/v2\/pages\/98","targetHints":{"allow":["GET"]}}],"collection":[{"href":"https:\/\/start.luma.fi\/materiaalipankki\/wp-json\/wp\/v2\/pages"}],"about":[{"href":"https:\/\/start.luma.fi\/materiaalipankki\/wp-json\/wp\/v2\/types\/page"}],"author":[{"embeddable":true,"href":"https:\/\/start.luma.fi\/materiaalipankki\/wp-json\/wp\/v2\/users\/16"}],"replies":[{"embeddable":true,"href":"https:\/\/start.luma.fi\/materiaalipankki\/wp-json\/wp\/v2\/comments?post=98"}],"version-history":[{"count":5,"href":"https:\/\/start.luma.fi\/materiaalipankki\/wp-json\/wp\/v2\/pages\/98\/revisions"}],"predecessor-version":[{"id":607,"href":"https:\/\/start.luma.fi\/materiaalipankki\/wp-json\/wp\/v2\/pages\/98\/revisions\/607"}],"up":[{"embeddable":true,"href":"https:\/\/start.luma.fi\/materiaalipankki\/wp-json\/wp\/v2\/pages\/18"}],"wp:attachment":[{"href":"https:\/\/start.luma.fi\/materiaalipankki\/wp-json\/wp\/v2\/media?parent=98"}],"curies":[{"name":"wp","href":"https:\/\/api.w.org\/{rel}","templated":true}]}}