{"id":1084,"date":"2019-12-03T13:09:28","date_gmt":"2019-12-03T11:09:28","guid":{"rendered":"https:\/\/start.luma.fi\/sv\/?page_id=1084"},"modified":"2022-07-27T12:24:52","modified_gmt":"2022-07-27T09:24:52","slug":"dataskyddsbeskrivning","status":"publish","type":"page","link":"https:\/\/start.luma.fi\/sv\/om-start\/dataskyddsbeskrivning\/","title":{"rendered":"Dataskyddsbeskrivning"},"content":{"rendered":"\n<h2 class=\"wp-block-heading\">Dataskyddsbeskrivning<\/h2>\n\n\n\n<p>P\u00e5 den h\u00e4r sidan kan du l\u00e4sa mera om hur vi behandlar personuppgifter inom StarT-programmet (L\u00e4s mera om <a href=\"https:\/\/eur-lex.europa.eu\/legal-content\/SV\/TXT\/?qid=1528874672298&amp;uri=CELEX%3A02016R0679-20160504\">EU:s allm\u00e4nna dataskyddsf\u00f6rordning<\/a>)<\/p>\n\n\n\n<h4 class=\"wp-block-heading\">Registeransvariga och kontaktuppgifter <\/h4>\n\n\n\n<p>StarT-programmets  organisras av <a href=\"https:\/\/www.luma.fi\/sv\/\">n\u00e4tverket LUMA-center Finland<\/a>.   Helsingfors universitet ansvarar f\u00f6r att f\u00f6rvalta n\u00e4tverket, och \u00e4r d\u00e4rmed ansvarigt f\u00f6r behandlingen av dina uppgifter. Universiteten som ing\u00e5r i LUMA-center Finland-n\u00e4tverket \u00e4r registeransvariga f\u00f6r de uppgifter som samlas in.<\/p>\n\n\n\n<p>Helsingfors universitet<br>PB 3, 00014 Helsingfors universitet<br>Telefon: 02941 911 (v\u00e4xel)<\/p>\n\n\n\n<p><strong>De registeransvarigas kontaktperson<\/strong> \u00e4r projektplaneraren Oona Kiviluoto. Hennes kontaktuppgifter \u00e4r f\u00f6ljande:<br>PB 55, 00014 Helsingfors universitet <br>luma-keskus((at))helsinki.fi<\/p>\n\n\n\n<p><strong>Dataskyddsombud<\/strong><br>Dataskyddsombudet vid Helsingfors universitet n\u00e5s per e-post: tietosuoja@helsinki.fi. <\/p>\n\n\n\n<h4 class=\"wp-block-heading\">Vilka personuppgifter samlar vi in?<\/h4>\n\n\n\n<p>Vi behandlar f\u00f6ljande personuppgifter: <\/p>\n\n\n\n<ul class=\"wp-block-list\"><li>Namn<\/li><li>E-postadress<\/li><li>Telefonnummer<\/li><li>Bilder och videor <\/li><li>Information som deltagarna sj\u00e4lva l\u00e4mnat in<\/li><\/ul>\n\n\n\n<p>\n\nI behandlingen av personuppgifter behandlas inga k\u00e4nsliga uppgifter.\n\n<\/p>\n\n\n\n<h4 class=\"wp-block-heading\">Vad \u00e4r syftet med behandlingen av dina personuppgifter?<\/h4>\n\n\n\n<p>Personuppgifter behandlas f\u00f6r att f\u00f6rverkliga StarT-programmet och g\u00f6ra det m\u00f6jligt att delta i programmet. Lagenlig grund f\u00f6r behandlingen av personuppgifter \u00e4r den registrerades samtycke.  Uppgifterna behandlas bl.a.:<\/p>\n\n\n\n<ul class=\"wp-block-list\"><li>F\u00f6r att utv\u00e4rdera deltagarna i programmet (till exempel festivaler) <\/li><li>Kontakt, meddelanden och informationsg\u00e5ng under p\u00e5g\u00e5ende program<\/li><li>Utbildningssyften inom ramen f\u00f6r programmet<\/li><\/ul>\n\n\n\n<p>Personuppgifterna beh\u00f6vs ocks\u00e5  f\u00f6r vetenskapliga forsknings\u00e4ndam\u00e5l. Unders\u00f6kningsmaterialet som samlas in behandlas konfidentiellt vid universiteten s\u00e5 att enskilda personer inte g\u00e5r att identifiera i forskningsrapporterna. Den vetenskapliga forskningen vid universiteten bedrivs med allm\u00e4nhetens b\u00e4sta i \u00e5tanke, eftersom den har som syfte att utveckla l\u00e4rarutbildningen, l\u00e4romedlen och undervisninsmetoderna.<\/p>\n\n\n\n<h4 class=\"wp-block-heading\">Hur samlas personuppgifterna in? <\/h4>\n\n\n\n<p>Personuppgifterna samlas in med hj\u00e4lp av fr\u00e5geformul\u00e4r d\u00e4r projektdeltagarna sj\u00e4lva delger sina uppgifter.<\/p>\n\n\n\n<h4 class=\"wp-block-heading\">Hur f\u00f6rvaras personuppgifterna?<\/h4>\n\n\n\n<p>Personuppgifterna f\u00f6rvaras under tekniskt skydd i en tj\u00e4nst som finns till f\u00f6r detta \u00e4ndam\u00e5l. <br><br>StarT-programmet organiseras periodvis (fr\u00e5n augusti till juni). Vi f\u00f6rvarar Start-programmens deltagares personuppgifter till slutet av kalender\u00e5ret efter varje period. F\u00f6r periodens b\u00e4sta projektarbeten och metoder f\u00f6rvaras personuppgifterna l\u00e4ngre f\u00f6r att m\u00f6jligg\u00f6ra st\u00f6darbetet i samband med StarT-programmet, dock h\u00f6gst fem \u00e5r.<\/p>\n\n\n\n<h4 class=\"wp-block-heading\">\u00d6verf\u00f6ring och utl\u00e4mnande av personuppgifter utanf\u00f6r Helsingfors universitet <\/h4>\n\n\n\n<p>Personuppgifter \u00f6verf\u00f6rs mellan universiteten som ing\u00e5r i n\u00e4tverket LUMA-center Finland. F\u00f6r dem som f\u00e5r stipendier eller andra bel\u00f6ningar \u00f6verf\u00f6r vi personuppgifter vid behov \u00e4ven till v\u00e5ra samarbetspartners som ger ut stipendier och bel\u00f6ningar.<br><br>Registerdata kan \u00f6verf\u00f6ras till l\u00e4nder utanf\u00f6r EU och ETA om deltagaren\/deltagarna har bel\u00f6nats som b\u00e4sta inhemska deltagare och utses till att representera Finland i internationella t\u00e4vlingar som v\u00e5ra samarbetspartners organiserar.<\/p>\n\n\n\n<h4 class=\"wp-block-heading\">Dina r\u00e4ttigheter<\/h4>\n\n\n\n<p>Den registrerade har r\u00e4tt:<\/p>\n\n\n\n<ul class=\"wp-block-list\"><li>att f\u00e5 information om behandlingen av sina personuppgifter, om det inte i lag f\u00f6reskrivs om s\u00e4rskilda avvikelser <\/li><li>att f\u00e5 tillg\u00e5ng till sina uppgifter<\/li><li>att f\u00e5 felaktiga uppgifter om sig sj\u00e4lv r\u00e4ttade<\/li><li>att ber\u00e4nsa behandlingen av sina uppgifter<\/li><li>Den personuppgiftsansvariga \u00e4r f\u00f6rpliktad till att informera andra personuppgiftsansvariga om r\u00e4ttelser av personuppgifter och begr\u00e4nsningar i behandlingen av uppgifter, ifall uppgifter om den registrerade utl\u00e4mnats till dem.<\/li><li>att inv\u00e4nda mot behandlingen av sina uppgifter<\/li><li>att inte bli f\u00f6rem\u00e5l f\u00f6r ett beslut som utan r\u00e4ttslig grund grundas p\u00e5 automatiserat beslutsfattande <\/li><\/ul>\n\n\n\n<p>\n\n Det g\u00f6rs inga undantag fr\u00e5n den registrerades r\u00e4ttigheter. \n\n<\/p>\n\n\n\n<h4 class=\"wp-block-heading\">Besv\u00e4rsr\u00e4tt <\/h4>\n\n\n\n<p>Om du anser att man i behandlingen av dina personuppgifter har brutit mot g\u00e4llande dataskyddslagstiftning har du r\u00e4tt att l\u00e4mna in klagom\u00e5l till dataskyddsombudet vid Helsingfors universitet.<\/p>\n\n\n\n<p><strong>Kontaktuppgifter:<\/strong><br>Dataombudsmannens byr\u00e5<br>Bes\u00f6ksadress: Bang\u00e5rdsv\u00e4gen 9, 6 v\u00e5n., 00520 Helsingfors<br>Postadress: PB 800, 00521 Helsingfors<br>V\u00e4xel: 029 56 66700<br>Fax: 029 56 66735<br>E-post: tietosuoja@om.fi<\/p>\n","protected":false},"excerpt":{"rendered":"<p>Dataskyddsbeskrivning P\u00e5 den h\u00e4r sidan kan du l\u00e4sa mera om hur vi behandlar [&hellip;]<\/p>\n","protected":false},"author":2,"featured_media":0,"parent":840,"menu_order":0,"comment_status":"closed","ping_status":"closed","template":"","meta":{"footnotes":""},"class_list":["post-1084","page","type-page","status-publish","hentry"],"_links":{"self":[{"href":"https:\/\/start.luma.fi\/sv\/wp-json\/wp\/v2\/pages\/1084","targetHints":{"allow":["GET"]}}],"collection":[{"href":"https:\/\/start.luma.fi\/sv\/wp-json\/wp\/v2\/pages"}],"about":[{"href":"https:\/\/start.luma.fi\/sv\/wp-json\/wp\/v2\/types\/page"}],"author":[{"embeddable":true,"href":"https:\/\/start.luma.fi\/sv\/wp-json\/wp\/v2\/users\/2"}],"replies":[{"embeddable":true,"href":"https:\/\/start.luma.fi\/sv\/wp-json\/wp\/v2\/comments?post=1084"}],"version-history":[{"count":2,"href":"https:\/\/start.luma.fi\/sv\/wp-json\/wp\/v2\/pages\/1084\/revisions"}],"predecessor-version":[{"id":2395,"href":"https:\/\/start.luma.fi\/sv\/wp-json\/wp\/v2\/pages\/1084\/revisions\/2395"}],"up":[{"embeddable":true,"href":"https:\/\/start.luma.fi\/sv\/wp-json\/wp\/v2\/pages\/840"}],"wp:attachment":[{"href":"https:\/\/start.luma.fi\/sv\/wp-json\/wp\/v2\/media?parent=1084"}],"curies":[{"name":"wp","href":"https:\/\/api.w.org\/{rel}","templated":true}]}}