{"id":1987,"date":"2020-11-30T19:00:20","date_gmt":"2020-11-30T16:00:20","guid":{"rendered":"https:\/\/start.luma.fi\/sv\/?page_id=1987"},"modified":"2021-06-18T12:25:11","modified_gmt":"2021-06-18T09:25:11","slug":"bedomning","status":"publish","type":"page","link":"https:\/\/start.luma.fi\/sv\/program\/bedomning\/","title":{"rendered":"Bed\u00f6mning"},"content":{"rendered":"\n<h1>Bed\u00f6mning<\/h1>\n\n\n\n<h2><strong>StarT-festivalerna<\/strong><\/h2>\n\n\n\n<figure class=\"wp-block-image size-full is-resized\"><img loading=\"lazy\" decoding=\"async\" src=\"https:\/\/start.luma.fi\/sv\/files\/2020\/11\/33044894784_b09f3ed422_o-scaled.jpg\" alt=\"\" class=\"wp-image-1990\" width=\"443\" height=\"295\"\/><figcaption>Ungdomar p\u00e5 StarT-festivaler<\/figcaption><\/figure>\n\n\n\n<h4><strong>1. Barnen och de ungas stj\u00e4rnteamernas bed\u00f6mning av projekterna<\/strong><\/h4>\n<p><em>I bed\u00f6miningen av StarTs projektarbeten betonas kreativitet, uppfinningshet och gl\u00e4djen att g\u00f6ra tillsammans!<\/em><\/p>\n<p>Projektarbeten som skickats in som kandidaturer till festivalerna bed\u00f6ms genom de regionala LUMA-centren. Bed\u00f6mningen \u00e4r st\u00f6ttande, som fokuserar sig p\u00e5 att lyfta fram projketteamets starka sidor. Som m\u00e5l har vi, att s\u00e5 m\u00e5nga inl\u00e4rningsgemenskap som m\u00f6jligt f\u00e5r en chans att komma fram och presentera sina egna projekt och att dela l\u00e4randets gl\u00e4dje p\u00e5 festivalerna.<\/p>\n<p>S\u00e5h\u00e4r f\u00f6rs\u00e4krar du v\u00e4gen till festivalerna f\u00f6r egna teamet. Fyll i rapporteringsblanketten med stor noggranhet och kom ih\u00e5g att bifoga med en projektdagbok och en kort presentation om projektets skapelse (kort video, max 3min eller ett bildsammandrag)<\/p>\n<p>Varje teama som kommer med p\u00e5 festivalerna f\u00e5r en chans att lysa och presentera sin projekt f\u00f6r en jury som best\u00e5r av experter. De mest f\u00f6rtj\u00e4nta teamerna kommer att prisges.<\/p>\n<p>Det som p\u00e5verkar bed\u00f6mningen:<\/p>\n<ul>\n<li>prosessen, som kommer fram genom projektdagb\u00f6ckerna<\/li>\n<li>projektets skapelse<\/li>\n<li>framf\u00f6ringen och presentationen av projektets skapelse<\/li>\n<\/ul>\n<p>I prosessen bed\u00f6ms teamets samarbetsf\u00f6rm\u00e5ga, f\u00f6rmedlingen av den ivriga atmosf\u00e4ren och barnen och de ungas egen aktivitet i projektets olika steg.<\/p>\n<p>I skapelsens bed\u00f6mning betonas kreativitet, uppfinningshet och till\u00e4mpligheten i anv\u00e4ndningen och sambandet med StarT-teman och LUMA-\u00e4mnen.<\/p>\n<p>I skapelsens framf\u00f6ring betonas barnens och ungas skapelsens framf\u00f6ring OCH videon som beskriver skapelsen eller hur skapelsen gjorts. I den visuella framf\u00f6ringen i videon eller bildsammanst\u00e4llningen betonas insatsen gjord av barn och unga. P\u00e5hittiga s\u00e4tt att f\u00f6ra fram skapelsens egenskaper och till\u00e4mpligheter betonas. I presentationen av skaplsen p\u00e5 festivalerna betonas bl.a entusiasmen som f\u00f6rmedlas av teamet, f\u00f6rm\u00e5gan att svara juryns fr\u00e5gor och teamets samarbetsf\u00f6rm\u00e5ga.<\/p>\n<h4><strong>2. Bed\u00f6mningen av inl\u00e4rningsgemenskapens god undervisningspraktik<\/strong><\/h4>\n<p>I bed\u00f6mingen av de god undervisningspraktiken&nbsp;observeras f\u00f6rbindelsen till OPS, gemenskaplighet, samarbete mellan andra l\u00e4rare och andra parter och de mest innovativa s\u00e4tten att genomf\u00f6ra projekt eller fenomenal inl\u00e4rning.<\/p>\n<p>N\u00e4trapporteringen av de god undervisningspraktiken&nbsp;best\u00e5r av en skriftlig och visuell beskrivning (till exempel en StarT-dag), som en bildsammans\u00e4ttning eller en kort video (max 3 min)<\/p>\n<p>Dessutom s\u00e5 bed\u00f6ms de bra praxisen enligt de kriterier som ovanf\u00f6r n\u00e4mns p\u00e5 festivalerna och genom ivern av presentationen\/workshopen och klarheten av presentationen. Dessutom s\u00e5 v\u00e4rdes\u00e4ttes ocks\u00e5 hur bra det egna praxiset g\u00e5r att till\u00e4mpas av andra inl\u00e4rningsgemenskap.<\/p>\n\n\n\n<h2><strong>Den nationella och den internationella StarT-t\u00e4vlingen<\/strong><\/h2>\n\n\n\n<figure class=\"wp-block-image size-full is-resized\"><img loading=\"lazy\" decoding=\"async\" src=\"https:\/\/start.luma.fi\/sv\/files\/2020\/06\/N\u00e4ytt\u00f6kuva-2020-6-10-kello-11.25.02-e1606751878734.png\" alt=\"\" class=\"wp-image-1952\" width=\"285\" height=\"381\" srcset=\"https:\/\/start.luma.fi\/sv\/files\/2020\/06\/N\u00e4ytt\u00f6kuva-2020-6-10-kello-11.25.02-e1606751878734.png 354w, https:\/\/start.luma.fi\/sv\/files\/2020\/06\/N\u00e4ytt\u00f6kuva-2020-6-10-kello-11.25.02-e1606751878734-225x300.png 225w\" sizes=\"auto, (max-width: 285px) 100vw, 285px\" \/><figcaption>Pokaler f\u00f6r s\u00e4songen 2019-2020<\/figcaption><\/figure>\n\n\n\n<p><strong>I den nationella\/internationella StarT-t\u00e4vlingen sker bed\u00f6mingen p\u00e5 grunder genom n\u00e4trapporteringen, av en nationell expertjury och StarT-team.<\/strong><\/p>\n<p><em>Endast genom att delta i den nationella\/internationella StarT-t\u00e4vlingen har barnens stj\u00e4rnteam och inl\u00e4rningsgemenskap m\u00f6jlighet att framskrida till StarT-galan,<\/em> var hela s\u00e4songens mest f\u00f6rtj\u00e4nta stj\u00e4rnteams projekt prisges som ocks\u00e5 de inl\u00e4rningsgemenskapen som erbjudit de b\u00e4sta praxisen.<\/p>\n<p>Bed\u00f6mningskriterierna \u00e4r de samma som p\u00e5 StarT-festivalerna, men med ett undantag: i den nationella\/internationella serien m\u00e5ste visualiseringen f\u00f6r projekterna och de bra praxisen ske i videoform (max 3min). Dessutom om videon inneh\u00e5ller finsk\/svensk tal, ska det tills\u00e4ttas en engelsk text var det framg\u00e5r projektets id\u00e9 eller den id\u00e9n till den bra praxisen.<\/p>\n<p>Detta beror p\u00e5 att alla projekt och god undervisningspraktik som deltar i den nationella\/internationella t\u00e4vlingen laddas upp p\u00e5 StarTs egna YouTube-kanal f\u00f6r en allm\u00e4n r\u00f6stning. Dessutom kommer de b\u00e4sta projekt och praxis att delas ut som tips p\u00e5 StarTs n\u00e4tsidor f\u00f6r de som deltar i n\u00e4sta s\u00e4songen.<\/p>\n","protected":false},"excerpt":{"rendered":"<p>Bed\u00f6mning StarT-festivalerna 1. Barnen och de ungas stj\u00e4rnteamernas bed\u00f6mning av projekterna I bed\u00f6miningen [&hellip;]<\/p>\n","protected":false},"author":1,"featured_media":0,"parent":23,"menu_order":0,"comment_status":"closed","ping_status":"closed","template":"","meta":{"footnotes":""},"class_list":["post-1987","page","type-page","status-publish","hentry"],"_links":{"self":[{"href":"https:\/\/start.luma.fi\/sv\/wp-json\/wp\/v2\/pages\/1987","targetHints":{"allow":["GET"]}}],"collection":[{"href":"https:\/\/start.luma.fi\/sv\/wp-json\/wp\/v2\/pages"}],"about":[{"href":"https:\/\/start.luma.fi\/sv\/wp-json\/wp\/v2\/types\/page"}],"author":[{"embeddable":true,"href":"https:\/\/start.luma.fi\/sv\/wp-json\/wp\/v2\/users\/1"}],"replies":[{"embeddable":true,"href":"https:\/\/start.luma.fi\/sv\/wp-json\/wp\/v2\/comments?post=1987"}],"version-history":[{"count":11,"href":"https:\/\/start.luma.fi\/sv\/wp-json\/wp\/v2\/pages\/1987\/revisions"}],"predecessor-version":[{"id":2021,"href":"https:\/\/start.luma.fi\/sv\/wp-json\/wp\/v2\/pages\/1987\/revisions\/2021"}],"up":[{"embeddable":true,"href":"https:\/\/start.luma.fi\/sv\/wp-json\/wp\/v2\/pages\/23"}],"wp:attachment":[{"href":"https:\/\/start.luma.fi\/sv\/wp-json\/wp\/v2\/media?parent=1987"}],"curies":[{"name":"wp","href":"https:\/\/api.w.org\/{rel}","templated":true}]}}