{"id":2111,"date":"2021-05-17T09:44:59","date_gmt":"2021-05-17T06:44:59","guid":{"rendered":"https:\/\/start.luma.fi\/sv\/?page_id=2111"},"modified":"2022-02-09T15:52:59","modified_gmt":"2022-02-09T12:52:59","slug":"nordisk-klimatforandringstavling-nord-start","status":"publish","type":"page","link":"https:\/\/start.luma.fi\/sv\/nordisk-klimatforandringstavling-nord-start\/","title":{"rendered":"Nordisk klimatf\u00f6r\u00e4ndringst\u00e4vling Nord StarT"},"content":{"rendered":"\n<h1 class=\"wp-block-heading\" id=\"nordisk-klimatforandringstavling-nord-start\">Nordisk klimatf\u00f6r\u00e4ndringst\u00e4vling Nord Start<\/h1>\n\n\n\n<div class=\"wp-block-buttons is-layout-flex wp-block-buttons-is-layout-flex\">\n<div class=\"wp-block-button is-style-fill\"><a class=\"wp-block-button__link has-black-color has-cyan-bluish-gray-background-color has-text-color has-background\" href=\"https:\/\/start.luma.fi\/nord-start-ilmastonmuutoskilpailu\/\" style=\"border-radius:25px\">suomeksi<\/a><\/div>\n\n\n\n<div class=\"wp-block-button\"><a class=\"wp-block-button__link has-black-color has-cyan-bluish-gray-background-color has-text-color has-background\" href=\"https:\/\/start.luma.fi\/en\/nord-start-climate-change-competition\/\" style=\"border-radius:25px\">in English<\/a><\/div>\n\n\n\n<div class=\"wp-block-button\"><a class=\"wp-block-button__link has-black-color has-cyan-bluish-gray-background-color has-text-color has-background\" href=\"https:\/\/start.luma.fi\/en\/nord-start-climate-change-competition\/nord-start-icelandic-and-faroese\/\" style=\"border-radius:25px\">in Icelandic and Faroese<\/a><\/div>\n<\/div>\n\n\n\n<p>Den nordiska klimatf\u00f6r\u00e4ndringst\u00e4vlingen Nord Start anordnas h\u00f6sten 2021 av Undervisnings- och kulturministeriet. T\u00e4vlingen \u00e4r en del av <a href=\"https:\/\/pub.norden.org\/politiknord2020-709\/#\">Finlands ordf\u00f6randeskapsprogram 2021<\/a> i Nordiska ministerr\u00e5det och anordnas i samarbete med LUMA Center Finlands <a href=\"https:\/\/start.luma.fi\/sv\/om-start\/\">StarT-program<\/a>. Syftet med t\u00e4vlingen \u00e4r att fr\u00e4mja barns, ungas och vuxnas delaktighet i kampen mot klimatf\u00f6r\u00e4ndringen.<\/p>\n\n\n\n<p><strong><mark style=\"background-color:rgba(0, 0, 0, 0)\" class=\"has-inline-color has-vivid-red-color\"><span style=\"color:#000000\" class=\"tadv-color\">Vem vinner klimatf\u00f6r\u00e4ndringst\u00e4vlingen NordStarT? Det klarnar den 9 februari kl. 13 i ett nordiskt evenemang om klimatfostran! <\/span><\/mark><\/strong><mark style=\"background-color:rgba(0, 0, 0, 0)\" class=\"has-inline-color has-vivid-red-color\"><span style=\"color:#000000\" class=\"tadv-color\">Under evenemanget f\u00e5r vi bl.a. h\u00f6ra barns och ungas tankar om hur man kan bem\u00e4stra klimatf\u00f6r\u00e4ndringen samt exempel p\u00e5 klimatfostran. <\/span><\/mark><strong><mark style=\"background-color:rgba(0, 0, 0, 0)\" class=\"has-inline-color has-vivid-red-color\"><span style=\"color:#000000\" class=\"tadv-color\"><a href=\"https:\/\/okm.fi\/sv\/evenemang\/2022-02-09\/prisutdelningstillfalle-for-den-nordiska-klimatforandringstavlngen-nord-start\">L\u00e4s mer och f\u00f6lj med direkts\u00e4ndningen!<\/a><\/span><\/mark><\/strong>  <\/p>\n\n\n\n<p><strong>T\u00e4vlingen har avslutats. <\/strong>L\u00e4s mer om <a href=\"https:\/\/start.luma.fi\/en\/nord-start-climate-change-competition\/the-best-of-nord-start-2021\/\">de b\u00e4sta projekten och praxisarna h\u00e4r (p\u00e5 engelska)<\/a>.<\/p>\n\n\n\n<p><strong>Tack f\u00f6r alla deltagare och v\u00e5ra samarbetspartners. Grattis till alla vinnare!<\/strong><\/p>\n\n\n\n<div class=\"wp-block-getwid-images-slider has-arrows-none has-dots-none has-images-center has-fitted-images\"><div class=\"wp-block-getwid-images-slider__wrapper\" data-effect=\"fade\" data-slides-show=\"1\" data-slides-show-laptop=\"1\" data-slides-show-tablet=\"1\" data-slides-show-mobile=\"1\" data-slides-scroll=\"1\" data-autoplay=\"true\" data-autoplay-speed=\"4000\" data-infinite=\"true\" data-animation-speed=\"800\" data-center-mode=\"false\" data-variable-width=\"false\" data-arrows=\"none\" data-dots=\"none\" data-spacing=\"none\"><div class=\"wp-block-getwid-images-slider__item\"><figure><img loading=\"lazy\" decoding=\"async\" width=\"300\" height=\"81\" src=\"https:\/\/start.luma.fi\/sv\/files\/2021\/08\/OKM-logo-2R-sv-sininen-L100-CMYK-300x81.jpg\" alt=\"Undervisnings- och kulturministeriet\" data-id=\"2251\" data-link=\"https:\/\/start.luma.fi\/sv\/nordisk-klimatforandringstavling-nord-start\/okm-logo-2r-sv-vaaka-sininen-l100-cmyk\/\" data-original-link=\"https:\/\/start.luma.fi\/sv\/files\/2021\/08\/OKM-logo-2R-sv-sininen-L100-CMYK.jpg\" class=\"wp-block-getwid-images-slider__image wp-image-2251\" srcset=\"https:\/\/start.luma.fi\/sv\/files\/2021\/08\/OKM-logo-2R-sv-sininen-L100-CMYK-300x81.jpg 300w, https:\/\/start.luma.fi\/sv\/files\/2021\/08\/OKM-logo-2R-sv-sininen-L100-CMYK-1024x278.jpg 1024w, https:\/\/start.luma.fi\/sv\/files\/2021\/08\/OKM-logo-2R-sv-sininen-L100-CMYK-768x209.jpg 768w, https:\/\/start.luma.fi\/sv\/files\/2021\/08\/OKM-logo-2R-sv-sininen-L100-CMYK-1536x417.jpg 1536w, https:\/\/start.luma.fi\/sv\/files\/2021\/08\/OKM-logo-2R-sv-sininen-L100-CMYK-720x195.jpg 720w, https:\/\/start.luma.fi\/sv\/files\/2021\/08\/OKM-logo-2R-sv-sininen-L100-CMYK.jpg 2048w\" sizes=\"auto, (max-width: 300px) 100vw, 300px\" \/><\/figure><\/div><div class=\"wp-block-getwid-images-slider__item\"><figure><img loading=\"lazy\" decoding=\"async\" width=\"300\" height=\"169\" src=\"https:\/\/start.luma.fi\/sv\/files\/2021\/08\/Nordiska-ministerradet-640x360-1-300x169.png\" alt=\"Nordiska ministerr\u00e5det\" data-id=\"2253\" data-link=\"https:\/\/start.luma.fi\/sv\/nordisk-klimatforandringstavling-nord-start\/nordiska-ministerradet-640x360-1\/\" data-original-link=\"https:\/\/start.luma.fi\/sv\/files\/2021\/08\/Nordiska-ministerradet-640x360-1.png\" class=\"wp-block-getwid-images-slider__image wp-image-2253\" srcset=\"https:\/\/start.luma.fi\/sv\/files\/2021\/08\/Nordiska-ministerradet-640x360-1-300x169.png 300w, https:\/\/start.luma.fi\/sv\/files\/2021\/08\/Nordiska-ministerradet-640x360-1.png 640w\" sizes=\"auto, (max-width: 300px) 100vw, 300px\" \/><\/figure><\/div><div class=\"wp-block-getwid-images-slider__item\"><figure><img decoding=\"async\" src=\"https:\/\/start.luma.fi\/sv\/files\/2021\/09\/NordStarT_Vaakalogo-RGB-300x129.png\" alt=\"Nord StarT\" data-id=\"2266\" data-link=\"https:\/\/start.luma.fi\/sv\/nordisk-klimatforandringstavling-nord-start\/nordstart_vaakalogo-rgb\/\" data-original-link=\"https:\/\/start.luma.fi\/sv\/files\/2021\/09\/NordStarT_Vaakalogo-RGB.png\" class=\"wp-block-getwid-images-slider__image wp-image-2266\"\/><\/figure><\/div><\/div><\/div>\n\n\n\n<h2 class=\"wp-block-heading\" id=\"det-finns-tva-kategorier-i-tavlingen\">Det finns tv\u00e5 kategorier i t\u00e4vlingen<\/h2>\n\n\n\n<h3 class=\"wp-block-heading\" id=\"1-projekt-som-gors-i-team-bestaende-av-barn-unga-eller-vuxna\">1.  Projekt som g\u00f6rs i team best\u00e5ende av barn, unga eller vuxna <\/h3>\n\n\n\n<p>Projekt som g\u00f6rs i team best\u00e5ende av barn, unga eller vuxna fr\u00e5n sm\u00e5barnspedagogik till h\u00f6gre utbildning. Inneh\u00e5llet i projektet m\u00e5ste kopplas till t\u00e4vlingens huvudsakliga tema klimatf\u00f6r\u00e4ndringen, i \u00f6vrigt f\u00f6rverkligas projekten enligt <a href=\"https:\/\/start.luma.fi\/sv\/projekt\/\">StarT-programmets instruktioner<\/a>. <\/p>\n\n\n\n<p>Bed\u00f6mningskategorier:<\/p>\n\n\n\n<ol class=\"wp-block-list\"><li>0-5 \u00e5r<\/li><li>6-12 \u00e5r<\/li><li>13-15 \u00e5r<\/li><li>16-18 \u00e5r<\/li><li>19- \u00e5r<\/li><\/ol>\n\n\n\n<p>Man kan delta i t\u00e4vlingen med projektarbeten d\u00e4r olika \u00e5ldersgrupper samarbetar.  Projektet beh\u00f6ver inte vara f\u00e4rdigt, det r\u00e4cker med en id\u00e9 eller en plan. Vid anm\u00e4lan till t\u00e4vlingen v\u00e4ljs den bed\u00f6mningskategori som l\u00e4mpar sig b\u00e4st f\u00f6r det egna projektet.<\/p>\n\n\n\n<h3 class=\"wp-block-heading\" id=\"2-inlarningsgemenskapernas-goda-undervisningspraxisar\">2. Inl\u00e4rningsgemenskapernas goda undervisningspraxisar<\/h3>\n\n\n\n<p>L\u00e4rares eller pedagogers kan delta i t\u00e4vlingen genom att rapportera om goda undervisningspraxisar f\u00f6r att behandla klimatf\u00f6r\u00e4ndringen i sin undervisning och uppfostran.<\/p>\n\n\n\n<p>Bed\u00f6mningskategorier:<\/p>\n\n\n\n<ol class=\"wp-block-list\"><li>Daghem (sm\u00e5barnspedagogik)<\/li><li>F\u00f6rskola och l\u00e5gstadium<\/li><li>H\u00f6gstadium<\/li><li>Andra stadiet<\/li><li>H\u00f6gskola<\/li><li>Fritt bildningsarbete<\/li><\/ol>\n\n\n\n<p>Man kan delta i t\u00e4vlingen med undervisningspraxisar d\u00e4r det samarbetats mellan olika utbildningsniv\u00e5er. Vid anm\u00e4lan till t\u00e4vlingen v\u00e4ljs den bed\u00f6mningskategori som l\u00e4mpar sig b\u00e4st f\u00f6r den egna undervisningspraxisen.<\/p>\n\n\n\n<h2 class=\"wp-block-heading\" id=\"stora-priset-500-euro\">Stora priset 500 euro<\/h2>\n\n\n\n<p>Utbildnings- och kulturministeriet delar ut priset \u00e0 500 euro till de b\u00e4sta i varje t\u00e4vlingskategori.<\/p>\n\n\n\n<h2 class=\"wp-block-heading\" id=\"delta-i-tavlingen\">Delta i t\u00e4vlingen<\/h2>\n\n\n\n<p>Man deltar i Nord StarT t\u00e4vlingen med att fylla <a href=\"https:\/\/www.lyyti.in\/StarT_20212022_1018\/se\">i en blankett<\/a> senast den 3 januari 2022. Kom ih\u00e5g att l\u00e4sa <a href=\"https:\/\/start.luma.fi\/sv\/nordisk-klimatforandringstavling-nord-start\/nord-start-regler\/\">regler f\u00f6r deltagande i Nord StarT<\/a> och <a href=\"https:\/\/start.luma.fi\/sv\/nordisk-klimatforandringstavling-nord-start\/nord-start-dataskyddsbeskrivning\/\">dataskyddsbeskrivning<\/a>. <\/p>\n\n\n\n<div class=\"wp-block-buttons is-layout-flex wp-block-buttons-is-layout-flex\"><\/div>\n\n\n\n<h2 class=\"wp-block-heading\" id=\"tidtabell\">Tidtabell<\/h2>\n\n\n\n<ul class=\"wp-block-list\"><li>T\u00e4vlingen \u00f6ppnades p\u00e5 konferensen om h\u00e5llbar utveckling <a href=\"https:\/\/minedu.fi\/sv\/evenemang\/2021-06-08\/alla-paverkar-jokainen-vaikuttaa-\">Alla p\u00e5verkar! Jokainen vaikuttaa! 8.\u20139.6.2021.<\/a><\/li><li>T\u00e4vlingens ans\u00f6kningstid b\u00f6rjar i augusti och l\u00f6per ut den 3 januari 2022.<\/li><li>T\u00e4vlingen kulminerar i <a href=\"https:\/\/videonet.fi\/NordStarT\/\">en nordisk konferens den 9 februari 2022.<\/a><\/li><\/ul>\n\n\n\n<p>Bed\u00f6mningen av projektarbetena och undervisningspraxisarna b\u00f6rjar direkt efter att ans\u00f6kningstiden g\u00e5tt ut. Bed\u00f6mningen sker enligt de uppgifter som deltagarna angett i ans\u00f6kningsblanketten och som l\u00e4mnats in innan tidsfristen l\u00f6pt ut.<\/p>\n\n\n\n<h2 class=\"wp-block-heading\" id=\"bedomningskriterier\">Bed\u00f6mningskriterier<\/h2>\n\n\n\n<p>Det centrala i t\u00e4vlingen \u00e4r hanteringen av klimatf\u00f6r\u00e4ndringstemat, f\u00f6rm\u00e5gan att l\u00f6sa problem samt att f\u00e5 barns, ungas och h\u00f6gskolestuderandes r\u00f6st h\u00f6rd. <strong>Bed\u00f6mningen g\u00f6rs separat f\u00f6r varje serie, dvs. projektarbeten och praxis utv\u00e4rderas enligt egna kriterier och med beaktande av t\u00e4vlingskategorierna (\u00e5ldersniv\u00e5n).<\/strong><\/p>\n\n\n\n<h3 class=\"wp-block-heading\" id=\"1-bedomning-av-projektarbeten\">1. Bed\u00f6mning av projektarbeten<\/h3>\n\n\n\n<p>Vid bed\u00f6mningen av projektarbeten \u00e4r det fr\u00e5ga om att engagera barn, unga och h\u00f6gskolestuderande och om deras kunnande. \u00c5ldersniv\u00e5n beaktas vid bed\u00f6mningen. I bed\u00f6mningen betonas den helhet som projektet bildar och som best\u00e5r av det som rapporteras p\u00e5 webblanketten samt videon och projektdagboken som delats med oss.<\/p>\n\n\n\n<p><strong>Ett idealiskt projektarbete:<\/strong><\/p>\n\n\n\n<ul class=\"wp-block-list\"><li>behandlar klimatf\u00f6r\u00e4ndringstemat p\u00e5 ett m\u00e5ngsidigt s\u00e4tt och i enlighet med de m\u00e5l som uppst\u00e4llts f\u00f6r projektet<\/li><li>beaktar den h\u00e5llbara utvecklingens perspektiv p\u00e5 ett \u00e4ndam\u00e5lsenligt s\u00e4tt<\/li><li>engagerar tydligt teammedlemmarna (barn, unga och studerande) fr\u00e5n planeringen av projektet till genomf\u00f6randet och lyfter fram deras tankar och l\u00e4rande under projektprocessen<\/li><li>visar kreativitet och egenart<\/li><li>\u00e4r unders\u00f6kande (probleml\u00f6sningsf\u00f6rm\u00e5ga)<\/li><li>g\u00f6rs genom samarbete och lyfter fram alla teammedlemmars kunnande och id\u00e9er<\/li><li>Projektet och dess resultat har presenterats tydligt och uppm\u00e4rksamhet har f\u00e4sts vid det visuella.<\/li><\/ul>\n\n\n\n<h3 class=\"wp-block-heading\" id=\"2-bedomning-av-god-undervisningspraxis\">2. Bed\u00f6mning av god undervisningspraxis<\/h3>\n\n\n\n<p>Ett centralt m\u00e5l n\u00e4r det g\u00e4ller god undervisningspraxis \u00e4r att ge kollegerna nya bra id\u00e9er, anvisningar och modeller f\u00f6r behandlingen av klimatf\u00f6r\u00e4ndringstemat fr\u00e5n sm\u00e5barnspedagogiken till h\u00f6gskolorna. Bed\u00f6mningen baserar sig p\u00e5 beskrivningen p\u00e5 webblanketten samt p\u00e5 videon och eventuellt till\u00e4ggsmaterial som har delats.<\/p>\n\n\n\n<p><strong>En idealisk undervisningspraxis:<\/strong><\/p>\n\n\n\n<ul class=\"wp-block-list\"><li>\u00e4r pedagogiskt v\u00e4l genomf\u00f6rd och beaktar grunderna f\u00f6r l\u00e4roplanen enligt utbildningsniv\u00e5<\/li><li>beaktar klimatf\u00f6r\u00e4ndringstemat och den h\u00e5llbara utvecklingens perspektiv p\u00e5 ett l\u00e4mpligt s\u00e4tt<\/li><li>beaktar helhetsskapande metoder och den m\u00e5ngsidiga kompetensen p\u00e5 ett l\u00e4mpligt s\u00e4tt<\/li><li>st\u00f6der unders\u00f6kande verksamhet och baserar sig p\u00e5 evidensbaserad kunskap<\/li><li>f\u00e4ster uppm\u00e4rksamhet vid elevorienteringen och aktiverar barn\/elever\/studerande<\/li><li>\u00e4r innovativ, dvs. medf\u00f6r n\u00e5got nytt i undervisningen enligt utbildningsniv\u00e5 och i behandlingen av klimatf\u00f6r\u00e4ndringstemat<\/li><li>sporrar till gemensam verksamhet till exempel med andra l\u00e4rare eller akt\u00f6rer utanf\u00f6r den egna gemenskapen<\/li><li>\u00e4r tydligt beskriven och l\u00e4tt f\u00f6r andra att utnyttja som en del av den egna undervisningen<\/li><\/ul>\n\n\n\n<h2 class=\"wp-block-heading\" id=\"tavlingens-material\">T\u00e4vlingens material:<\/h2>\n\n\n\n<div class=\"wp-block-file\"><a id=\"wp-block-file--media-9b7cf759-066e-4351-8c58-9afb9c4cdff4\" href=\"https:\/\/start.luma.fi\/sv\/files\/2021\/09\/NordStart_Julisteet-A4_SWE_PAINOON-1.pdf\">Affisch Nord StarT t\u00e4vlingen A4 (pdf)<\/a><\/div>\n\n\n\n<div class=\"wp-block-file\"><a id=\"wp-block-file--media-f6aef306-6b10-48c9-b822-21dc1b6f30dd\" href=\"https:\/\/start.luma.fi\/sv\/files\/2021\/09\/Brev-till-grundskolelarare.pdf\">Brev till grundskolelarare (pdf)<\/a><\/div>\n\n\n\n<p><a href=\"https:\/\/start.luma.fi\/sv\/nordisk-klimatforandringstavling-nord-start\/nord-start-regler\/\">Regler f\u00f6r deltagande i Nord StarT<\/a> <\/p>\n\n\n\n<p><a href=\"https:\/\/www.lyyti.fi\/reg\/StarT_20212022_1018\">Anm\u00e4lningsblankett<\/a> (p\u00e5 svenska, engelska och finska)<\/p>\n\n\n\n<p><a href=\"https:\/\/www.lyyti.fi\/reg\/Nord_StarT_2021__Faroese_9497\">Anm\u00e4lningsblankett<\/a> (p\u00e5 f\u00e4r\u00f6iska)<\/p>\n\n\n\n<p><a href=\"https:\/\/www.lyyti.fi\/reg\/Nord_StarT_2021__Icelandic_7708\">Anm\u00e4lningsblankett<\/a> (p\u00e5 isl\u00e4ndska)<\/p>\n\n\n","protected":false},"excerpt":{"rendered":"<p>Nordisk klimatf\u00f6r\u00e4ndringst\u00e4vling Nord Start Den nordiska klimatf\u00f6r\u00e4ndringst\u00e4vlingen Nord Start anordnas h\u00f6sten 2021 av [&hellip;]<\/p>\n","protected":false},"author":1,"featured_media":2264,"parent":0,"menu_order":0,"comment_status":"closed","ping_status":"closed","template":"","meta":{"footnotes":""},"class_list":["post-2111","page","type-page","status-publish","has-post-thumbnail","hentry"],"_links":{"self":[{"href":"https:\/\/start.luma.fi\/sv\/wp-json\/wp\/v2\/pages\/2111","targetHints":{"allow":["GET"]}}],"collection":[{"href":"https:\/\/start.luma.fi\/sv\/wp-json\/wp\/v2\/pages"}],"about":[{"href":"https:\/\/start.luma.fi\/sv\/wp-json\/wp\/v2\/types\/page"}],"author":[{"embeddable":true,"href":"https:\/\/start.luma.fi\/sv\/wp-json\/wp\/v2\/users\/1"}],"replies":[{"embeddable":true,"href":"https:\/\/start.luma.fi\/sv\/wp-json\/wp\/v2\/comments?post=2111"}],"version-history":[{"count":44,"href":"https:\/\/start.luma.fi\/sv\/wp-json\/wp\/v2\/pages\/2111\/revisions"}],"predecessor-version":[{"id":2330,"href":"https:\/\/start.luma.fi\/sv\/wp-json\/wp\/v2\/pages\/2111\/revisions\/2330"}],"wp:featuredmedia":[{"embeddable":true,"href":"https:\/\/start.luma.fi\/sv\/wp-json\/wp\/v2\/media\/2264"}],"wp:attachment":[{"href":"https:\/\/start.luma.fi\/sv\/wp-json\/wp\/v2\/media?parent=2111"}],"curies":[{"name":"wp","href":"https:\/\/api.w.org\/{rel}","templated":true}]}}