{"id":2243,"date":"2021-08-02T16:11:20","date_gmt":"2021-08-02T13:11:20","guid":{"rendered":"https:\/\/start.luma.fi\/sv\/?page_id=2243"},"modified":"2022-08-18T15:42:36","modified_gmt":"2022-08-18T12:42:36","slug":"nord-start-dataskyddsbeskrivning","status":"publish","type":"page","link":"https:\/\/start.luma.fi\/sv\/nordisk-klimatforandringstavling-nord-start\/nord-start-dataskyddsbeskrivning\/","title":{"rendered":"Nord StarT &#8211; Dataskyddsbeskrivning"},"content":{"rendered":"\n<h2 class=\"wp-block-heading\">Dataskyddsbeskrivning&nbsp;<\/h2>\n\n\n\n<p>P\u00e5 den h\u00e4r sidan kan du l\u00e4sa mera om hur vi behandlar personuppgifter inom&nbsp;Nord&nbsp;StarT-t\u00e4vlingen&nbsp;(<a href=\"https:\/\/tietosuoja.fi\/sv\/gdpr-sv\">L\u00e4s mera om EU: s allm\u00e4nna dataskyddsf\u00f6rordning<\/a>).&nbsp;<\/p>\n\n\n\n<h3 class=\"wp-block-heading\"><strong>Registeransvariga och kontaktuppgifter:&nbsp;<\/strong>&nbsp;<\/h3>\n\n\n\n<p>Nord StarT- t\u00e4vlingen anordnas av Undervisnings- och kulturministeriet tillsammans med LUMA-center Finland- n\u00e4tverket. Undervisnings- och kulturministeriet \u00e4r personuppgiftsansvarig. Fram till slutet av 2021 ansvarar Helsingfors universitet f\u00f6r databehandlingen. Helsingfors universitet ansvarar ocks\u00e5 f\u00f6r LUMA-center Finland- n\u00e4tverkets administration.&nbsp;<\/p>\n\n\n\n<h3 class=\"wp-block-heading\">Kontaktinformation:<\/h3>\n\n\n\n<p>Undervisnings- och kulturministeriet<br>PL 29, 00023 Statsr\u00e5det&nbsp;<br>Telefon:&nbsp;+358 295 16001&nbsp;(v\u00e4xeln)<\/p>\n\n\n\n<p>Kontaktperson: konsultativ tj\u00e4nsteman Ulla-Jill Karlsson&nbsp;<\/p>\n\n\n\n<p><strong>De registeransvarigas kontaktperson \u00e4r\u00a0(fram till 31.12.2021):<\/strong>\u00a0<br>StarT-Projektledaren Outi\u00a0Haatainen\u00a0<br>PB 55, 00014 Helsingfors universitet\u00a0\u00a0<br>outi.haatainen@helsinki.fi<a href=\"mailto:info@start.luma.fi\" target=\"_blank\" rel=\"noreferrer noopener\"><\/a><\/p>\n\n\n\n<p><strong>Dataskyddsombud<\/strong>:<br>Anna Tuominen&nbsp;<br>tfn. +358&nbsp;295&nbsp; 330245&nbsp;, +358 50&nbsp;3301925&nbsp;&nbsp;<br>okmtietosuojavastaava@minedu.fi&nbsp;&nbsp;<\/p>\n\n\n\n<h3 class=\"wp-block-heading\"><strong>Vilka personuppgifter samlar vi in?<\/strong>&nbsp;<\/h3>\n\n\n\n<p>Vi&nbsp;behandlar&nbsp;f\u00f6ljande&nbsp;personuppgifter:&nbsp;&nbsp;<\/p>\n\n\n\n<ul class=\"wp-block-list\"><li>Namn&nbsp;<\/li><li>E-postadress&nbsp;<\/li><li>Bilder och videor&nbsp;som deltagarna sj\u00e4lva l\u00e4mnat in&nbsp;<\/li><li>Information som deltagarna sj\u00e4lva l\u00e4mnat in&nbsp;<\/li><\/ul>\n\n\n\n<p>I behandlingen av personuppgifter behandlas inga k\u00e4nsliga uppgifter.<\/p>\n\n\n\n<h3 class=\"wp-block-heading\"><strong>Vad \u00e4r syftet med behandlingen av dina personuppgifter?<\/strong>&nbsp;<\/h3>\n\n\n\n<p>Personuppgifterna behandlas f\u00f6r att m\u00f6jligg\u00f6ra Nord&nbsp;StarT&nbsp;t\u00e4vlingen.&nbsp;Lagenlig grund f\u00f6r behandlingen av personuppgifter \u00e4r den registrerades samtycke.&nbsp;Uppgifterna behandlas bl.a.:&nbsp;<\/p>\n\n\n\n<ul class=\"wp-block-list\"><li>Vid bed\u00f6mningen av t\u00e4vlingsbidragen och vid prisutdelningen&nbsp;<\/li><li>Vid tidig kommunikation och vid informerande&nbsp;<\/li><li>Vid publiceringen av deltagarnas projekt och&nbsp;undervisningspraxisar.&nbsp;<\/li><\/ul>\n\n\n\n<h3 class=\"wp-block-heading\"><strong>Hur samlas personuppgifterna in och hur f\u00f6rvaras personuppgifterna?&nbsp;<\/strong>&nbsp;<\/h3>\n\n\n\n<p>Personuppgifterna samlas av Nord&nbsp;StarT- t\u00e4vlingens deltagare med hj\u00e4lp av ett online- formul\u00e4r inom den best\u00e4mda tidsfristen (1.8.2021 &#8211; 30.11.2021). Uppgifterna skyddas och bevaras i en tekniskt s\u00e4ker tj\u00e4nst.&nbsp;<\/p>\n\n\n\n<p>Uppgifterna bevaras fram till slutet av \u00e5ret (31.12.2022).&nbsp;<\/p>\n\n\n\n<h3 class=\"wp-block-heading\"><strong>\u00d6verf\u00f6ring och \u00f6verl\u00e4mnande av personuppgifter&nbsp;<\/strong>&nbsp;<\/h3>\n\n\n\n<p>Personuppgifter \u00f6verl\u00e4mnas till personal vid Helsingfors universitet eller Undervisnings- och kulturministeriets \u00e4mbetsverk och institut endast vid behov. Vid utdelningen av stipendier eller \u00f6vriga pris kan personuppgifter vid behov \u00f6verl\u00e4mnas till t\u00e4vlingens samarbetspartners.&nbsp;&nbsp;<\/p>\n\n\n\n<p>Personuppgifterna \u00f6verf\u00f6rs till de nordiska l\u00e4ndernas och sj\u00e4lvstyrande omr\u00e5denas&nbsp;t\u00e4vlingskommit\u00e9er. D\u00e4rtill kan information vid behov \u00f6verl\u00e4mnas till Nordiska ministerr\u00e5det.&nbsp;<\/p>\n\n\n\n<h3 class=\"wp-block-heading\"><strong>Dina r\u00e4ttigheter&nbsp;<\/strong>&nbsp;<\/h3>\n\n\n\n<p>Den registrerade har r\u00e4tt:&nbsp;<\/p>\n\n\n\n<ul class=\"wp-block-list\"><li>Att f\u00e5 information om behandlingen av sina personuppgifter, om det inte i lag f\u00f6reskrivs om s\u00e4rskilda avvikelser&nbsp;<\/li><li>Att f\u00e5 tillg\u00e5ng till sina uppgifter&nbsp;<\/li><li>Att f\u00e5 felaktiga uppgifter om sig sj\u00e4lv r\u00e4ttade&nbsp;<\/li><li>Att&nbsp;begr\u00e4nsa&nbsp;behandlingen av sina uppgifter&nbsp;<\/li><li>Den personuppgiftsansvariga \u00e4r f\u00f6rpliktad till att informera andra personuppgiftsansvariga om r\u00e4ttelser av personuppgifter och begr\u00e4nsningar i behandlingen av uppgifter, ifall uppgifter om den&nbsp;registrerade utl\u00e4mnats till dem&nbsp;<\/li><li>Att inv\u00e4nda mot behandlingen av sina uppgifter&nbsp;<\/li><li>Att inte bli f\u00f6rem\u00e5l f\u00f6r ett beslut som utan r\u00e4ttslig grund grundas p\u00e5 automatiserat beslutsfattande&nbsp;<\/li><\/ul>\n\n\n\n<p>Det g\u00f6rs inga undantag fr\u00e5n den registrerades r\u00e4ttigheter.&nbsp;Ifall du har fr\u00e5gor g\u00e4llande dina dataskyddsr\u00e4ttigheter, tag kontakt med kontaktpersonen som anges i b\u00f6rjan av denna sida.&nbsp;<\/p>\n\n\n\n<h3 class=\"wp-block-heading\"><strong>Besv\u00e4rsr\u00e4tt&nbsp;<\/strong>&nbsp;<\/h3>\n\n\n\n<p>Om du anser att man i behandlingen av dina personuppgifter har brutit mot g\u00e4llande dataskyddslagstiftning har du r\u00e4tt att l\u00e4mna in klagom\u00e5l till dataskyddsombudet.&nbsp;<\/p>\n\n\n\n<p>Kontaktuppgifter:&nbsp;<br>Dataombudsmannens byr\u00e5&nbsp;<br>Bes\u00f6ksadress:&nbsp;F\u00e5gelviksgr\u00e4nden&nbsp;4, 00530&nbsp;Helsingfors&nbsp;<br>Postadress: PB 800, 00531 Helsingfors&nbsp;<br>V\u00e4xel: 029 56&nbsp;66700&nbsp;<br>E-post:&nbsp;tietosuoja(at)om.fi&nbsp;&nbsp;<\/p>\n\n\n","protected":false},"excerpt":{"rendered":"<p>Dataskyddsbeskrivning&nbsp; P\u00e5 den h\u00e4r sidan kan du l\u00e4sa mera om hur vi behandlar [&hellip;]<\/p>\n","protected":false},"author":2,"featured_media":0,"parent":2111,"menu_order":0,"comment_status":"closed","ping_status":"closed","template":"","meta":{"footnotes":""},"class_list":["post-2243","page","type-page","status-publish","hentry"],"_links":{"self":[{"href":"https:\/\/start.luma.fi\/sv\/wp-json\/wp\/v2\/pages\/2243","targetHints":{"allow":["GET"]}}],"collection":[{"href":"https:\/\/start.luma.fi\/sv\/wp-json\/wp\/v2\/pages"}],"about":[{"href":"https:\/\/start.luma.fi\/sv\/wp-json\/wp\/v2\/types\/page"}],"author":[{"embeddable":true,"href":"https:\/\/start.luma.fi\/sv\/wp-json\/wp\/v2\/users\/2"}],"replies":[{"embeddable":true,"href":"https:\/\/start.luma.fi\/sv\/wp-json\/wp\/v2\/comments?post=2243"}],"version-history":[{"count":4,"href":"https:\/\/start.luma.fi\/sv\/wp-json\/wp\/v2\/pages\/2243\/revisions"}],"predecessor-version":[{"id":2513,"href":"https:\/\/start.luma.fi\/sv\/wp-json\/wp\/v2\/pages\/2243\/revisions\/2513"}],"up":[{"embeddable":true,"href":"https:\/\/start.luma.fi\/sv\/wp-json\/wp\/v2\/pages\/2111"}],"wp:attachment":[{"href":"https:\/\/start.luma.fi\/sv\/wp-json\/wp\/v2\/media?parent=2243"}],"curies":[{"name":"wp","href":"https:\/\/api.w.org\/{rel}","templated":true}]}}