{"id":23,"date":"2017-03-23T09:21:43","date_gmt":"2017-03-23T07:21:43","guid":{"rendered":"http:\/\/start.luma.fi\/sv\/?page_id=23"},"modified":"2024-11-26T22:16:37","modified_gmt":"2024-11-26T19:16:37","slug":"program","status":"publish","type":"page","link":"https:\/\/start.luma.fi\/sv\/program\/","title":{"rendered":"StarT -program"},"content":{"rendered":"\n<h1 class=\"wp-block-heading\">StarT -program<\/h1>\n\n\n\n<p><strong>StarT erbjuder ett&nbsp;gemenskaplig program f\u00f6r projektl\u00e4rande, d\u00e4r elever tillsammans&nbsp;l\u00e4r sig genom att genomf\u00f6ra tv\u00e4rvetenskapliga och fenomenbaserade projekt.&nbsp;StarTs m\u00e5lgrupp str\u00e4cker sig&nbsp;fr\u00e5n sm\u00e5barnspedagogiken till andra stadiet.<\/strong><\/p>\n\n\n\n<p>StarT erbjuder ett program f\u00f6r projektl\u00e4rande&nbsp;som fungerar som st\u00f6d f\u00f6r tv\u00e4rvetenskapliga l\u00e4randehelheter samt temakurser i skolor och andra inl\u00e4rningsgemenskaper. F\u00f6rutom att vi st\u00f6der och bel\u00f6nar barn och unga i genomf\u00f6randet av projekt s\u00e5 uppmuntrar vi \u00e4ven l\u00e4rare och fostrare till att dela goda undervisningspraktiker.<\/p>\n\n\n\n<h2 class=\"wp-block-heading\"><strong>StarT-projekt<\/strong> <\/h2>\n\n\n\n<p>I projektarbetet f\u00e5r barnen och de unga st\u00e5 i rampljuset och utnyttja sina egna intressen och kreativitet, d\u00e5 projektet f\u00e5r behandla n\u00e4stan vad som helst. De enda kraven f\u00f6r projektets \u00e4mne \u00e4r att det \u00e4r anknutet till ett eller flera av LUMA-\u00e4mnena. <\/p>\n\n\n\n<p>Endast fantasin begr\u00e4nsar vilken form projektet kan f\u00e5. Det kan till exempel vara en mindre eller st\u00f6rre unders\u00f6kning, utvecklandet av en r\u00f6rlig leksak eller ett spel, robotprogrammering, att hitta en l\u00f6sning till ett praktiskt problem, en vetenskapsteater eller fast en musikal.<\/p>\n\n\n\n<p>StarTs projekt genomf\u00f6rs av barn och ungas team. Teamens storlek \u00e4r inte best\u00e4mda p\u00e5 f\u00f6rhand: vissa projekt, exempelvis en vetenskapsteater, kr\u00e4ver en st\u00f6rre grupp, medan programmerandet av ett spel kan smidigare g\u00f6ras i en grupp p\u00e5 tre. StarT-projekt kan dock inte utf\u00f6ras ensam. Det \u00e4r viktigt att projektet \u00e4r teamets, dvs. barnens och de ungas egna arbete, men de ska f\u00f6rst\u00e5s st\u00f6das och handledas i arbetet.<\/p>\n\n\n\n<h3 class=\"wp-block-heading\"><strong>I varje projekt ska f\u00f6ljande g\u00f6ras:<\/strong><\/h3>\n\n\n\n<ol class=\"wp-block-list\">\n<li><em>\u00a0Projektets produkt<\/em><br>Gruppen ska best\u00e4mma vad projektarbetet kommer att producera. Produkten kan till exempel vara resultatet av en unders\u00f6kning, ett spel, ett verk, en leksak, en robot eller en f\u00f6rest\u00e4llning.<\/li>\n\n\n\n<li>\u00a0<em>En visuell framst\u00e4llning av produkten<\/em><br>Gruppen ska framst\u00e4lla en bild av sin produkt visuellt. Detta kan exempelvis g\u00f6ras som en bildpresentation eller en kort presentationsvideo (max 3 min) d\u00e4r teamets namn ocks\u00e5 framg\u00e5r.<\/li>\n\n\n\n<li><em>Projektdagbok<\/em><br>Under projektarbetet ska gruppen f\u00f6ra projektdagbok, som kan inneh\u00e5lla text, bilder och video.<\/li>\n<\/ol>\n\n\n\n<h2 class=\"wp-block-heading\"><strong>StarTs vetenskapsfestivaler<\/strong><\/h2>\n\n\n\n<p>De regionala StarT-festivalerna ordnas p\u00e5 olika h\u00e5ll i Finland d\u00e4r de regionala LUMA-centren finns. P\u00e5 festivalerna f\u00e5r stj\u00e4rnteam och inl\u00e4rningsgrupper skina och presenterar sitt eget kunnande och dela med sig av gl\u00e4djen av att l\u00e4ra sig. <\/p>\n\n\n\n<p>P\u00e5 festivalerna delas \u00e4ven ut priser.<\/p>\n\n\n\n<p>Dessutom har varje festival eget program f\u00f6r barn, unga och \u00e4ven f\u00f6r handledare\/l\u00e4rare. Programmen \u00e4r olika f\u00f6r varje festival och de byggs upp av LUMA-centrens och samarbetspartnernas kraft. <\/p>\n\n\n\n<h2 class=\"wp-block-heading\"><strong>Goda undervisningspraktiker<\/strong><\/h2>\n\n\n\n<p>Inom StarT l\u00e4r vi oss tillsammans. \u00c4ven medlemmar i StarT-gemenskapen l\u00e4r sig av varandra. Dela din egen projektid\u00e9 f\u00f6r att l\u00e4ra och gl\u00e4dja StarT-gemenskapen. Sprid det goda och kontakt luma-keskus((at))helsinki.fi!<\/p>\n\n\n\n<p>Id\u00e9erna publiceras via LUMA inl\u00e4rningsplattformen. Id\u00e9er kan publiceras med eller utan namn, enligt hur personen \u00f6nskar.<\/p>\n","protected":false},"excerpt":{"rendered":"<p>StarT -program StarT erbjuder ett&nbsp;gemenskaplig program f\u00f6r projektl\u00e4rande, d\u00e4r elever tillsammans&nbsp;l\u00e4r sig genom [&hellip;]<\/p>\n","protected":false},"author":5,"featured_media":1990,"parent":0,"menu_order":0,"comment_status":"closed","ping_status":"closed","template":"","meta":{"footnotes":""},"class_list":["post-23","page","type-page","status-publish","has-post-thumbnail","hentry"],"_links":{"self":[{"href":"https:\/\/start.luma.fi\/sv\/wp-json\/wp\/v2\/pages\/23","targetHints":{"allow":["GET"]}}],"collection":[{"href":"https:\/\/start.luma.fi\/sv\/wp-json\/wp\/v2\/pages"}],"about":[{"href":"https:\/\/start.luma.fi\/sv\/wp-json\/wp\/v2\/types\/page"}],"author":[{"embeddable":true,"href":"https:\/\/start.luma.fi\/sv\/wp-json\/wp\/v2\/users\/5"}],"replies":[{"embeddable":true,"href":"https:\/\/start.luma.fi\/sv\/wp-json\/wp\/v2\/comments?post=23"}],"version-history":[{"count":10,"href":"https:\/\/start.luma.fi\/sv\/wp-json\/wp\/v2\/pages\/23\/revisions"}],"predecessor-version":[{"id":2550,"href":"https:\/\/start.luma.fi\/sv\/wp-json\/wp\/v2\/pages\/23\/revisions\/2550"}],"wp:featuredmedia":[{"embeddable":true,"href":"https:\/\/start.luma.fi\/sv\/wp-json\/wp\/v2\/media\/1990"}],"wp:attachment":[{"href":"https:\/\/start.luma.fi\/sv\/wp-json\/wp\/v2\/media?parent=23"}],"curies":[{"name":"wp","href":"https:\/\/api.w.org\/{rel}","templated":true}]}}