{"id":400,"date":"2017-09-28T15:47:01","date_gmt":"2017-09-28T13:47:01","guid":{"rendered":"http:\/\/start.luma.fi\/sv\/?page_id=400"},"modified":"2022-08-03T11:04:47","modified_gmt":"2022-08-03T08:04:47","slug":"teknologin-omkring-oss","status":"publish","type":"page","link":"https:\/\/start.luma.fi\/sv\/materialbank\/teknologin-omkring-oss\/","title":{"rendered":"Teknologin omkring oss"},"content":{"rendered":"\n<h1 class=\"wp-block-heading\"><strong>Teknologin omkring oss<img loading=\"lazy\" decoding=\"async\" class=\" wp-image-472 alignright\" src=\"https:\/\/start.luma.fi\/sv\/files\/2017\/03\/Teknologia-ymp\u00e4rill\u00e4mme-300x246.jpg\" alt=\"\" width=\"463\" height=\"380\" srcset=\"https:\/\/start.luma.fi\/sv\/files\/2017\/03\/Teknologia-ymp\u00e4rill\u00e4mme-300x246.jpg 300w, https:\/\/start.luma.fi\/sv\/files\/2017\/03\/Teknologia-ymp\u00e4rill\u00e4mme-768x631.jpg 768w, https:\/\/start.luma.fi\/sv\/files\/2017\/03\/Teknologia-ymp\u00e4rill\u00e4mme-1024x841.jpg 1024w, https:\/\/start.luma.fi\/sv\/files\/2017\/03\/Teknologia-ymp\u00e4rill\u00e4mme-720x591.jpg 720w, https:\/\/start.luma.fi\/sv\/files\/2017\/03\/Teknologia-ymp\u00e4rill\u00e4mme.jpg 1039w\" sizes=\"auto, (max-width: 463px) 100vw, 463px\" \/><\/strong><\/h1>\n\n\n\n<p>Vad \u00e4r teknologi? Hur ofta anv\u00e4nder vi egentligen oss av teknologi? P\u00e5 morgonen vaknar vi till v\u00e5r v\u00e4ckarklocka, tar mat ur kylsk\u00e5pet och v\u00e4rmer p\u00e5 spisen. N\u00e4r vi g\u00e5r ut s\u00e4krar vi oss om att vi har med v\u00e5r mobiltelefon. N\u00e4stan all information vi beh\u00f6ver g\u00e5r att n\u00e5s via datorer och internet. N\u00e4r vi reser anv\u00e4nder vi bil. Listan tar aldrig slut. \u00c4ven ut\u00f6ver n\u00f6jes- och nyttoanv\u00e4ndning m\u00f6jligg\u00f6r teknologin till exempel effektivare jordbruk och f\u00f6rb\u00e4ttrar m\u00e4nniskornas v\u00e4lbefinnande, exempelvis utnyttjar medicinska forskningar teknologin kontinuerligt. I den h\u00e4r delen hittar du material och inl\u00e4rningsvideon, som h\u00f6r till StarTs tema Teknologin omkring oss. Materialen och inl\u00e4rningsvideorna \u00e4r indelade enligt m\u00e5lgrupp.<\/p>\n\n\n\n<p><br><a href=\"https:\/\/start.luma.fi\/sv\/den-funkar-tillaggsmaterial\/?preview_id=676&amp;preview_nonce=20daef94c6&amp;preview=true\">R\u00f6rliga leksaker gjorda i StarT<\/a><\/p>\n\n\n\n<h2 class=\"wp-block-heading\">De b\u00e4sta projekten inom Teknologin omkring oss<\/h2>\n\n\n\n<p><strong>StarT 2018<\/strong><\/p>\n\n\n\n<ul class=\"wp-block-list\"><li>Baret_care, Turkey<br><a href=\"https:\/\/www.youtube.com\/watch?v=igfOzyeCp04\" target=\"_blank\" rel=\"noreferrer noopener\">Project diary<\/a><br>In this project, the students designed an improved helmet for mine workers. The helmet measures the temperature, humidity and gas content of the surrounding air, warns the worker of dangerous levels, reports the location and measured data to a central system and contacts an emergency number if necessary. LUMA StarT Award winner 2018.<br><\/li><\/ul>\n\n\n<p><iframe loading=\"lazy\" title=\"LUMA StarT winner 2018, Baret_care, Turkey\" width=\"770\" height=\"433\" src=\"https:\/\/www.youtube.com\/embed\/5vkWfFmIfD8?feature=oembed\" frameborder=\"0\" allow=\"accelerometer; autoplay; clipboard-write; encrypted-media; gyroscope; picture-in-picture\" allowfullscreen><\/iframe><\/p>\n\n\n\n<p>#biopolku, \u00c4\u00e4nekosken lukio, Finland<br><a href=\"https:\/\/drive.google.com\/open?id=1fYQs7q9VqhE855Ntmvqt0jtulrwbiLPO\" target=\"_blank\" rel=\"noreferrer noopener\">Project diary<\/a> (p\u00e5 finska)<br>During a course on bioeconomy, the students visited companies and educational establishments and did laboratory experiments. They also prepared and presented a talk in English to an international group and created a mystery path for other students, where a hint leads to the next point. LUMA StarT Award nominee 2018.<\/p>\n\n\n<p><iframe loading=\"lazy\" title=\"LUMA StarT nominee 2018, #biopolku, \u00c4\u00e4nekosken lukio, Finland\" width=\"770\" height=\"433\" src=\"https:\/\/www.youtube.com\/embed\/5fYbiGILivM?feature=oembed\" frameborder=\"0\" allow=\"accelerometer; autoplay; clipboard-write; encrypted-media; gyroscope; picture-in-picture\" allowfullscreen><\/iframe><\/p>\n\n\n\n<p>UV alarm, Clube Ci\u00eancia Viva ESDMII Braga, Portugal<br><a href=\"https:\/\/drive.google.com\/open?id=1QnWo1syf4IApbLMHQAeZeXdA7bGpJKtg\" target=\"_blank\" rel=\"noreferrer noopener\">Project diary<\/a><br>The objective of the project was the construction of a portable prototype that can alert humans about dangerous levels of UV radiation. LUMA StarT Award nominee 2018.<\/p>\n\n\n<p><iframe loading=\"lazy\" title=\"LUMA StarT nominee 2018, UV-Alarm, Clube Ci\u00eancia Viva ESDMII Braga, Portugal\" width=\"770\" height=\"433\" src=\"https:\/\/www.youtube.com\/embed\/T6ZPWlbDDRI?feature=oembed\" frameborder=\"0\" allow=\"accelerometer; autoplay; clipboard-write; encrypted-media; gyroscope; picture-in-picture\" allowfullscreen><\/iframe><\/p>\n\n\n\n<p>EV3 Robotic hand, Yl\u00e4myllyn koulu, Liperi (p\u00e5 finska)<\/p>\n\n\n<p><iframe loading=\"lazy\" title=\"EV3 Robotic Hand\" width=\"770\" height=\"433\" src=\"https:\/\/www.youtube.com\/embed\/DFr4ATfDc1M?feature=oembed\" frameborder=\"0\" allow=\"accelerometer; autoplay; clipboard-write; encrypted-media; gyroscope; picture-in-picture\" allowfullscreen><\/iframe><\/p>\n\n\n\n<p>e-Cycle, Salpaussel\u00e4n peruskoulu, Lahtis<br><a href=\"https:\/\/drive.google.com\/open?id=1xPTIb2uljhX-LJUj5JKpowSTDOR92On4\" target=\"_blank\" rel=\"noreferrer noopener\">Projektip\u00e4iv\u00e4kirja<\/a> (p\u00e5 finska)<\/p>\n\n\n\n<blockquote class=\"wp-block-quote is-layout-flow wp-block-quote-is-layout-flow\"><p>Rakennamme kahdesta vanhasta kuntopy\u00f6r\u00e4st\u00e4 k\u00e4nnyk\u00e4nlatausasemia. Molemmissa k\u00e4ytet\u00e4\u00e4n v\u00e4h\u00e4n erilaisia komponentteja ja ne my\u00f6s tuunataan erilaisiksi (facelift).<\/p><\/blockquote>\n\n\n<p><iframe loading=\"lazy\" title=\"e Cycle teaser, Salpaussel\u00e4n peruskoulu\" width=\"770\" height=\"433\" src=\"https:\/\/www.youtube.com\/embed\/Nv07OIPk0j8?feature=oembed\" frameborder=\"0\" allow=\"accelerometer; autoplay; clipboard-write; encrypted-media; gyroscope; picture-in-picture\" allowfullscreen><\/iframe><\/p>\n\n\n\n<p>Rakenna uuni, Tiet\u00e4v\u00e4isen koulu, Tohmaj\u00e4rvi (p\u00e5 finska)<br><a href=\"https:\/\/drive.google.com\/open?id=1H1nBntDQBCcWzH-YEV-EdM8Aa5uwMUl3\" target=\"_blank\" rel=\"noreferrer noopener\">Projektip\u00e4iv\u00e4kirja<\/a><br>Projekti toteutettiin koulun ilmi\u00f6viikolla. Teht\u00e4v\u00e4n\u00e4 oli suunnitella ja valmistaa vuolukivest\u00e4 mahdollisimman tehokas ja ymp\u00e4rist\u00f6yst\u00e4v\u00e4llinen uuni. Projektiin kuului useita osa-alueita:L\u00e4mp\u00f6oppiin tutustuminen, yritysvierailu, uunimallien suunnittelu ja rakentelu, uunimallien testaaminen uusinta tekniikkaa k\u00e4ytt\u00e4en, uunien markkinointistrategian hiominen ja uunien esitteleminen koko koululle.<\/p>\n\n\n<p><iframe loading=\"lazy\" title=\"Rakenna uuni, Tiet\u00e4v\u00e4isen koulu\" width=\"770\" height=\"433\" src=\"https:\/\/www.youtube.com\/embed\/rjMLV6BNnbY?feature=oembed\" frameborder=\"0\" allow=\"accelerometer; autoplay; clipboard-write; encrypted-media; gyroscope; picture-in-picture\" allowfullscreen><\/iframe><\/p>\n\n\n\n<p><strong>StarT 2017<\/strong><\/p>\n\n\n\n<ul class=\"wp-block-list\"><li>Orimattila samskolans Intelligent kl\u00e4dsel f\u00f6r hunden- projektet utnyttjar teknologi i vardagens bruksprodukter. Det h\u00e4r projektet bel\u00f6nades i den internationella StarT-galan.<br>Teamet inspirerades av intelligenta kl\u00e4der och gjorde en utev\u00e4st f\u00f6r hundar, med ledlampor som reagerar p\u00e5 ljushet. Teamet programmerade en del av lamporna att t\u00e4ndas n\u00e4r det b\u00f6rjar m\u00f6rkna.<\/li><\/ul>\n\n\n\n<ul class=\"wp-block-list\"><li>I Timonkatus daghemmets f\u00f6rskolans R\u00e4verna-gruppens videoprojekt (<a href=\"https:\/\/docs.google.com\/document\/d\/1M38Mt_2cpiglpgIG-dhPWSeLc0QEyB8RZWhbHPQ2p8E\/edit?usp=sharing\">dagbok<\/a>) har man gjort sig bekant med hur man g\u00f6r filmer och har kreativt skrivit ett manuskript och kreativt anv\u00e4nd sig av specialeffekter.<br>V\u00e5ran projekt genomf\u00f6rdes via DOP-pedagogik. Id\u00e9erna kommer d\u00e4rmed fr\u00e5n barnen. Barnen ville sj\u00e4lva g\u00f6ra en film. Vi anv\u00e4nde en massa tid f\u00f6r projektet. F\u00f6rsta inspelningarna gjordes i slutet av november, i december vilade vi och projektet genomf\u00f6rdes huvudsakligen i januari. S\u00e5 l\u00e5ngt som m\u00f6jligt har barnen deltagit i allt &#8211; projektet har framskridit enligt barnens \u00f6nskem\u00e5l och id\u00e9er<\/li><li>Flight\/Aviation project, from Echipa Multitouchnme, Romania, was a nominee for Inetrnational LUMA StarT Award 2017.<br>Since the aero-spatial engineering exists, for about 100 years, it has earned the reputation of being the leading edge of technology. Flight has diminished distances, allowing people to travel freely. The aero-spatial technology has totally changed wars, defense and security concepts and paradigms of the modern world. The theme offers students the possibility of choosing a career path and elite role-models. Patrik, a student in the 9th grade, studying Mathematics and Computer Science in an English Bilingual class, created a webpage as an interactive educational resource, which can be used by both teachers and students. It supports the E-learning process, modern interactive methods of teaching, specific to the Era of Information and Knowledge. To create this page, he used the following programming languages and programs: HTML, Javascript, Photoshop and Movie Maker. In addition to the classical bibliography and research, we collaborated with our mentors, experts in aviation, from Romania and Belgium. EUROCONTROL. The project participated in 4-7 march 2017, in the National Interdisciplinary Contest Istorie i societate \u00een dimensiune virtua (History and society in a virtual dimension), where got the 3rd Prize. With the flight simulator we received from our mentor, Marian Stan, engineer at Continental, Germany, the students from our college are initiating themselves in flight. We have also started some parachuting and flight courses in collaboration with the Romanian Air Club, part of our most recent partnership.<br><\/li><\/ul>\n\n\n<p><iframe loading=\"lazy\" title=\"International Luma StarT Award 2017 Nominee - ECHIPA MULTITOUCHCNME - FLIGHT\/AVIATION\" width=\"770\" height=\"433\" src=\"https:\/\/www.youtube.com\/embed\/y-i_iKnswT4?feature=oembed\" frameborder=\"0\" allow=\"accelerometer; autoplay; clipboard-write; encrypted-media; gyroscope; picture-in-picture\" allowfullscreen><\/iframe><\/p>\n\n\n\n<p>SOS Glove was made by a team from Semesta Billingual Boarding School, Indonesia. The team was also a nominee for International LUMA StarT Award 2017. (<a href=\"https:\/\/www.dropbox.com\/s\/ml6gm88qyneue2q\/StarT%20Project%20Indonesia_Semesta_SOSGlove.pptx?dl=0\">the learning diary<\/a>)<br>The Eravicte team is from Semesta Billingual Boarding School, Indonesia.The team consists of three students from 8th Grade . We learn, discuss, and assemble the project together. The team carry out the project by discussing the problem with the supervisor, then trying to find the solution, looking for references related about the solution or project. The project was created by assembling the circuit board and components of SOS glove.<\/p>\n\n\n<p><iframe loading=\"lazy\" title=\"International Luma StarT Award 2017 Nominee - Semesta bilingual boarding school - SOS glove\" width=\"770\" height=\"433\" src=\"https:\/\/www.youtube.com\/embed\/GZMrl9dvR8A?feature=oembed\" frameborder=\"0\" allow=\"accelerometer; autoplay; clipboard-write; encrypted-media; gyroscope; picture-in-picture\" allowfullscreen><\/iframe><\/p>\n\n\n\n<p>A team from Centenary Heights State High School MSE Group Year 10, Australia build a torch without any battery. (<a href=\"https:\/\/drive.google.com\/drive\/folders\/0B1X5XADi9YwAeDI3TncyUHpFeUE\">the project report<\/a>)<br>All minds are very technical and physics based and they were determined to create a torch suitable to Finlands cold climate. Aware of the limited life-span of cellular batteries, the students devised a hand held torch which would be powered by the thermal heat of their hand. They made the torch and will be displaying it along with their poster at our school science fair in August. The most frustrating thing for the group was to locate the components for their torch, and then wait for their delivery. It was absolutely priceless to see their faces when the items arrived. They could barely conceal their excitement and couldnt wait to create their torch.<\/p>\n\n\n<p><iframe loading=\"lazy\" title=\"Project Video Diary\" width=\"770\" height=\"433\" src=\"https:\/\/www.youtube.com\/embed\/G6Wg8gJnwA4?feature=oembed\" frameborder=\"0\" allow=\"accelerometer; autoplay; clipboard-write; encrypted-media; gyroscope; picture-in-picture\" allowfullscreen><\/iframe><\/p>\n\n\n\n<h2 class=\"wp-block-heading\">Material<\/h2>\n\n\n\n<p><strong>L\u00e5gstadiet<\/strong><br><a href=\"https:\/\/drive.google.com\/open?id=1mtYM6Vr2JydA0o3xSkW8FqX6r6GUNt6m\">Teachers4energy<\/a><br><a href=\"https:\/\/drive.google.com\/open?id=1VbxT2Q2p7mBzaWok-ODGkZmCj7ZxtK3x\">Team Action Zone<\/a><br><a href=\"https:\/\/drive.google.com\/open?id=1KFWtd4OTfU0g54L8rpO_BIOp1PH02U7S\">Wearable technology<\/a><\/p>\n\n\n\n<p><strong>H\u00f6gstadiet<\/strong><br><a href=\"https:\/\/drive.google.com\/open?id=1Pi0cR2pCWA-8URiP0BeDRVm1ncPwDe0v\">Fr\u00e5ga en expert<\/a><br><a href=\"https:\/\/drive.google.com\/open?id=1VbxT2Q2p7mBzaWok-ODGkZmCj7ZxtK3x\">Team Action Zone<\/a><br><a href=\"https:\/\/drive.google.com\/open?id=1KFWtd4OTfU0g54L8rpO_BIOp1PH02U7S\">Wearable technology<\/a><br><a href=\"https:\/\/drive.google.com\/open?id=1WLPFCsUsIvlTo48Q2ZCG7ip53c5G66_V\">Handprotes<\/a><\/p>\n\n\n\n<p><strong>Andra<\/strong> <strong>stadiet<\/strong><br><a href=\"https:\/\/drive.google.com\/open?id=1VbxT2Q2p7mBzaWok-ODGkZmCj7ZxtK3x\">Team Action Zone<\/a><br><a href=\"https:\/\/drive.google.com\/open?id=1KFWtd4OTfU0g54L8rpO_BIOp1PH02U7S\">Wearable technology<\/a><br><a href=\"https:\/\/drive.google.com\/open?id=1KFWtd4OTfU0g54L8rpO_BIOp1PH02U7S\">Wearable technology<\/a><br><a href=\"https:\/\/drive.google.com\/open?id=1WLPFCsUsIvlTo48Q2ZCG7ip53c5G66_V\">Handprotes<\/a><\/p>\n","protected":false},"excerpt":{"rendered":"<p>Teknologin omkring oss Vad \u00e4r teknologi? Hur ofta anv\u00e4nder vi egentligen oss av [&hellip;]<\/p>\n","protected":false},"author":1,"featured_media":0,"parent":58,"menu_order":0,"comment_status":"closed","ping_status":"closed","template":"","meta":{"footnotes":""},"class_list":["post-400","page","type-page","status-publish","hentry"],"_links":{"self":[{"href":"https:\/\/start.luma.fi\/sv\/wp-json\/wp\/v2\/pages\/400","targetHints":{"allow":["GET"]}}],"collection":[{"href":"https:\/\/start.luma.fi\/sv\/wp-json\/wp\/v2\/pages"}],"about":[{"href":"https:\/\/start.luma.fi\/sv\/wp-json\/wp\/v2\/types\/page"}],"author":[{"embeddable":true,"href":"https:\/\/start.luma.fi\/sv\/wp-json\/wp\/v2\/users\/1"}],"replies":[{"embeddable":true,"href":"https:\/\/start.luma.fi\/sv\/wp-json\/wp\/v2\/comments?post=400"}],"version-history":[{"count":2,"href":"https:\/\/start.luma.fi\/sv\/wp-json\/wp\/v2\/pages\/400\/revisions"}],"predecessor-version":[{"id":2499,"href":"https:\/\/start.luma.fi\/sv\/wp-json\/wp\/v2\/pages\/400\/revisions\/2499"}],"up":[{"embeddable":true,"href":"https:\/\/start.luma.fi\/sv\/wp-json\/wp\/v2\/pages\/58"}],"wp:attachment":[{"href":"https:\/\/start.luma.fi\/sv\/wp-json\/wp\/v2\/media?parent=400"}],"curies":[{"name":"wp","href":"https:\/\/api.w.org\/{rel}","templated":true}]}}