{"id":58,"date":"2017-03-23T10:00:15","date_gmt":"2017-03-23T08:00:15","guid":{"rendered":"http:\/\/start.luma.fi\/sv\/?page_id=58"},"modified":"2022-08-26T10:17:24","modified_gmt":"2022-08-26T07:17:24","slug":"materialbank","status":"publish","type":"page","link":"https:\/\/start.luma.fi\/sv\/materialbank\/","title":{"rendered":"Materialbank"},"content":{"rendered":"<h1>Materialbanken i projektinl\u00e4rningen<\/h1>\n<p>StarT st\u00f6dmaterial \u00e4r \u00f6ppet f\u00f6r alla och inneh\u00e5ller m\u00e5nga tips och r\u00e5d f\u00f6r att komma ig\u00e5ng med projektet. Dessutom inneh\u00e5ller materialet \u00e4ven information om att f\u00f6rverkliga projektet p\u00e5 ett allm\u00e4nt plan. Materialen \u00e4r uppdelade enligt tema:<\/p>\n<ul>\n<li><a href=\"http:\/\/start.luma.fi\/sv\/matematiken-omkring-oss\/\" target=\"_blank\" rel=\"noopener noreferrer\">Matematiken omkring oss<\/a><\/li>\n<li><a href=\"http:\/\/start.luma.fi\/sv\/naturen-och-miljon\/\" target=\"_blank\" rel=\"noopener noreferrer\">Naturen och milj\u00f6n<\/a><\/li>\n<li><a href=\"https:\/\/start.luma.fi\/sv\/halsa-och-valbefinnande\/\" target=\"_blank\" rel=\"noopener noreferrer\">H\u00e4lsa och v\u00e4lbefinnande<\/a><\/li>\n<li><a href=\"http:\/\/start.luma.fi\/sv\/stjarnor-och-rymden\/\" target=\"_blank\" rel=\"noopener noreferrer\">Stj\u00e4rnorna och rymden<\/a><\/li>\n<li><a href=\"http:\/\/start.luma.fi\/sv\/hem-kultur-och-intenationalitet\/\" target=\"_blank\" rel=\"noopener noreferrer\">Hem, kultur och internationalitet<\/a><\/li>\n<li><a href=\"http:\/\/start.luma.fi\/sv\/teknologin-omkring-oss\/\" target=\"_blank\" rel=\"noopener noreferrer\">Teknologin omkring oss <\/a><\/li>\n<\/ul>\n<h2>StarT t\u00e4vlingarnas b\u00e4sta<\/h2>\n<ul>\n<li><a href=\"https:\/\/start.luma.fi\/start-parhaat-2022\/\">De b\u00e4sta av nationella projekt 2022 (p\u00e5 finska)<\/a><\/li>\n<li><a href=\"https:\/\/start.luma.fi\/en\/materials\/the-best-of-start-2022\/\">De b\u00e4sta av internationella projekt 2022 (p\u00e5 engelska)<\/a><\/li>\n<li><a href=\"https:\/\/start.luma.fi\/start-parhaat-2021\/\">De b\u00e4sta av nationella projekt 2021 (p\u00e5 finska)<\/a><\/li>\n<li><a href=\"https:\/\/start.luma.fi\/en\/materials\/the-best-of-start-2021\/\">De b\u00e4sta av internationella projekt 2021 (p\u00e5 engelska)<\/a><\/li>\n<li><a href=\"https:\/\/start.luma.fi\/start-parhaat-2020\/\">De b\u00e4sta av nationella projekt 2020 (p\u00e5 finska)<\/a><\/li>\n<li><a href=\"https:\/\/start.luma.fi\/en\/materials\/the-best-of-start-2020\/\">De b\u00e4sta av internationella projekt 2020 (p\u00e5 engelska)<\/a><\/li>\n<li><a href=\"https:\/\/start.luma.fi\/start-parhaat-2018-2019\/\">De b\u00e4sta av nationella projekt 2019 (p\u00e5 finska)<\/a><\/li>\n<li><a href=\"https:\/\/start.luma.fi\/en\/materials\/the-best-of-start-2019\/\">De b\u00e4sta av internationella projekt 2019 (p\u00e5 engelska)<\/a><\/li>\n<li><a href=\"https:\/\/start.luma.fi\/start-parhaat-2017-2018\/\">De b\u00e4sta av nationella projekt 2018 (p\u00e5 finska)<\/a><\/li>\n<li><a href=\"https:\/\/start.luma.fi\/en\/materials\/the-best-of-start-2018\/\">De b\u00e4sta av internationella projekt 2018 (p\u00e5 engelska)<\/a><\/li>\n<li><a href=\"https:\/\/start.luma.fi\/start-parhaat-2016-2017\/\">De b\u00e4sta av nationella projekt 2017 (p\u00e5 finska)<\/a><\/li>\n<li><a href=\"https:\/\/start.luma.fi\/en\/materials\/the-best-of-start-2017\/\">De b\u00e4sta av internationella projekt 2017 (p\u00e5 engelska)<\/a><\/li>\n<\/ul>\n<p>P\u00e5 sidan <a href=\"http:\/\/www.experimentarkivet.se\" target=\"_blank\" rel=\"noopener noreferrer\">experimentarkivet.se<\/a> finns det flera id\u00e9er och experiment man kan utf\u00f6ra i klassen eller med sin inl\u00e4rningsgrupp!<\/p>\n<h2>Andra sidor f\u00f6r material<\/h2>\n<p style=\"text-align: left;\">Grundskolan och gymnasium<\/p>\n<ul>\n<li><a href=\"https:\/\/sites.google.com\/skola.raseborg.fi\/klimat\/startsida\" target=\"_blank\" rel=\"noopener noreferrer\">Klimatpaket f\u00f6r skolan<\/a><\/li>\n<li><a href=\"https:\/\/abo.onedu.fi\/zine\/28\/cover\">Korta videor om forksningens v\u00e4rld<\/a><\/li>\n<li><a href=\"https:\/\/chemdemos.uoregon.edu\/\">Animationer till kemiundervisningen<\/a><\/li>\n<li><a href=\"http:\/\/lenteg.ttk.pte.hu\">Animationer som st\u00f6d f\u00f6r kemiundervisningen i gymnasiet<\/a> (samling av fler olika sidor)<\/li>\n<\/ul>\n<p>Olika bloggar och n\u00e4tsidor inom naturvetenskapliga \u00e4mnen f\u00f6r l\u00e4rare:<\/p>\n<ul>\n<li><a href=\"http:\/\/raknamedmig.blogspot.fi\/\">R\u00e4kna med mig<\/a><\/li>\n<li><a href=\"http:\/\/www.scientix.eu\/resources\" target=\"_blank\" rel=\"noopener noreferrer\">Scientix<\/a><\/li>\n<li><a href=\"http:\/\/www.skolresurs.fi\">Skolresurs.fi<\/a><\/li>\n<\/ul>\n<p>Speciellt Resurscenter inneh\u00e5ller en massa id\u00e9er och inspiration f\u00f6r l\u00e4rare och d\u00e4r hittas s\u00e4kert n\u00e5got f\u00f6r varje klass!<\/p>\n<p>H\u00e4r kan ni se p\u00e5 en <a href=\"https:\/\/www.ursa.fi\/extra\/tahtikartta\/\">Stj\u00e4rnkarta<\/a> med klassen! (sidan p\u00e5 finska)<\/p>\n","protected":false},"excerpt":{"rendered":"<p>Materialbanken i projektinl\u00e4rningen StarT st\u00f6dmaterial \u00e4r \u00f6ppet f\u00f6r alla och inneh\u00e5ller m\u00e5nga tips [&hellip;]<\/p>\n","protected":false},"author":5,"featured_media":471,"parent":0,"menu_order":0,"comment_status":"closed","ping_status":"closed","template":"","meta":{"footnotes":""},"class_list":["post-58","page","type-page","status-publish","has-post-thumbnail","hentry"],"_links":{"self":[{"href":"https:\/\/start.luma.fi\/sv\/wp-json\/wp\/v2\/pages\/58","targetHints":{"allow":["GET"]}}],"collection":[{"href":"https:\/\/start.luma.fi\/sv\/wp-json\/wp\/v2\/pages"}],"about":[{"href":"https:\/\/start.luma.fi\/sv\/wp-json\/wp\/v2\/types\/page"}],"author":[{"embeddable":true,"href":"https:\/\/start.luma.fi\/sv\/wp-json\/wp\/v2\/users\/5"}],"replies":[{"embeddable":true,"href":"https:\/\/start.luma.fi\/sv\/wp-json\/wp\/v2\/comments?post=58"}],"version-history":[{"count":5,"href":"https:\/\/start.luma.fi\/sv\/wp-json\/wp\/v2\/pages\/58\/revisions"}],"predecessor-version":[{"id":2522,"href":"https:\/\/start.luma.fi\/sv\/wp-json\/wp\/v2\/pages\/58\/revisions\/2522"}],"wp:featuredmedia":[{"embeddable":true,"href":"https:\/\/start.luma.fi\/sv\/wp-json\/wp\/v2\/media\/471"}],"wp:attachment":[{"href":"https:\/\/start.luma.fi\/sv\/wp-json\/wp\/v2\/media?parent=58"}],"curies":[{"name":"wp","href":"https:\/\/api.w.org\/{rel}","templated":true}]}}