{"id":7,"date":"2017-01-27T13:55:06","date_gmt":"2017-01-27T11:55:06","guid":{"rendered":"http:\/\/start.luma.fi\/sv\/?page_id=7"},"modified":"2022-07-27T13:46:45","modified_gmt":"2022-07-27T10:46:45","slug":"hem","status":"publish","type":"page","link":"https:\/\/start.luma.fi\/sv\/","title":{"rendered":"StarT-programmet"},"content":{"rendered":"<p>V\u00c4LKOMMEN MED I STARTS S\u00c4SONG 2017-2018!<\/p>\n<p>I StarT kan alla delta: hobbygrupper, experter, studerande, f\u00f6retag &#8211; alla i en roll som passar sig sj\u00e4lv b\u00e4st, genom att genomf\u00f6ra projekt eller att st\u00f6da olika projekt som t.ex. en expert.<\/p>\n<p>Genom att ni deltar kan vi ge er information och st\u00f6d. Anm\u00e4l er senaste den 31.10.2017.<\/p>\n<p>&nbsp;<\/p>\n<p>StarTa tillsammans mot en b\u00e4ttre framtid<\/p>\n<p>StarT orienterar sig fr\u00e5n sm\u00e5barnspedagogik till andra stadiet. F\u00f6r jubileums\u00e5ret Finland 100 har LUMA-centret Finland -n\u00e4tverket och olika samarbetspartner startat en verksamhetsmodell f\u00f6r StarT som st\u00f6der det nya l\u00e4roplanets m\u00e5ngsidiga l\u00e4rohelhet.<\/p>\n<p>&nbsp;<\/p>\n<p>StarT &#8211; tillsammans f\u00f6r en b\u00e4ttre framtid!<\/p>\n<p>StarT bjuder in alla Finlands skolor, daghem, hobbygrupper, familjer samt andra intresserade sektorer, som media, f\u00f6r att l\u00e4ra sig tillsammans i glad anda. Projektets \u00e4gare och huvudakt\u00f6r \u00e4r LUMA-centret Finland. StarT verkst\u00e4lls som samarbete med LUMA-centret som h\u00f6r till n\u00e4tverket, deltagande samarabetspartner och finansierare. StarTs huvudm\u00e5l \u00e4r att inf\u00f6ra i den finl\u00e4ndska uppfostrings- och skolningsbranchen en ny tv\u00e4rvetenskaplig och gemenskaplig StarT-verksamhetskultur. StarT st\u00f6der m\u00e5len i den nya l\u00e4roplanen.<\/p>\n<p>&nbsp;<\/p>\n","protected":false},"excerpt":{"rendered":"<p>V\u00c4LKOMMEN MED I STARTS S\u00c4SONG 2017-2018! I StarT kan alla delta: hobbygrupper, experter, [&hellip;]<\/p>\n","protected":false},"author":1,"featured_media":0,"parent":0,"menu_order":0,"comment_status":"closed","ping_status":"closed","template":"template-front-page.php","meta":{"footnotes":""},"class_list":["post-7","page","type-page","status-publish","hentry"],"_links":{"self":[{"href":"https:\/\/start.luma.fi\/sv\/wp-json\/wp\/v2\/pages\/7","targetHints":{"allow":["GET"]}}],"collection":[{"href":"https:\/\/start.luma.fi\/sv\/wp-json\/wp\/v2\/pages"}],"about":[{"href":"https:\/\/start.luma.fi\/sv\/wp-json\/wp\/v2\/types\/page"}],"author":[{"embeddable":true,"href":"https:\/\/start.luma.fi\/sv\/wp-json\/wp\/v2\/users\/1"}],"replies":[{"embeddable":true,"href":"https:\/\/start.luma.fi\/sv\/wp-json\/wp\/v2\/comments?post=7"}],"version-history":[{"count":2,"href":"https:\/\/start.luma.fi\/sv\/wp-json\/wp\/v2\/pages\/7\/revisions"}],"predecessor-version":[{"id":2452,"href":"https:\/\/start.luma.fi\/sv\/wp-json\/wp\/v2\/pages\/7\/revisions\/2452"}],"wp:attachment":[{"href":"https:\/\/start.luma.fi\/sv\/wp-json\/wp\/v2\/media?parent=7"}],"curies":[{"name":"wp","href":"https:\/\/api.w.org\/{rel}","templated":true}]}}