{"id":727,"date":"2018-06-19T11:41:43","date_gmt":"2018-06-19T08:41:43","guid":{"rendered":"https:\/\/start.luma.fi\/sv\/?page_id=727"},"modified":"2022-08-04T11:27:19","modified_gmt":"2022-08-04T08:27:19","slug":"samarbetspartners","status":"publish","type":"page","link":"https:\/\/start.luma.fi\/sv\/om-start\/samarbetspartners\/","title":{"rendered":"Samarbetspartners"},"content":{"rendered":"<h1>StarTs samarbetspartners<\/h1>\n<p>StarT-projektet har flera samarbetspartners som vill ge sitt st\u00f6d till framtidens akt\u00f6rer: barnen och de unga. StarTs motto \u00e4r tillsammans mot en bra framtid.<\/p>\n<p>LUMA-center Finland-n\u00e4tverket s\u00f6ker ytterligare sponsorer och nya samarbetspartners f\u00f6r att st\u00f6da barnens och de ungas tv\u00e4rvetenskapliga och fenomenbaserade inl\u00e4rning genom StarT-verksamheten. \u00c4ven donationer tas emot.<\/p>\n<p>F\u00f6retagen f\u00e5r genom samarbetet synlighet i hela Finland. Dessutom har StarT en stark synlighet internationellt. Vi har internationella samarbetspartners till exempel i Albanien, Kina och Turkiet. L\u00e4s mer om interationell verksamhet <a href=\"https:\/\/start.luma.fi\/en\/about-start\/for-partners\/official-start-partner-countries\/\">h\u00e4r<\/a> (p\u00e5 engelska). Ju mera f\u00f6retaget bidrar med, desto st\u00f6rre synlighet.<\/p>\n<h1>StarTs officiella samarbetspartners<\/h1>\n\n\n\n\n<figure class=\"wp-block-gallery has-nested-images columns-5 wp-block-gallery-2 is-layout-flex wp-block-gallery-is-layout-flex\">\n<figure class=\"wp-block-image size-large\"><img decoding=\"async\" data-id=\"1510\" src=\"https:\/\/start.luma.fi\/sv\/files\/2020\/03\/Logo-abloy-1.jpg\" alt=\"Abloy\" class=\"wp-image-1510\"\/><\/figure>\n\n\n\n<figure class=\"wp-block-image size-large\"><img decoding=\"async\" data-id=\"1470\" src=\"https:\/\/start.luma.fi\/sv\/files\/2020\/03\/Aineenopettajaliitto-AOL-ry-2.png\" alt=\"Aineenopettajien liitto\" class=\"wp-image-1470\"\/><\/figure>\n\n\n\n<figure class=\"wp-block-image size-large\"><img decoding=\"async\" data-id=\"1472\" src=\"https:\/\/start.luma.fi\/sv\/files\/2020\/03\/Alvar-Aalto-A-Tunnus-suoja-alue-scaled-3-1024x821.jpg\" alt=\"Alvar Aalto\" class=\"wp-image-1472\"\/><\/figure>\n\n\n\n<figure class=\"wp-block-image size-large\"><img decoding=\"async\" data-id=\"1476\" src=\"https:\/\/start.luma.fi\/sv\/files\/2020\/03\/arctic-centre-open-arctic-lapland-research-2.png\" alt=\"Arctic Centre\" class=\"wp-image-1476\"\/><\/figure>\n\n\n\n<figure class=\"wp-block-image size-large\"><img decoding=\"async\" data-id=\"1477\" src=\"https:\/\/start.luma.fi\/sv\/files\/2020\/03\/bitwise_logo-2-1024x184.png\" alt=\"Bitwise\" class=\"wp-image-1477\"\/><\/figure>\n\n\n\n<figure class=\"wp-block-image size-large\"><img decoding=\"async\" data-id=\"1480\" src=\"https:\/\/start.luma.fi\/sv\/files\/2020\/03\/bmol-1.jpg\" alt=\"Bmol ry\" class=\"wp-image-1480\"\/><\/figure>\n\n\n\n<figure class=\"wp-block-image size-large\"><img decoding=\"async\" data-id=\"1481\" src=\"https:\/\/start.luma.fi\/sv\/files\/2020\/03\/BR_BRONZEG_Biorex_JPG-web-use-only-1-1024x421.jpg\" alt=\"Biorex\" class=\"wp-image-1481\"\/><\/figure>\n\n\n\n<figure class=\"wp-block-image size-large\"><img decoding=\"async\" data-id=\"1482\" src=\"https:\/\/start.luma.fi\/sv\/files\/2020\/03\/ccefinland-logo-1-1024x470.png\" alt=\"CCE program\" class=\"wp-image-1482\"\/><\/figure>\n\n\n\n<figure class=\"wp-block-image size-large\"><img decoding=\"async\" data-id=\"1483\" src=\"https:\/\/start.luma.fi\/sv\/files\/2020\/03\/circula-logo-sve-rgb-1-1024x425.png\" alt=\"Circula\" class=\"wp-image-1483\"\/><\/figure>\n\n\n\n<figure class=\"wp-block-image size-large\"><img decoding=\"async\" data-id=\"1484\" src=\"https:\/\/start.luma.fi\/sv\/files\/2020\/03\/EcoAims_logo-1.png\" alt=\"Ecoaims\" class=\"wp-image-1484\"\/><\/figure>\n\n\n\n<figure class=\"wp-block-image size-large\"><img decoding=\"async\" data-id=\"1485\" src=\"https:\/\/start.luma.fi\/sv\/files\/2020\/03\/Educons-logo-1.gif\" alt=\"Educons\" class=\"wp-image-1485\"\/><\/figure>\n\n\n\n<figure class=\"wp-block-image size-large\"><img decoding=\"async\" data-id=\"1486\" src=\"https:\/\/start.luma.fi\/sv\/files\/2020\/03\/ekspsaatio-mukana-tukemassa-300x300-2.png\" alt=\"Eksp s\u00e4\u00e4ti\u00f6\" class=\"wp-image-1486\"\/><\/figure>\n\n\n\n<figure class=\"wp-block-image size-large\"><img decoding=\"async\" data-id=\"1488\" src=\"https:\/\/start.luma.fi\/sv\/files\/2020\/03\/Elinkeinoel\u00e4m\u00e4n-keskusliitto-1.png\" alt=\"Elinkeinoel\u00e4m\u00e4n keskusliitto\" class=\"wp-image-1488\"\/><\/figure>\n\n\n\n<figure class=\"wp-block-image size-large\"><img decoding=\"async\" data-id=\"1489\" src=\"https:\/\/start.luma.fi\/sv\/files\/2020\/03\/Fablab-tampere-logo-1-1024x189.png\" alt=\"Fablab Tampere\" class=\"wp-image-1489\"\/><\/figure>\n\n\n\n<figure class=\"wp-block-image size-large\"><img decoding=\"async\" data-id=\"1492\" src=\"https:\/\/start.luma.fi\/sv\/files\/2020\/03\/FIB-_-SB-FB-1.jpg\" alt=\"Suomen Bioteollisuus\" class=\"wp-image-1492\"\/><\/figure>\n\n\n\n<figure class=\"wp-block-image size-large\"><img decoding=\"async\" data-id=\"1493\" src=\"https:\/\/start.luma.fi\/sv\/files\/2020\/03\/FSN-logo-768x532-2.png\" alt=\"Finnish Somalia network\" class=\"wp-image-1493\"\/><\/figure>\n\n\n\n<figure class=\"wp-block-image size-large\"><img decoding=\"async\" data-id=\"1539\" src=\"https:\/\/start.luma.fi\/sv\/files\/2020\/03\/vesxc218-1-1024x312.jpeg\" alt=\"Gambit\" class=\"wp-image-1539\"\/><\/figure>\n\n\n\n<figure class=\"wp-block-image size-large\"><img decoding=\"async\" data-id=\"1494\" src=\"https:\/\/start.luma.fi\/sv\/files\/2020\/03\/Gaudeamus-1.jpg\" alt=\"Gaudeamus\" class=\"wp-image-1494\"\/><\/figure>\n\n\n\n<figure class=\"wp-block-image size-large\"><img decoding=\"async\" data-id=\"1495\" src=\"https:\/\/start.luma.fi\/sv\/files\/2020\/03\/globe_square-1.png\" alt=\"The Globe Program\" class=\"wp-image-1495\"\/><\/figure>\n\n\n\n<figure class=\"wp-block-image size-large\"><img decoding=\"async\" data-id=\"1497\" src=\"https:\/\/start.luma.fi\/sv\/files\/2020\/03\/Heureka-logo-1-1024x318.png\" alt=\"Heureka\" class=\"wp-image-1497\"\/><\/figure>\n\n\n\n<figure class=\"wp-block-image size-large\"><img decoding=\"async\" data-id=\"1498\" src=\"https:\/\/start.luma.fi\/sv\/files\/2020\/03\/innokaslogo-1.png\" alt=\"Innokas\" class=\"wp-image-1498\"\/><\/figure>\n\n\n\n<figure class=\"wp-block-image size-large\"><img decoding=\"async\" data-id=\"1500\" src=\"https:\/\/start.luma.fi\/sv\/files\/2020\/03\/kemianteollisuus-logo-1.png\" alt=\"Kemianteollisuus\" class=\"wp-image-1500\"\/><\/figure>\n\n\n\n<figure class=\"wp-block-image size-large\"><img decoding=\"async\" data-id=\"1501\" src=\"https:\/\/start.luma.fi\/sv\/files\/2020\/03\/Kino-Iiriksen-logo_banneri-1-1024x384.jpg\" alt=\"Kino Iiris\" class=\"wp-image-1501\"\/><\/figure>\n\n\n\n<figure class=\"wp-block-image size-thumbnail\"><img loading=\"lazy\" decoding=\"async\" width=\"150\" height=\"150\" data-id=\"755\" src=\"https:\/\/start.luma.fi\/sv\/files\/2018\/06\/KSKSlogo-e1659600104438-150x150.png\" alt=\"Keski-Suomen Kemistienseura\" class=\"wp-image-755\" srcset=\"https:\/\/start.luma.fi\/sv\/files\/2018\/06\/KSKSlogo-e1659600104438-150x150.png 150w, https:\/\/start.luma.fi\/sv\/files\/2018\/06\/KSKSlogo-e1659600104438-170x170.png 170w\" sizes=\"auto, (max-width: 150px) 100vw, 150px\" \/><\/figure>\n\n\n\n<figure class=\"wp-block-image size-large\"><img decoding=\"async\" data-id=\"1504\" src=\"https:\/\/start.luma.fi\/sv\/files\/2020\/03\/kuntaliitto-logo-1.png\" alt=\"Kuntaliitto\" class=\"wp-image-1504\"\/><\/figure>\n\n\n\n<figure class=\"wp-block-image size-large\"><img decoding=\"async\" data-id=\"1506\" src=\"https:\/\/start.luma.fi\/sv\/files\/2020\/03\/LahtiEnergia_logoRGB_lores72dpi-1.jpg\" alt=\"LahtiEnergia\" class=\"wp-image-1506\"\/><\/figure>\n\n\n\n<figure class=\"wp-block-image size-large\"><img decoding=\"async\" data-id=\"1511\" src=\"https:\/\/start.luma.fi\/sv\/files\/2020\/03\/logo-opinkirjo-01-sv-1.png\" alt=\"L\u00e4rorik\" class=\"wp-image-1511\"\/><\/figure>\n\n\n\n<figure class=\"wp-block-image size-large\"><img decoding=\"async\" data-id=\"1512\" src=\"https:\/\/start.luma.fi\/sv\/files\/2020\/03\/lpr_nuorisotoimi-1.png\" alt=\"Lappenrannan nuorisotiimi\" class=\"wp-image-1512\"\/><\/figure>\n\n\n\n<figure class=\"wp-block-image size-full\"><img loading=\"lazy\" decoding=\"async\" width=\"601\" height=\"493\" data-id=\"2505\" src=\"https:\/\/start.luma.fi\/sv\/files\/2022\/08\/77a2c782-vol-2.png\" alt=\"Varhaiskasvatuksen opettajien liitto\" class=\"wp-image-2505\" srcset=\"https:\/\/start.luma.fi\/sv\/files\/2022\/08\/77a2c782-vol-2.png 601w, https:\/\/start.luma.fi\/sv\/files\/2022\/08\/77a2c782-vol-2-300x246.png 300w\" sizes=\"auto, (max-width: 601px) 100vw, 601px\" \/><\/figure>\n\n\n\n<figure class=\"wp-block-image size-large\"><img decoding=\"async\" data-id=\"1515\" src=\"https:\/\/start.luma.fi\/sv\/files\/2020\/03\/luuppi_logo_en_web_office-1.jpg\" alt=\"Museum and Science Center Luuppi\" class=\"wp-image-1515\"\/><\/figure>\n\n\n\n<figure class=\"wp-block-image size-large\"><img decoding=\"async\" data-id=\"1516\" src=\"https:\/\/start.luma.fi\/sv\/files\/2020\/03\/LykeNatverket_negatiivi-valkoinen-e1557760974490-1.png\" alt=\"LYKE-n\u00e4tverket\" class=\"wp-image-1516\"\/><\/figure>\n\n\n\n<figure class=\"wp-block-image size-large\"><img decoding=\"async\" data-id=\"1517\" src=\"https:\/\/start.luma.fi\/sv\/files\/2020\/03\/MAL-1-1.jpg\" alt=\"MAL\" class=\"wp-image-1517\"\/><\/figure>\n\n\n\n<figure class=\"wp-block-image size-large\"><img decoding=\"async\" data-id=\"1465\" src=\"https:\/\/start.luma.fi\/sv\/files\/2020\/03\/38016731579613885-1024x321-3.jpeg\" alt=\"MAOL ry\" class=\"wp-image-1465\"\/><\/figure>\n\n\n\n<figure class=\"wp-block-image size-large\"><img decoding=\"async\" data-id=\"1518\" src=\"https:\/\/start.luma.fi\/sv\/files\/2020\/03\/nanoscience-center-1.png\" alt=\"Nano Science Center Finland.\" class=\"wp-image-1518\"\/><\/figure>\n\n\n\n<figure class=\"wp-block-image size-large\"><img decoding=\"async\" data-id=\"1509\" src=\"https:\/\/start.luma.fi\/sv\/files\/2020\/03\/logo_meyerturku_print-scaled-2-1024x341.jpg\" alt=\"Meyer Turku\" class=\"wp-image-1509\"\/><\/figure>\n\n\n\n<figure class=\"wp-block-image size-large\"><img decoding=\"async\" data-id=\"1520\" src=\"https:\/\/start.luma.fi\/sv\/files\/2020\/03\/Oikeat-v\u00e4rit-obsis-1-1024x218.jpg\" alt=\"Helsingin observatorio\" class=\"wp-image-1520\"\/><\/figure>\n\n\n\n<figure class=\"wp-block-image size-large\"><img decoding=\"async\" data-id=\"1519\" src=\"https:\/\/start.luma.fi\/sv\/files\/2020\/03\/OAJ-1.png\" alt=\"Opettajien ammattij\u00e4rjest\u00f6\" class=\"wp-image-1519\"\/><\/figure>\n\n\n\n<figure class=\"wp-block-image size-large\"><img decoding=\"async\" data-id=\"1521\" src=\"https:\/\/start.luma.fi\/sv\/files\/2020\/03\/opeyushallitus-1.png\" alt=\"Utbildningsstyrelsen\" class=\"wp-image-1521\"\/><\/figure>\n\n\n\n<figure class=\"wp-block-image size-large\"><img decoding=\"async\" data-id=\"1522\" src=\"https:\/\/start.luma.fi\/sv\/files\/2020\/03\/Pilke-logo-vihrea-1.jpg\" alt=\"Pilke Tiedekeskus\" class=\"wp-image-1522\"\/><\/figure>\n\n\n\n<figure class=\"wp-block-image size-large\"><img decoding=\"async\" data-id=\"1523\" src=\"https:\/\/start.luma.fi\/sv\/files\/2020\/03\/Prein-logo-1-1024x678.png\" alt=\"Prein-hanke\" class=\"wp-image-1523\"\/><\/figure>\n\n\n\n<figure class=\"wp-block-image size-large\"><img decoding=\"async\" data-id=\"1524\" src=\"https:\/\/start.luma.fi\/sv\/files\/2020\/03\/psslogo1-1-1.jpg\" alt=\"Pid\u00e4 saaristo siistin\u00e4 ry\" class=\"wp-image-1524\"\/><\/figure>\n\n\n\n<figure class=\"wp-block-image size-large\"><img decoding=\"async\" data-id=\"1525\" src=\"https:\/\/start.luma.fi\/sv\/files\/2020\/03\/saimaanmediakeskus-1.jpeg\" alt=\"Saimaan mediakeskus\" class=\"wp-image-1525\"\/><\/figure>\n\n\n\n<figure class=\"wp-block-image size-large\"><img decoding=\"async\" data-id=\"1530\" src=\"https:\/\/start.luma.fi\/sv\/files\/2020\/03\/suomen-luokanopettajat-ry-1.png\" alt=\"Luokanopettajien liitto\" class=\"wp-image-1530\"\/><\/figure>\n\n\n\n<figure class=\"wp-block-image size-large\"><img decoding=\"async\" data-id=\"1508\" src=\"https:\/\/start.luma.fi\/sv\/files\/2020\/03\/logo_400-1.png\" alt=\"Suomalainen tiedekatemia\" class=\"wp-image-1508\"\/><\/figure>\n\n\n\n<figure class=\"wp-block-image size-large\"><img decoding=\"async\" data-id=\"1463\" src=\"https:\/\/start.luma.fi\/sv\/files\/2020\/03\/12819412_500441193461365_642219177282899804_o-2.jpg\" alt=\"Suomen opinto-ohjaajat ry\" class=\"wp-image-1463\"\/><\/figure>\n\n\n\n<figure class=\"wp-block-image size-large\"><img decoding=\"async\" data-id=\"1526\" src=\"https:\/\/start.luma.fi\/sv\/files\/2020\/03\/SKS-logo2-1.png\" alt=\"Suomalaisten kemistien seura\" class=\"wp-image-1526\"\/><\/figure>\n\n\n\n<figure class=\"wp-block-image size-large\"><img decoding=\"async\" data-id=\"1527\" src=\"https:\/\/start.luma.fi\/sv\/files\/2020\/03\/statistikcentralen-20160222084034-1.png\" alt=\"Statistikcentralen\" class=\"wp-image-1527\"\/><\/figure>\n\n\n\n<figure class=\"wp-block-image size-large\"><img decoding=\"async\" data-id=\"1528\" src=\"https:\/\/start.luma.fi\/sv\/files\/2020\/03\/storaenso-1-878x1024.png\" alt=\"Storaenso\" class=\"wp-image-1528\"\/><\/figure>\n\n\n\n<figure class=\"wp-block-image size-large\"><img decoding=\"async\" data-id=\"1529\" src=\"https:\/\/start.luma.fi\/sv\/files\/2020\/03\/Stormossen_logo_CMYK_page-0001-1-1024x725.jpg\" alt=\"Stormossen\" class=\"wp-image-1529\"\/><\/figure>\n\n\n\n<figure class=\"wp-block-image size-large\"><img decoding=\"async\" data-id=\"1531\" src=\"https:\/\/start.luma.fi\/sv\/files\/2020\/03\/sykli-logo-sininen-1-1024x482.png\" alt=\"Sykli\" class=\"wp-image-1531\"\/><\/figure>\n\n\n\n<figure class=\"wp-block-image size-large\"><img decoding=\"async\" data-id=\"1532\" src=\"https:\/\/start.luma.fi\/sv\/files\/2020\/03\/t_logo_h12mm_rgb_black_fi-1.png\" alt=\"Teknologiateollisuus\" class=\"wp-image-1532\"\/><\/figure>\n\n\n\n<figure class=\"wp-block-image size-large\"><img loading=\"lazy\" decoding=\"async\" width=\"620\" height=\"100\" data-id=\"1534\" src=\"https:\/\/start.luma.fi\/sv\/files\/2020\/03\/teknikens_akademiker_logo.jpg\" alt=\"Teknikens akademiker\" class=\"wp-image-1534\" srcset=\"https:\/\/start.luma.fi\/sv\/files\/2020\/03\/teknikens_akademiker_logo.jpg 620w, https:\/\/start.luma.fi\/sv\/files\/2020\/03\/teknikens_akademiker_logo-300x48.jpg 300w\" sizes=\"auto, (max-width: 620px) 100vw, 620px\" \/><\/figure>\n\n\n\n<figure class=\"wp-block-image size-large\"><img decoding=\"async\" data-id=\"1535\" src=\"https:\/\/start.luma.fi\/sv\/files\/2020\/03\/Tiedekeskus_Tietomaa_Altis_Bold_2_rivinen-1-1024x341.jpg\" alt=\"Tiedekeskus Tietomaa\" class=\"wp-image-1535\"\/><\/figure>\n\n\n\n<figure class=\"wp-block-image size-large\"><img decoding=\"async\" data-id=\"1536\" src=\"https:\/\/start.luma.fi\/sv\/files\/2020\/03\/tt100_logo_black-1-1-1024x239.png\" alt=\"Teknologiateollisuuden 100-vuotiss\u00e4\u00e4ti\u00f6\" class=\"wp-image-1536\"\/><\/figure>\n\n\n\n<figure class=\"wp-block-image size-large\"><img decoding=\"async\" data-id=\"1541\" src=\"https:\/\/start.luma.fi\/sv\/files\/2020\/03\/WU-logo-musta-iso-2-1-1024x339.png\" alt=\"Wasa up\" class=\"wp-image-1541\"\/><\/figure>\n\n\n\n<figure class=\"wp-block-image size-large\"><img decoding=\"async\" data-id=\"1459\" src=\"https:\/\/start.luma.fi\/sv\/files\/2020\/03\/13838_VL-punainen-logo_page-0001-2-1024x302.jpg\" alt=\"Viking line\" class=\"wp-image-1459\"\/><\/figure>\n\n\n\n<figure class=\"wp-block-image size-large\"><img loading=\"lazy\" decoding=\"async\" width=\"934\" height=\"874\" data-id=\"2074\" src=\"https:\/\/start.luma.fi\/sv\/files\/2021\/03\/Talous_ja_nuoret_pysty.png\" alt=\"TAT - talous ja nuoret\" class=\"wp-image-2074\" srcset=\"https:\/\/start.luma.fi\/sv\/files\/2021\/03\/Talous_ja_nuoret_pysty.png 934w, https:\/\/start.luma.fi\/sv\/files\/2021\/03\/Talous_ja_nuoret_pysty-300x281.png 300w, https:\/\/start.luma.fi\/sv\/files\/2021\/03\/Talous_ja_nuoret_pysty-768x719.png 768w, https:\/\/start.luma.fi\/sv\/files\/2021\/03\/Talous_ja_nuoret_pysty-720x674.png 720w\" sizes=\"auto, (max-width: 934px) 100vw, 934px\" \/><\/figure>\n\n\n\n<figure class=\"wp-block-image size-large\"><img loading=\"lazy\" decoding=\"async\" width=\"1024\" height=\"537\" data-id=\"2076\" src=\"https:\/\/start.luma.fi\/sv\/files\/2021\/03\/20150105-130823.743453luomusfiseenblue-1024x537.jpg\" alt=\"Naturhistoriska centralmuseet\" class=\"wp-image-2076\" srcset=\"https:\/\/start.luma.fi\/sv\/files\/2021\/03\/20150105-130823.743453luomusfiseenblue-1024x537.jpg 1024w, https:\/\/start.luma.fi\/sv\/files\/2021\/03\/20150105-130823.743453luomusfiseenblue-300x157.jpg 300w, https:\/\/start.luma.fi\/sv\/files\/2021\/03\/20150105-130823.743453luomusfiseenblue-768x403.jpg 768w, https:\/\/start.luma.fi\/sv\/files\/2021\/03\/20150105-130823.743453luomusfiseenblue-720x378.jpg 720w, https:\/\/start.luma.fi\/sv\/files\/2021\/03\/20150105-130823.743453luomusfiseenblue.jpg 1456w\" sizes=\"auto, (max-width: 1024px) 100vw, 1024px\" \/><\/figure>\n\n\n\n<figure class=\"wp-block-image size-large\"><img loading=\"lazy\" decoding=\"async\" width=\"300\" height=\"246\" data-id=\"2077\" src=\"https:\/\/start.luma.fi\/sv\/files\/2021\/03\/Luke_SE_virall_WEB.jpg\" alt=\"LUKE naturresursinstitutet\" class=\"wp-image-2077\"\/><\/figure>\n\n\n\n<figure class=\"wp-block-image size-large\"><img loading=\"lazy\" decoding=\"async\" width=\"400\" height=\"154\" data-id=\"2078\" src=\"https:\/\/start.luma.fi\/sv\/files\/2021\/03\/Tekniikan-museo-logo-turk400.png\" alt=\"Tekniikan museo\" class=\"wp-image-2078\" srcset=\"https:\/\/start.luma.fi\/sv\/files\/2021\/03\/Tekniikan-museo-logo-turk400.png 400w, https:\/\/start.luma.fi\/sv\/files\/2021\/03\/Tekniikan-museo-logo-turk400-300x116.png 300w\" sizes=\"auto, (max-width: 400px) 100vw, 400px\" \/><\/figure>\n\n\n\n<figure class=\"wp-block-image size-thumbnail\"><img loading=\"lazy\" decoding=\"async\" width=\"150\" height=\"150\" data-id=\"2079\" src=\"https:\/\/start.luma.fi\/sv\/files\/2021\/03\/4a578d80-6e87-4bdf-b07b-db9ab17ee477-150x150.png\" alt=\"TFIF\" class=\"wp-image-2079\" srcset=\"https:\/\/start.luma.fi\/sv\/files\/2021\/03\/4a578d80-6e87-4bdf-b07b-db9ab17ee477-150x150.png 150w, https:\/\/start.luma.fi\/sv\/files\/2021\/03\/4a578d80-6e87-4bdf-b07b-db9ab17ee477-300x300.png 300w, https:\/\/start.luma.fi\/sv\/files\/2021\/03\/4a578d80-6e87-4bdf-b07b-db9ab17ee477-170x170.png 170w, https:\/\/start.luma.fi\/sv\/files\/2021\/03\/4a578d80-6e87-4bdf-b07b-db9ab17ee477.png 478w\" sizes=\"auto, (max-width: 150px) 100vw, 150px\" \/><\/figure>\n\n\n\n<figure class=\"wp-block-image size-medium\"><img loading=\"lazy\" decoding=\"async\" width=\"300\" height=\"75\" data-id=\"2080\" src=\"https:\/\/start.luma.fi\/sv\/files\/2021\/03\/pulmapuoti-200x800mm-2_page-0001-scaled-1-300x75.jpg\" alt=\"Pulmapuoti\" class=\"wp-image-2080\" srcset=\"https:\/\/start.luma.fi\/sv\/files\/2021\/03\/pulmapuoti-200x800mm-2_page-0001-scaled-1-300x75.jpg 300w, https:\/\/start.luma.fi\/sv\/files\/2021\/03\/pulmapuoti-200x800mm-2_page-0001-scaled-1-1024x256.jpg 1024w, https:\/\/start.luma.fi\/sv\/files\/2021\/03\/pulmapuoti-200x800mm-2_page-0001-scaled-1-768x192.jpg 768w, https:\/\/start.luma.fi\/sv\/files\/2021\/03\/pulmapuoti-200x800mm-2_page-0001-scaled-1-1536x384.jpg 1536w, https:\/\/start.luma.fi\/sv\/files\/2021\/03\/pulmapuoti-200x800mm-2_page-0001-scaled-1-2048x512.jpg 2048w, https:\/\/start.luma.fi\/sv\/files\/2021\/03\/pulmapuoti-200x800mm-2_page-0001-scaled-1-720x180.jpg 720w\" sizes=\"auto, (max-width: 300px) 100vw, 300px\" \/><\/figure>\n<\/figure>\n\n\n","protected":false},"excerpt":{"rendered":"<p>StarTs samarbetspartners StarT-projektet har flera samarbetspartners som vill ge sitt st\u00f6d till framtidens [&hellip;]<\/p>\n","protected":false},"author":13,"featured_media":0,"parent":840,"menu_order":0,"comment_status":"closed","ping_status":"closed","template":"","meta":{"footnotes":""},"class_list":["post-727","page","type-page","status-publish","hentry"],"_links":{"self":[{"href":"https:\/\/start.luma.fi\/sv\/wp-json\/wp\/v2\/pages\/727","targetHints":{"allow":["GET"]}}],"collection":[{"href":"https:\/\/start.luma.fi\/sv\/wp-json\/wp\/v2\/pages"}],"about":[{"href":"https:\/\/start.luma.fi\/sv\/wp-json\/wp\/v2\/types\/page"}],"author":[{"embeddable":true,"href":"https:\/\/start.luma.fi\/sv\/wp-json\/wp\/v2\/users\/13"}],"replies":[{"embeddable":true,"href":"https:\/\/start.luma.fi\/sv\/wp-json\/wp\/v2\/comments?post=727"}],"version-history":[{"count":11,"href":"https:\/\/start.luma.fi\/sv\/wp-json\/wp\/v2\/pages\/727\/revisions"}],"predecessor-version":[{"id":2512,"href":"https:\/\/start.luma.fi\/sv\/wp-json\/wp\/v2\/pages\/727\/revisions\/2512"}],"up":[{"embeddable":true,"href":"https:\/\/start.luma.fi\/sv\/wp-json\/wp\/v2\/pages\/840"}],"wp:attachment":[{"href":"https:\/\/start.luma.fi\/sv\/wp-json\/wp\/v2\/media?parent=727"}],"curies":[{"name":"wp","href":"https:\/\/api.w.org\/{rel}","templated":true}]}}