{"id":840,"date":"2018-07-13T13:35:09","date_gmt":"2018-07-13T10:35:09","guid":{"rendered":"https:\/\/start.luma.fi\/sv\/?page_id=840"},"modified":"2022-08-26T14:48:18","modified_gmt":"2022-08-26T11:48:18","slug":"om-start","status":"publish","type":"page","link":"https:\/\/start.luma.fi\/sv\/om-start\/","title":{"rendered":"Om StarT"},"content":{"rendered":"\n<h1 class=\"wp-block-heading\">Om StarT<\/h1>\n\n\n<p>StarT \u00e4r en internationell och gemenskaplig verksamhetsmodell, d\u00e4r elever tillsammans l\u00e4r sig genom att genomf\u00f6ra tv\u00e4rvetenskapliga och fenomenbaserade projekt. StarTs m\u00e5lgrupp str\u00e4cker sig fr\u00e5n sm\u00e5barnspedagogiken till andra stadiet. Sedan 2016 har projektet haft deltagare fr\u00e5n \u00f6ver 65 l\u00e4nder.<\/p>\n<p>StarT bjuder in skolor, daghem, fritidsgrupper och familjer fr\u00e5n hela v\u00e4rlden f\u00f6r att delta i det glada och gemenskapliga l\u00e4randet. Dessutom har StarT samarbets- och deltagarm\u00f6jligheter f\u00f6r sakkunniga, studerande, f\u00f6reningar och f\u00f6retag &#8211; alla som har intresse f\u00f6r naturvetenskap, matematik och teknologi och vill st\u00f6da barnens l\u00e4rande och intresse inom dessa.<\/p>\n<p><strong>L\u00e4s\u00e5ret 2021-2022 i siffror: <\/strong><\/p>\n<ul>\n<li><strong>\u00f6ver 325&#8217;000 barn och unga<\/strong><\/li>\n<li><strong>7500 l\u00e4rare <\/strong><\/li>\n<li><strong>850 projektarbeten <\/strong><\/li>\n<li><strong>\u00a0750 undervisningsmodeller<\/strong><\/li>\n<\/ul>\n<p>F\u00f6rutom verksamheten erbjuder vi material, id\u00e9er och konkret st\u00f6d, till exempel avgiftsfri utbildning i genomf\u00f6randet av tv\u00e4rvetenskapliga och fenomenbaserade projekt.<\/p>\n<p>Verksamheten organiseras av universitetens vetenskaps- och teknologiutbildningsfr\u00e4mjande n\u00e4tverk <a href=\"https:\/\/www.luma.fi\/sv\/\">LUMA-center Finland<\/a> tillsammans med StarTs samarbetspartners.<\/p>\n<p>Verksamheten vann\u00a0Global Best Awards 2018 i STEM-kategorin\u00a0(Science, Technology, Engineering and Math) f\u00f6r b\u00e4sta europeiska vetenskapsutbildningsprojekt f\u00f6r enandet av arbetsliv och utbildning.<\/p>\n<div class=\"entry-content\">\n<h2>StarTs m\u00e5l och verksamhetsmodell<\/h2>\n<p><img loading=\"lazy\" decoding=\"async\" class=\" wp-image-630 alignright\" src=\"https:\/\/start.luma.fi\/sv\/files\/2018\/05\/StarTuusimaa2-1024x683-300x200.jpg\" sizes=\"auto, (max-width: 447px) 100vw, 447px\" srcset=\"https:\/\/start.luma.fi\/sv\/files\/2018\/05\/StarTuusimaa2-1024x683-300x200.jpg 300w, https:\/\/start.luma.fi\/sv\/files\/2018\/05\/StarTuusimaa2-1024x683-768x512.jpg 768w, https:\/\/start.luma.fi\/sv\/files\/2018\/05\/StarTuusimaa2-1024x683.jpg 1024w, https:\/\/start.luma.fi\/sv\/files\/2018\/05\/StarTuusimaa2-1024x683-720x480.jpg 720w\" alt=\"\" width=\"447\" height=\"298\" \/><\/p>\n<h3>1. StarT st\u00f6der tv\u00e4rvetenskapligt och gemenskapligt l\u00e4rande<\/h3>\n<p>StarTs huvudm\u00e5l \u00e4r att inf\u00f6ra i den finl\u00e4ndska uppfostrings- och undervisningsbranschen en ny tv\u00e4rvetenskaplig och gemenskaplig StarT-verksamhetskultur. StarT st\u00f6der m\u00e5len i den nya nationella l\u00e4roplanen. Fokus \u00e4r bl.a. p\u00e5 projektarbete, forskningsbaserade studier, enande undervisning, fenomenbaserade studier, f\u00e4ltundervisning, modern teknologi och undervisningsmilj\u00f6er som inte utnyttjas i skolorna. F\u00f6rutom detta st\u00f6der StarT\u00a0<span class=\"caps\">LUMA<\/span>-\u00e4mnens hobbyverksamhet i t.ex klubbar och familjer. StarT \u00e4r ett l\u00e5ngsiktigt projekt som ska inf\u00f6ras som en st\u00e4ndig del av\u00a0<span class=\"caps\">LUMA<\/span>-verksamheten. I skolor och daghem hoppas vi att StarT-modellen kommer integreras till institutionernas grundbyggstenar i l\u00e4roplanen. StarT ska vara ett gemensamt projekt f\u00f6r hela skolan eller uppfostringsenheten som en l\u00e4rande gemenskap.<\/p>\n<h3>2. Ahaa-upplevelser och gl\u00e4dje \u00f6ver gr\u00e4nserna<\/h3>\n<p>Projektet efterstr\u00e4var att \u00f6ver l\u00e4ro\u00e4mnenas gr\u00e4nser ge upphov till ahaa-upplevelser och skapa en l\u00e4rande gl\u00e4dje bland barn och unga. F\u00f6rutom detta uppmuntras man till deltagande, kreativ och inspirerande verksamhet tillsammans med olika akt\u00f6rer. Genom att bjuda med \u00e4ven andra l\u00e4nder att ta del av verksamheten f\u00e5r Finland positiv synlighet globalt. Skolor och daghem kan bjuda med samarbetsskolor fr\u00e5n andra l\u00e4nder. \u00c4ven finl\u00e4ndska daghem och skolor utomlands bjuds med i StarT. Skolor och daghem i olika omr\u00e5den uppmuntras till samarbete i hopp om att detta \u00f6kar k\u00e4nnedom om det egna landet och tolerans bland barn och unga.<\/p>\n<p>StarT visar framtidens m\u00f6jligheter och \u00f6kar k\u00e4nslan av gemenskap i Finland. StarT skapar en positiv anda och tron p\u00e5 en bra framtid i Finland. StarT-projektet respekterar \u00e4ven tidigare generationers traditioner och kunskap genom att lyfta fram finl\u00e4ndska experter, f\u00f6retag och innovationer.<\/p>\n<h3>3. Hela Finland l\u00e4r sig!<\/h3>\n<p>StarT n\u00e5r ut till barn och unga (3-19-\u00e5ringar), familjer, l\u00e4rare och andra handledare samt rektorer genom verksamheten eller media. I verksamheten deltar allt mellan sm\u00e5barnspedagogiken och andra stadiets utbildningar: daghem, grundskolor, gymnasier, yrkesskolor, samt andra skolor och klubbar.<\/p>\n<h3>4. I projekten l\u00e4r man sig teamarbete och kreativa tillv\u00e4gag\u00e5ngss\u00e4tt<\/h3>\n<p>StarT bygger i Finland upp ett modigt f\u00f6rs\u00f6k d\u00e4r tv\u00e4rvetenskapliga projektarbeten och skolan som en inl\u00e4rningsgemenskap m\u00f6ter StarT-verksamhetskulturen. I projektstudierna fokuserar man p\u00e5\u00a0sm\u00e5 och stora forskningar i LUMA-teman, d\u00e4r aktivering och flexibilitet \u00e4r i centrum. Som exempel kan konseptet \u201dDet h\u00e4r fungerar!\u201d (T\u00e4m\u00e4 Toimii!) n\u00e4mnas, d\u00e4r m\u00e5let att f\u00e5 en leksak att r\u00f6ra p\u00e5 sig. Beroende av \u00e5ldersgrupp genomf\u00f6r vi unders\u00f6kningar med anknytning till matematik, programmering och andra naturvetenskaper i samarbete med universitet och f\u00f6retag. F\u00f6r att \u00e4nnu utvidga p\u00e5 \u00e4mnesomr\u00e5dena kan man ocks\u00e5 g\u00f6ra n\u00e5gonting i stil med en vetenskapspj\u00e4s. I kreativ anda str\u00e4var vi efter att kombinera naturvetenskaper, matematik och teknologi samt andra vetenskaper och konst\u00e4mnen, som musik, bildkonst, drama och idrott m.m. Stj\u00e4rnteamen kan beroende av \u00e5ldersgrupp och projekt vara st\u00f6rre eller mindre.<\/p>\n<h3>5. I StarT \u00e4r alla inl\u00e4rningsgemenskaper med<\/h3>\n<p>StarT n\u00e5r ut till framtidens akt\u00f6rer \u2013 barnen och de unga \u2013 genom sm\u00e5barnspedagogiken, den grundl\u00e4ggande utbildningen och utbildningen p\u00e5 andra stadiet, samt genom andra inl\u00e4rningsgemenskaper som LUMA-centrets klubbar och l\u00e4ger, vetenskapscentraler, museer, bibliotek osv.<\/p>\n<h3>6. I StarT-evenemang l\u00e4r man sig och delar med sig av framg\u00e5ngens gl\u00e4dje<\/h3>\n<p>Det ordnas tre niv\u00e5er av StarT-vetenskapsdagar och festivaler d\u00e4r teamen sj\u00e4lv \u00e4r i rampljuset och presenterar sina innovativa projekt. Gemenskapen planerar och verkst\u00e4ller modeller f\u00f6r evenemangen som passar just dem. Barnen och de unga deltar sj\u00e4lva i planeringen av evenemangen och deras syn p\u00e5 projekten ska tas i beaktande.<\/p>\n<p>Kreativa och innovativa inl\u00e4rningsgemenskaper, l\u00e4rare\/handledare och team bel\u00f6nas enligt tema och niv\u00e5 lokalt, regionalt och nationellt. I StarT bel\u00f6nas 1) kreativa team\u00a0 2) god undervisningspraktik f\u00f6r utf\u00f6rande av StarT och StarT-dagar och 3) aktivaste kommunerna i StarT (inl\u00e4rningsgemenskaper\/ per inv\u00e5narantal). Priserna p\u00e5 lokal, regional, nationell och internationell niv\u00e5 publiceras mer ing\u00e5ende p\u00e5 h\u00f6sten. Innovativa projekt publiceras som videor och bilder p\u00e5 StarT-webbsidans materialbank.<\/p>\n<\/div>\n<h2>Unders\u00f6kning och projekt<\/h2>\n<p>StarT-verksamhetsmodellen fr\u00e4mjar universitetens vetenskaps- och teknologiutbildningar och \u00e4gs och uppr\u00e4tth\u00e5lls av LUMA-center Finland. StarT \u00e4r dessutom ett utvecklings- och unders\u00f6kningsprojekt f\u00f6r universiteten d\u00e4r man unders\u00f6ker helhetsskapande undervisning och projektstudier.<\/p>\n<p>Utvecklings- och unders\u00f6kningsarbetet g\u00f6rs i samarbete mellan universiteten. De mest centrala utomst\u00e5ende sponsorerna \u00e4r <a href=\"https:\/\/minedu.fi\/sv\/framsida\">Undervisnings- och kulturministeriet<\/a>\u00a0och <a href=\"http:\/\/techfinland100.fi\/\">Teknologiateollisuuden 100-vuotiss\u00e4\u00e4ti\u00f6<\/a>.<\/p>\n<p>En del av verksamheten \u00e4r exempelvis v\u00e5r hemsidas materialbank som fungerar som st\u00f6d f\u00f6r l\u00e4rare och fostrare. I materialbanken finns mycket material f\u00f6r naturvetenskaps-, matematik- och teknologiundervisningen samt projektstudier. Vi erbjuder dessutom utbildning till l\u00e4rare och l\u00e4rarstuderande.<\/p>\n<p><a href=\"https:\/\/suomi.luma.fi\/sv\/\">LUMA FINLAND-programmet<\/a><\/p>\n<p><a href=\"https:\/\/start.luma.fi\/sv\/dataskyddsbeskrivning\/\">L\u00e4s mer om dataskyddsbeskrivning<\/a>.<\/p>\n<p>\u00a0<\/p>","protected":false},"excerpt":{"rendered":"<p>Om StarT StarT \u00e4r en internationell och gemenskaplig verksamhetsmodell, d\u00e4r elever tillsammans l\u00e4r [&hellip;]<\/p>\n","protected":false},"author":13,"featured_media":0,"parent":0,"menu_order":0,"comment_status":"closed","ping_status":"closed","template":"","meta":{"footnotes":""},"class_list":["post-840","page","type-page","status-publish","hentry"],"_links":{"self":[{"href":"https:\/\/start.luma.fi\/sv\/wp-json\/wp\/v2\/pages\/840","targetHints":{"allow":["GET"]}}],"collection":[{"href":"https:\/\/start.luma.fi\/sv\/wp-json\/wp\/v2\/pages"}],"about":[{"href":"https:\/\/start.luma.fi\/sv\/wp-json\/wp\/v2\/types\/page"}],"author":[{"embeddable":true,"href":"https:\/\/start.luma.fi\/sv\/wp-json\/wp\/v2\/users\/13"}],"replies":[{"embeddable":true,"href":"https:\/\/start.luma.fi\/sv\/wp-json\/wp\/v2\/comments?post=840"}],"version-history":[{"count":12,"href":"https:\/\/start.luma.fi\/sv\/wp-json\/wp\/v2\/pages\/840\/revisions"}],"predecessor-version":[{"id":2541,"href":"https:\/\/start.luma.fi\/sv\/wp-json\/wp\/v2\/pages\/840\/revisions\/2541"}],"wp:attachment":[{"href":"https:\/\/start.luma.fi\/sv\/wp-json\/wp\/v2\/media?parent=840"}],"curies":[{"name":"wp","href":"https:\/\/api.w.org\/{rel}","templated":true}]}}